{"id":18,"date":"2026-02-14T13:06:33","date_gmt":"2026-02-14T13:06:33","guid":{"rendered":"http:\/\/tbmglwe.cluster100.hosting.ovh.net\/?post_type=product&#038;p=18"},"modified":"2026-03-08T18:45:50","modified_gmt":"2026-03-08T18:45:50","slug":"grece-negroponte-ile-grecque-deubee-en-1575-dapres-andre-thevet-1504-1592","status":"publish","type":"product","link":"https:\/\/artculture6.com\/index.php\/product\/grece-negroponte-ile-grecque-deubee-en-1575-dapres-andre-thevet-1504-1592\/","title":{"rendered":"Gr\u00e8ce N\u00e9groponte \u00eele grecque d&rsquo;Eub\u00e9e en 1575 d&rsquo;apr\u00e8s Andr\u00e9 Thevet (1504-1592)"},"content":{"rendered":"<p data-start=\"251\" data-end=\"404\">Gravure ancienne repr\u00e9sentant l\u2019\u00eele de N\u00e9groponte (aujourd\u2019hui Eub\u00e9e, Gr\u00e8ce), d\u2019apr\u00e8s Andr\u00e9 Thevet (1504-1592), cosmographe du roi Charles IX, vers 1575.<\/p>\n<p data-start=\"406\" data-end=\"751\">Cette carte insulaire figurative s\u2019inscrit dans la tradition des grandes cosmographies humanistes de la Renaissance. L\u2019\u00eele y est repr\u00e9sent\u00e9e de mani\u00e8re \u00e0 la fois symbolique et descriptive, m\u00ealant reliefs montagneux stylis\u00e9s, villages fortifi\u00e9s, \u00e9difices religieux, faune et navires en mer, dans une composition autant narrative que g\u00e9ographique.<\/p>\n<p data-start=\"753\" data-end=\"1112\">Andr\u00e9 Thevet, voyageur et \u00e9rudit fran\u00e7ais du XVIe si\u00e8cle, fut l\u2019un des principaux diffuseurs en France des savoirs issus des grandes explorations. Ses cartes, parfois approximatives selon les crit\u00e8res scientifiques modernes, t\u00e9moignent d\u2019une vision du monde encore marqu\u00e9e par l\u2019imaginaire m\u00e9di\u00e9val, mais pleinement humaniste dans son ambition encyclop\u00e9dique.<\/p>\n<p data-start=\"1114\" data-end=\"1164\">Xylographie. Impression ancienne sur papier verg\u00e9.<\/p>\n<p data-start=\"1166\" data-end=\"1206\">Dimensions de la gravure : 16 \u00d7 13,7 cm.<\/p>\n<p data-start=\"1208\" data-end=\"1326\">\u00c9tat : bon \u00e9tat g\u00e9n\u00e9ral compte tenu de l\u2019anciennet\u00e9 ; \u00e0 signaler un l\u00e9ger point de noirceur dans la partie inf\u00e9rieure.<\/p>\n<p data-start=\"1328\" data-end=\"1404\">Bel exemple de cartographie renaissante \u00e0 vocation d\u00e9corative et historique.<\/p>\n<p data-start=\"1328\" data-end=\"1404\">R\u00e9f\u00e9rence\u00a05214-91R663<\/p>\n","protected":false},"excerpt":{"rendered":"<p>Gravure ancienne repr\u00e9sentant N\u00e9groponte (\u00eele d\u2019Eub\u00e9e, Gr\u00e8ce),<br \/>\nd\u2019apr\u00e8s Andr\u00e9 Thevet (1504-1592), vers 1575.<\/p>\n<p>Carte insulaire figurative de la Renaissance.<br \/>\nImpression ancienne sur papier verg\u00e9.<br \/>\nBel exemple de cartographie humaniste du XVIe si\u00e8cle.<\/p>\n","protected":false},"featured_media":22,"comment_status":"open","ping_status":"closed","template":"","meta":[],"product_brand":[],"product_cat":[520,196],"product_tag":[26,33,32,35,28,34,29,27,31,30],"class_list":{"0":"post-18","1":"product","2":"type-product","3":"status-publish","4":"has-post-thumbnail","6":"product_cat-grece","7":"product_cat-par-zones-geographiques","8":"product_tag-andre-thevet","9":"product_tag-carte-insulaire","10":"product_tag-cartographie-ancienne","11":"product_tag-cosmographie","12":"product_tag-eubee","13":"product_tag-gravure-sur-bois","14":"product_tag-grece","15":"product_tag-negroponte","16":"product_tag-renaissance","17":"product_tag-xvie-siecle","19":"first","20":"instock","21":"shipping-taxable","22":"purchasable","23":"product-type-simple"},"_links":{"self":[{"href":"https:\/\/artculture6.com\/index.php\/wp-json\/wp\/v2\/product\/18","targetHints":{"allow":["GET"]}}],"collection":[{"href":"https:\/\/artculture6.com\/index.php\/wp-json\/wp\/v2\/product"}],"about":[{"href":"https:\/\/artculture6.com\/index.php\/wp-json\/wp\/v2\/types\/product"}],"replies":[{"embeddable":true,"href":"https:\/\/artculture6.com\/index.php\/wp-json\/wp\/v2\/comments?post=18"}],"wp:featuredmedia":[{"embeddable":true,"href":"https:\/\/artculture6.com\/index.php\/wp-json\/wp\/v2\/media\/22"}],"wp:attachment":[{"href":"https:\/\/artculture6.com\/index.php\/wp-json\/wp\/v2\/media?parent=18"}],"wp:term":[{"taxonomy":"product_brand","embeddable":true,"href":"https:\/\/artculture6.com\/index.php\/wp-json\/wp\/v2\/product_brand?post=18"},{"taxonomy":"product_cat","embeddable":true,"href":"https:\/\/artculture6.com\/index.php\/wp-json\/wp\/v2\/product_cat?post=18"},{"taxonomy":"product_tag","embeddable":true,"href":"https:\/\/artculture6.com\/index.php\/wp-json\/wp\/v2\/product_tag?post=18"}],"curies":[{"name":"wp","href":"https:\/\/api.w.org\/{rel}","templated":true}]}}