{"id":1782,"date":"2026-03-31T10:35:54","date_gmt":"2026-03-31T08:35:54","guid":{"rendered":"https:\/\/artculture6.com\/?post_type=product&#038;p=1782"},"modified":"2026-03-31T10:35:54","modified_gmt":"2026-03-31T08:35:54","slug":"antique-cluses-church-holy-water-font-lithograph-france-1864-haute-savoie","status":"publish","type":"product","link":"https:\/\/artculture6.com\/index.php\/product\/antique-cluses-church-holy-water-font-lithograph-france-1864-haute-savoie\/","title":{"rendered":"Antique Cluses Church Holy Water Font Lithograph France 1864 Haute-Savoie"},"content":{"rendered":"<p style=\"font-weight: 400;\">R\u00e9f\u00e9rence\u00a05400-50R790<\/p>\n<p style=\"font-weight: 400;\" data-start=\"571\" data-end=\"685\"><span data-start=\"571\" data-end=\"620\">B\u00c9NITIER DE L\u2019\u00c9GLISE DE CLUSES (Haute-Savoie)<\/span><br data-start=\"620\" data-end=\"623\" \/><span data-start=\"623\" data-end=\"685\">Lithographie ancienne vers 1864.<\/span><\/p>\n<p style=\"font-weight: 400;\" data-start=\"687\" data-end=\"950\">Int\u00e9ressante vue int\u00e9rieure de l\u2019\u00e9glise de Cluses, mettant en valeur un b\u00e9nitier sculpt\u00e9 richement orn\u00e9, ainsi que l\u2019architecture gothique de la nef.<br data-start=\"836\" data-end=\"839\" \/>La sc\u00e8ne est anim\u00e9e par des personnages, offrant un t\u00e9moignage vivant de la pratique religieuse au XIXe si\u00e8cle.\u00a0Cette composition illustre le soin apport\u00e9 aux d\u00e9tails architecturaux et d\u00e9coratifs dans les grandes s\u00e9ries lithographiques fran\u00e7aises.<\/p>\n<p style=\"font-weight: 400;\" data-start=\"1089\" data-end=\"1177\">Attribu\u00e9e \u00e0 la s\u00e9rie de\u00a0<span data-start=\"1113\" data-end=\"1130\">F\u00e9lix Benoist<\/span>, c\u00e9l\u00e8bre pour ses vues pr\u00e9cises du patrimoine.<\/p>\n<p style=\"font-weight: 400;\" data-start=\"1378\" data-end=\"1454\">Pi\u00e8ce int\u00e9ressante pour collectionneur ou amateur d\u2019architecture religieuse.<\/p>\n<ul>\n<li style=\"font-weight: 400;\" data-end=\"1048\" data-section-id=\"1jo6tvs\" data-start=\"1022\">La feuille fait \u00a0: 45,7 cm \u00d7 32,7 cm<\/li>\n<li style=\"font-weight: 400;\" data-end=\"1073\" data-section-id=\"wleyr8\" data-start=\"1049\">La gravure seule fait : 29\u00a0\u00d7 32,7 cm<\/li>\n<\/ul>\n","protected":false},"excerpt":{"rendered":"<p>Antique lithograph of Cluses church interior, Haute Savoie, France, 1864.<br data-start=\"471\" data-end=\"474\" \/>Detailed view with holy water font and figures. Good condition.<\/p>\n","protected":false},"featured_media":1783,"comment_status":"open","ping_status":"closed","template":"","meta":[],"product_brand":[],"product_cat":[521,459,554],"product_tag":[998,737,1119,1118,1112,1114,1003,1117,631,1092,1116,815,1100,1113,985,1097,1115,1120,1121,1098],"class_list":{"0":"post-1782","1":"product","2":"type-product","3":"status-publish","4":"has-post-thumbnail","6":"product_cat-gravures-xix-siecle","7":"product_cat-haute-savoie","8":"product_cat-lithographie","9":"product_tag-19th-century-print","10":"product_tag-antique-print","11":"product_tag-architecture-interior","12":"product_tag-catholic-church","13":"product_tag-church-interior","14":"product_tag-cluses","15":"product_tag-collectible-print","16":"product_tag-european-church","17":"product_tag-fine-art-print","18":"product_tag-france-antique","19":"product_tag-gothic-church","20":"product_tag-haute-savoie","21":"product_tag-historic-france","22":"product_tag-holy-water-font","23":"product_tag-lithograph","24":"product_tag-old-engraving","25":"product_tag-religious-art","26":"product_tag-religious-scene","27":"product_tag-sacred-art","28":"product_tag-wall-decor-vintage","30":"first","31":"instock","32":"shipping-taxable","33":"purchasable","34":"product-type-simple"},"_links":{"self":[{"href":"https:\/\/artculture6.com\/index.php\/wp-json\/wp\/v2\/product\/1782","targetHints":{"allow":["GET"]}}],"collection":[{"href":"https:\/\/artculture6.com\/index.php\/wp-json\/wp\/v2\/product"}],"about":[{"href":"https:\/\/artculture6.com\/index.php\/wp-json\/wp\/v2\/types\/product"}],"replies":[{"embeddable":true,"href":"https:\/\/artculture6.com\/index.php\/wp-json\/wp\/v2\/comments?post=1782"}],"wp:featuredmedia":[{"embeddable":true,"href":"https:\/\/artculture6.com\/index.php\/wp-json\/wp\/v2\/media\/1783"}],"wp:attachment":[{"href":"https:\/\/artculture6.com\/index.php\/wp-json\/wp\/v2\/media?parent=1782"}],"wp:term":[{"taxonomy":"product_brand","embeddable":true,"href":"https:\/\/artculture6.com\/index.php\/wp-json\/wp\/v2\/product_brand?post=1782"},{"taxonomy":"product_cat","embeddable":true,"href":"https:\/\/artculture6.com\/index.php\/wp-json\/wp\/v2\/product_cat?post=1782"},{"taxonomy":"product_tag","embeddable":true,"href":"https:\/\/artculture6.com\/index.php\/wp-json\/wp\/v2\/product_tag?post=1782"}],"curies":[{"name":"wp","href":"https:\/\/api.w.org\/{rel}","templated":true}]}}