{"id":1776,"date":"2026-03-31T10:19:25","date_gmt":"2026-03-31T08:19:25","guid":{"rendered":"https:\/\/artculture6.com\/?post_type=product&#038;p=1776"},"modified":"2026-03-31T10:21:33","modified_gmt":"2026-03-31T08:21:33","slug":"antique-pas-de-lechelle-mont-saleve-france-1864-alpine-view-haute-savoie","status":"publish","type":"product","link":"https:\/\/artculture6.com\/index.php\/product\/antique-pas-de-lechelle-mont-saleve-france-1864-alpine-view-haute-savoie\/","title":{"rendered":"Antique Pas de l&rsquo;Echelle Mont Saleve France 1864 Alpine View Haute-Savoie"},"content":{"rendered":"<p style=\"font-weight: 400;\">R\u00e9f\u00e9rence\u00a05400-49R790<\/p>\n<p style=\"font-weight: 400;\" data-start=\"582\" data-end=\"699\"><span data-start=\"582\" data-end=\"634\">LE PAS-DE-L\u2019\u00c9CHELLE Mont Sal\u00e8ve (Haute-Savoie)<\/span><br data-start=\"634\" data-end=\"637\" \/><span data-start=\"637\" data-end=\"699\">Lithographie ancienne vers 1864 .\u00a0<\/span>Spectaculaire vue du passage du Pas-de-l\u2019\u00c9chelle sur les pentes du Mont Sal\u00e8ve, dominant la vall\u00e9e genevoise.<\/p>\n<p style=\"font-weight: 400;\" data-start=\"701\" data-end=\"969\">La sc\u00e8ne repr\u00e9sente un chemin escarp\u00e9 creus\u00e9 dans la roche, anim\u00e9 par des figures, offrant un panorama remarquable sur la plaine et les m\u00e9andres du paysage.<\/p>\n<p style=\"font-weight: 400;\" data-start=\"971\" data-end=\"1096\">Cette composition illustre parfaitement le go\u00fbt du XIXe si\u00e8cle pour les paysages alpins grandioses et les sites pittoresques.\u00a0Attribu\u00e9e \u00e0 la s\u00e9rie de\u00a0<span data-start=\"1122\" data-end=\"1139\">F\u00e9lix Benoist<\/span>, c\u00e9l\u00e8bre pour ses vues topographiques pr\u00e9cises et d\u00e9taill\u00e9es.<\/p>\n<p style=\"font-weight: 400;\" data-start=\"1412\" data-end=\"1481\">Pi\u00e8ce tr\u00e8s d\u00e9corative et recherch\u00e9e pour son caract\u00e8re spectaculaire.<\/p>\n<ul>\n<li style=\"font-weight: 400;\" data-end=\"1048\" data-section-id=\"1jo6tvs\" data-start=\"1022\">La feuille fait \u00a0: 41,5 cm \u00d7 30,3 cm<\/li>\n<li style=\"font-weight: 400;\" data-end=\"1073\" data-section-id=\"wleyr8\" data-start=\"1049\">La gravure seule fait : 31,7\u00a0\u00d7 22,5 cm<\/li>\n<\/ul>\n","protected":false},"excerpt":{"rendered":"<p>Antique lithograph of Pas de l\u2019Echelle, Mont Saleve (France), 1864.<br data-start=\"477\" data-end=\"480\" \/>Dramatic alpine cliff path with panoramic landscape. Good condition.<\/p>\n","protected":false},"featured_media":1777,"comment_status":"open","ping_status":"closed","template":"","meta":[],"product_brand":[],"product_cat":[521,459,554],"product_tag":[998,999,1079,737,1108,1003,1109,1096,631,1092,815,1110,1100,985,1106,1107,1097,1105,1111,1098],"class_list":{"0":"post-1776","1":"product","2":"type-product","3":"status-publish","4":"has-post-thumbnail","6":"product_cat-gravures-xix-siecle","7":"product_cat-haute-savoie","8":"product_cat-lithographie","9":"product_tag-19th-century-print","10":"product_tag-alpine-landscape","11":"product_tag-alpine-view","12":"product_tag-antique-print","13":"product_tag-cliff-view","14":"product_tag-collectible-print","15":"product_tag-dramatic-scenery","16":"product_tag-european-print","17":"product_tag-fine-art-print","18":"product_tag-france-antique","19":"product_tag-haute-savoie","20":"product_tag-hiking-path","21":"product_tag-historic-france","22":"product_tag-lithograph","23":"product_tag-mont-saleve","24":"product_tag-mountain-path","25":"product_tag-old-engraving","26":"product_tag-pas-de-lechelle","27":"product_tag-scenic-view","28":"product_tag-wall-decor-vintage","30":"first","31":"instock","32":"shipping-taxable","33":"purchasable","34":"product-type-simple"},"_links":{"self":[{"href":"https:\/\/artculture6.com\/index.php\/wp-json\/wp\/v2\/product\/1776","targetHints":{"allow":["GET"]}}],"collection":[{"href":"https:\/\/artculture6.com\/index.php\/wp-json\/wp\/v2\/product"}],"about":[{"href":"https:\/\/artculture6.com\/index.php\/wp-json\/wp\/v2\/types\/product"}],"replies":[{"embeddable":true,"href":"https:\/\/artculture6.com\/index.php\/wp-json\/wp\/v2\/comments?post=1776"}],"wp:featuredmedia":[{"embeddable":true,"href":"https:\/\/artculture6.com\/index.php\/wp-json\/wp\/v2\/media\/1777"}],"wp:attachment":[{"href":"https:\/\/artculture6.com\/index.php\/wp-json\/wp\/v2\/media?parent=1776"}],"wp:term":[{"taxonomy":"product_brand","embeddable":true,"href":"https:\/\/artculture6.com\/index.php\/wp-json\/wp\/v2\/product_brand?post=1776"},{"taxonomy":"product_cat","embeddable":true,"href":"https:\/\/artculture6.com\/index.php\/wp-json\/wp\/v2\/product_cat?post=1776"},{"taxonomy":"product_tag","embeddable":true,"href":"https:\/\/artculture6.com\/index.php\/wp-json\/wp\/v2\/product_tag?post=1776"}],"curies":[{"name":"wp","href":"https:\/\/api.w.org\/{rel}","templated":true}]}}