{"id":1769,"date":"2026-03-30T18:11:14","date_gmt":"2026-03-30T16:11:14","guid":{"rendered":"https:\/\/artculture6.com\/?post_type=product&#038;p=1769"},"modified":"2026-03-30T18:11:14","modified_gmt":"2026-03-30T16:11:14","slug":"antique-evian-lake-geneva-lithograph-haute-savoie-france-1864","status":"publish","type":"product","link":"https:\/\/artculture6.com\/index.php\/product\/antique-evian-lake-geneva-lithograph-haute-savoie-france-1864\/","title":{"rendered":"Antique Evian Lake Geneva Lithograph Haute Savoie France 1864"},"content":{"rendered":"<p style=\"font-weight: 400;\">R\u00e9f\u00e9rence\u00a05400-47R790<\/p>\n<p style=\"font-weight: 400;\" data-start=\"536\" data-end=\"648\"><span data-start=\"536\" data-end=\"583\">EVIAN \u2013 Sur le Lac de Gen\u00e8ve (Haute-Savoie)<\/span><\/p>\n<p style=\"font-weight: 400;\" data-start=\"650\" data-end=\"926\">Tr\u00e8s belle repr\u00e9sentation en lithographie de 1864 d\u2019\u00c9vian-les-Bains, c\u00e9l\u00e8bre station thermale situ\u00e9e sur les rives du lac L\u00e9man.<br data-start=\"754\" data-end=\"757\" \/>La sc\u00e8ne anim\u00e9e de barques et d\u2019embarcations traditionnelles illustre la vie lacustre au XIXe si\u00e8cle, avec en arri\u00e8re-plan le paysage alpin caract\u00e9ristique de la r\u00e9gion.<\/p>\n<p style=\"font-weight: 400;\" data-start=\"928\" data-end=\"1069\">Pi\u00e8ce id\u00e9ale pour collectionneur ou d\u00e9coration murale raffin\u00e9e.<\/p>\n<ul>\n<li style=\"font-weight: 400;\" data-section-id=\"1jo6tvs\" data-start=\"1022\" data-end=\"1048\">La feuille fait \u00a0: 47,5 cm \u00d7 32,6 cm.<\/li>\n<li style=\"font-weight: 400;\" data-section-id=\"wleyr8\" data-start=\"1049\" data-end=\"1073\">La gravure seule fait : 32\u00a0\u00d7 21,1 cm.<\/li>\n<\/ul>\n<p>&nbsp;<\/p>\n","protected":false},"excerpt":{"rendered":"<p>evian, lake geneva, leman lake, antique print, lithograph, france antique, haute savoie, alpine landscape, 19th century print, french village, boats lake, harbor scene, spa town evian, european print, old engraving, wall decor vintage, collectible print, historic france, fine art print, lakeside view<\/p>\n","protected":false},"featured_media":1770,"comment_status":"open","ping_status":"closed","template":"","meta":[],"product_brand":[],"product_cat":[521,459,554],"product_tag":[998,999,737,1095,1003,1096,1101,631,1092,1093,1102,815,1100,1067,1104,1090,985,1097,1103,1098],"class_list":{"0":"post-1769","1":"product","2":"type-product","3":"status-publish","4":"has-post-thumbnail","6":"product_cat-gravures-xix-siecle","7":"product_cat-haute-savoie","8":"product_cat-lithographie","9":"product_tag-19th-century-print","10":"product_tag-alpine-landscape","11":"product_tag-antique-print","12":"product_tag-boats-lake","13":"product_tag-collectible-print","14":"product_tag-european-print","15":"product_tag-evian","16":"product_tag-fine-art-print","17":"product_tag-france-antique","18":"product_tag-french-village","19":"product_tag-harbor-scene","20":"product_tag-haute-savoie","21":"product_tag-historic-france","22":"product_tag-lake-geneva","23":"product_tag-lakeside-view","24":"product_tag-leman-lake","25":"product_tag-lithograph","26":"product_tag-old-engraving","27":"product_tag-spa-town-evian","28":"product_tag-wall-decor-vintage","30":"first","31":"instock","32":"shipping-taxable","33":"purchasable","34":"product-type-simple"},"_links":{"self":[{"href":"https:\/\/artculture6.com\/index.php\/wp-json\/wp\/v2\/product\/1769","targetHints":{"allow":["GET"]}}],"collection":[{"href":"https:\/\/artculture6.com\/index.php\/wp-json\/wp\/v2\/product"}],"about":[{"href":"https:\/\/artculture6.com\/index.php\/wp-json\/wp\/v2\/types\/product"}],"replies":[{"embeddable":true,"href":"https:\/\/artculture6.com\/index.php\/wp-json\/wp\/v2\/comments?post=1769"}],"wp:featuredmedia":[{"embeddable":true,"href":"https:\/\/artculture6.com\/index.php\/wp-json\/wp\/v2\/media\/1770"}],"wp:attachment":[{"href":"https:\/\/artculture6.com\/index.php\/wp-json\/wp\/v2\/media?parent=1769"}],"wp:term":[{"taxonomy":"product_brand","embeddable":true,"href":"https:\/\/artculture6.com\/index.php\/wp-json\/wp\/v2\/product_brand?post=1769"},{"taxonomy":"product_cat","embeddable":true,"href":"https:\/\/artculture6.com\/index.php\/wp-json\/wp\/v2\/product_cat?post=1769"},{"taxonomy":"product_tag","embeddable":true,"href":"https:\/\/artculture6.com\/index.php\/wp-json\/wp\/v2\/product_tag?post=1769"}],"curies":[{"name":"wp","href":"https:\/\/api.w.org\/{rel}","templated":true}]}}