{"id":1751,"date":"2026-03-30T17:01:26","date_gmt":"2026-03-30T15:01:26","guid":{"rendered":"https:\/\/artculture6.com\/?post_type=product&#038;p=1751"},"modified":"2026-03-30T17:04:04","modified_gmt":"2026-03-30T15:04:04","slug":"antique-1864-aulps-abbey-ruins-lithograph-haute-savoie-france-alpine","status":"publish","type":"product","link":"https:\/\/artculture6.com\/index.php\/product\/antique-1864-aulps-abbey-ruins-lithograph-haute-savoie-france-alpine\/","title":{"rendered":"Antique 1864 Aulps Abbey Ruins Lithograph Haute Savoie France Alpine"},"content":{"rendered":"<p style=\"font-weight: 400;\">R\u00e9f\u00e9rence\u00a05400-43R790<\/p>\n<p style=\"font-weight: 400;\" data-start=\"201\" data-end=\"355\">Belle lithographie ancienne repr\u00e9sentant une vue pittoresque du\u00a0<span data-start=\"265\" data-end=\"303\">village et de l\u2019ABBAYE D&rsquo;AULPS Vall\u00e9e du Biot.<\/span>, situ\u00e9e en Haute-Savoie, dans les Alpes fran\u00e7aises.\u00a0La composition offre une vue anim\u00e9e du village avec l\u2019abbaye au premier plan, dans un cadre montagneux typique des Alpes savoyardes. L\u2019ensemble pr\u00e9sente un int\u00e9r\u00eat \u00e0 la fois documentaire et d\u00e9coratif.<\/p>\n<ul>\n<li style=\"font-weight: 400;\" data-section-id=\"1jo6tvs\" data-start=\"1022\" data-end=\"1048\">La feuille fait \u00a0: 47,7 cm \u00d7 32 cm<\/li>\n<li style=\"font-weight: 400;\" data-section-id=\"wleyr8\" data-start=\"1049\" data-end=\"1073\">Image : 31,7 \u00d7 23 cm<\/li>\n<\/ul>\n","protected":false},"excerpt":{"rendered":"<p>Antique 1864 lithograph of the ruins of Aulps Abbey in the Biot Valley (Haute-Savoie, France). Decorative alpine landscape. Good condition.<\/p>\n","protected":false},"featured_media":1756,"comment_status":"open","ping_status":"closed","template":"","meta":[],"product_brand":[],"product_cat":[521,459,554],"product_tag":[998,1086,1079,1028,997,737,1003,1085,1002,1082,1083,815,1055,1084],"class_list":{"0":"post-1751","1":"product","2":"type-product","3":"status-publish","4":"has-post-thumbnail","6":"product_cat-gravures-xix-siecle","7":"product_cat-haute-savoie","8":"product_cat-lithographie","9":"product_tag-19th-century-print","10":"product_tag-abbey-ruins","11":"product_tag-alpine-view","12":"product_tag-alpine-village","13":"product_tag-antique-lithograph","14":"product_tag-antique-print","15":"product_tag-collectible-print","16":"product_tag-decorative-art","17":"product_tag-european-landscape","18":"product_tag-france-print","19":"product_tag-french-landscape","20":"product_tag-haute-savoie","21":"product_tag-mountain-view","22":"product_tag-old-print","24":"first","25":"instock","26":"shipping-taxable","27":"purchasable","28":"product-type-simple"},"_links":{"self":[{"href":"https:\/\/artculture6.com\/index.php\/wp-json\/wp\/v2\/product\/1751","targetHints":{"allow":["GET"]}}],"collection":[{"href":"https:\/\/artculture6.com\/index.php\/wp-json\/wp\/v2\/product"}],"about":[{"href":"https:\/\/artculture6.com\/index.php\/wp-json\/wp\/v2\/types\/product"}],"replies":[{"embeddable":true,"href":"https:\/\/artculture6.com\/index.php\/wp-json\/wp\/v2\/comments?post=1751"}],"wp:featuredmedia":[{"embeddable":true,"href":"https:\/\/artculture6.com\/index.php\/wp-json\/wp\/v2\/media\/1756"}],"wp:attachment":[{"href":"https:\/\/artculture6.com\/index.php\/wp-json\/wp\/v2\/media?parent=1751"}],"wp:term":[{"taxonomy":"product_brand","embeddable":true,"href":"https:\/\/artculture6.com\/index.php\/wp-json\/wp\/v2\/product_brand?post=1751"},{"taxonomy":"product_cat","embeddable":true,"href":"https:\/\/artculture6.com\/index.php\/wp-json\/wp\/v2\/product_cat?post=1751"},{"taxonomy":"product_tag","embeddable":true,"href":"https:\/\/artculture6.com\/index.php\/wp-json\/wp\/v2\/product_tag?post=1751"}],"curies":[{"name":"wp","href":"https:\/\/api.w.org\/{rel}","templated":true}]}}