{"id":1737,"date":"2026-03-29T17:01:14","date_gmt":"2026-03-29T15:01:14","guid":{"rendered":"https:\/\/artculture6.com\/?post_type=product&#038;p=1737"},"modified":"2026-03-29T17:01:15","modified_gmt":"2026-03-29T15:01:15","slug":"lost-rhone-river-view-pre-1959-genissiat-dam-french-alps-haute-savoie-1864","status":"publish","type":"product","link":"https:\/\/artculture6.com\/index.php\/product\/lost-rhone-river-view-pre-1959-genissiat-dam-french-alps-haute-savoie-1864\/","title":{"rendered":"Lost Rh\u00f4ne River View Pre 1959 G\u00e9nissiat Dam French Alps Haute-Savoie 1864"},"content":{"rendered":"<p style=\"font-weight: 400;\">R\u00e9f\u00e9rence\u00a05400-41R790<\/p>\n<p style=\"font-weight: 400;\">Je vous propose cette lithographie originale vers 1864\u00a0repr\u00e9sentant\u00a0le remarquable ph\u00e9nom\u00e8ne naturel qui \u00e9tait connu sous le nom de \u00ab Perte du Rh\u00f4ne \u00bb, o\u00f9 le Rh\u00f4ne disparaissait dans un \u00e9troit passage rocheux pr\u00e8s de la fronti\u00e8re suisse, en Haute-Savoie.<\/p>\n<p style=\"font-weight: 400;\">Cette vue pr\u00e9sente un int\u00e9r\u00eat historique particulier, car le site fut submerg\u00e9 suite \u00e0 la construction du barrage de G\u00e9nissiat, achev\u00e9 en 1959. Elle repr\u00e9sente ainsi une portion disparue du Rh\u00f4ne, ce qui rend cette estampe particuli\u00e8rement recherch\u00e9e par les collectionneurs de paysages disparus et de g\u00e9ographie historique.<\/p>\n<ul>\n<li style=\"font-weight: 400;\" data-section-id=\"1seth6z\" data-start=\"1644\" data-end=\"1669\">Sheet: 47.5 \u00d7 32,8 cm<\/li>\n<li style=\"font-weight: 400;\" data-section-id=\"1b18pk8\" data-start=\"1670\" data-end=\"1695\">Image: 30,3 \u00d7 22,6 cm<\/li>\n<\/ul>\n","protected":false},"excerpt":{"rendered":"<p data-start=\"277\" data-end=\"500\"><strong data-start=\"277\" data-end=\"433\">Antique 19th century lithograph of \u201cLa Perte du Rh\u00f4ne\u201d, a historic site later submerged after the construction of the G\u00e9nissiat dam (completed in 1959).<\/strong><br data-start=\"433\" data-end=\"436\" \/>From the <em data-start=\"445\" data-end=\"461\">Nice et Savoie<\/em> series by F\u00e9lix Benoist, circa 1860.<\/p>\n<p data-start=\"502\" data-end=\"595\"><strong data-start=\"502\" data-end=\"512\">Sheet:<\/strong> 47.5 \u00d7 32.8 cm \u2013 <strong data-start=\"530\" data-end=\"540\">Image:<\/strong> 30.3 \u00d7 22.6 cm<br data-start=\"555\" data-end=\"558\" \/>Good condition with light age toning.<\/p>\n","protected":false},"featured_media":1738,"comment_status":"open","ping_status":"closed","template":"","meta":[],"product_brand":[],"product_cat":[549,521,459,554],"product_tag":[1073,998,1053,997,1003,834,984,1072,815,1078,1074,1071,1070,1077,1075,1076,1022],"class_list":{"0":"post-1737","1":"product","2":"type-product","3":"status-publish","4":"has-post-thumbnail","6":"product_cat-gravures-par-siecles","7":"product_cat-gravures-xix-siecle","8":"product_cat-haute-savoie","9":"product_cat-lithographie","10":"product_tag-1959-dam","11":"product_tag-19th-century-print","12":"product_tag-alps-landscape","13":"product_tag-antique-lithograph","14":"product_tag-collectible-print","15":"product_tag-felix-benoist","16":"product_tag-french-alps","17":"product_tag-genissiat-dam","18":"product_tag-haute-savoie","19":"product_tag-historic-geography","20":"product_tag-lost-landscape","21":"product_tag-perte-du-rhone","22":"product_tag-rhone-river","23":"product_tag-river-gorge","24":"product_tag-submerged-site","25":"product_tag-vanished-landscape","26":"product_tag-vintage-print","28":"first","29":"instock","30":"shipping-taxable","31":"purchasable","32":"product-type-simple"},"_links":{"self":[{"href":"https:\/\/artculture6.com\/index.php\/wp-json\/wp\/v2\/product\/1737","targetHints":{"allow":["GET"]}}],"collection":[{"href":"https:\/\/artculture6.com\/index.php\/wp-json\/wp\/v2\/product"}],"about":[{"href":"https:\/\/artculture6.com\/index.php\/wp-json\/wp\/v2\/types\/product"}],"replies":[{"embeddable":true,"href":"https:\/\/artculture6.com\/index.php\/wp-json\/wp\/v2\/comments?post=1737"}],"wp:featuredmedia":[{"embeddable":true,"href":"https:\/\/artculture6.com\/index.php\/wp-json\/wp\/v2\/media\/1738"}],"wp:attachment":[{"href":"https:\/\/artculture6.com\/index.php\/wp-json\/wp\/v2\/media?parent=1737"}],"wp:term":[{"taxonomy":"product_brand","embeddable":true,"href":"https:\/\/artculture6.com\/index.php\/wp-json\/wp\/v2\/product_brand?post=1737"},{"taxonomy":"product_cat","embeddable":true,"href":"https:\/\/artculture6.com\/index.php\/wp-json\/wp\/v2\/product_cat?post=1737"},{"taxonomy":"product_tag","embeddable":true,"href":"https:\/\/artculture6.com\/index.php\/wp-json\/wp\/v2\/product_tag?post=1737"}],"curies":[{"name":"wp","href":"https:\/\/api.w.org\/{rel}","templated":true}]}}