{"id":1725,"date":"2026-03-28T14:21:31","date_gmt":"2026-03-28T13:21:31","guid":{"rendered":"https:\/\/artculture6.com\/?post_type=product&#038;p=1725"},"modified":"2026-03-28T14:21:32","modified_gmt":"2026-03-28T13:21:32","slug":"thonon-allinges-castle-ruins-french-alps-haute-savoie-lithograph-french-1864","status":"publish","type":"product","link":"https:\/\/artculture6.com\/index.php\/product\/thonon-allinges-castle-ruins-french-alps-haute-savoie-lithograph-french-1864\/","title":{"rendered":"Thonon Allinges Castle Ruins French Alps Haute-Savoie Lithograph French 1864"},"content":{"rendered":"<p style=\"font-weight: 400;\">R\u00e9f\u00e9rence\u00a05400-40R790<\/p>\n<p style=\"font-weight: 400;\">Je vous propose cette lithographie originale vers 1864\u00a0repr\u00e9sentant les\u00a0ruines du ch\u00e2teaux et de la chapelle des Allinges,\u00a0sites historiques dominant la r\u00e9gion du lac L\u00e9man pr\u00e8s de Thonon-les-Bains en Haute-Savoie.<\/p>\n<p style=\"font-weight: 400;\">La composition met en valeur les ruines pittoresques perch\u00e9es sur un promontoire rocheux, avec l&rsquo;immensit\u00e9 du lac s&rsquo;\u00e9tendant \u00e0 perte de vue. Le contraste entre l&rsquo;architecture m\u00e9di\u00e9vale et le paysage serein refl\u00e8te la sensibilit\u00e9 romantique de l&rsquo;\u00e9poque et la fascination croissante pour les sites historiques et les voyages d&rsquo;agr\u00e9ment.<\/p>\n<p style=\"font-weight: 400;\">Une sc\u00e8ne alpine tr\u00e8s d\u00e9corative et \u00e9vocatrice, alliant int\u00e9r\u00eat architectural et panorama.<\/p>\n<ul>\n<li style=\"font-weight: 400;\" data-section-id=\"1seth6z\" data-start=\"1644\" data-end=\"1669\">Sheet: 47.5 \u00d7 31,7 cm<\/li>\n<li style=\"font-weight: 400;\" data-section-id=\"1b18pk8\" data-start=\"1670\" data-end=\"1695\">Image: 32 \u00d7 21.3 cm<\/li>\n<\/ul>\n","protected":false},"excerpt":{"rendered":"<p data-start=\"192\" data-end=\"362\"><strong data-start=\"192\" data-end=\"295\">Antique 19th century lithograph of the Ch\u00e2teaux et Chapelle des Allinges near Thonon (French Alps).<\/strong><br data-start=\"295\" data-end=\"298\" \/>From the <em data-start=\"307\" data-end=\"323\">Nice et Savoie<\/em> series by F\u00e9lix Benoist, circa 1860.<\/p>\n<p data-start=\"364\" data-end=\"457\"><strong data-start=\"364\" data-end=\"374\">Sheet:<\/strong> 47.5 \u00d7 32.8 cm \u2013 <strong data-start=\"392\" data-end=\"402\">Image:<\/strong> 32.2 \u00d7 21.4 cm<br data-start=\"417\" data-end=\"420\" \/>Good condition with light age toning.<\/p>\n","protected":false},"featured_media":1726,"comment_status":"open","ping_status":"closed","template":"","meta":[],"product_brand":[],"product_cat":[521,459,554],"product_tag":[998,1066,999,997,1045,1003,1002,834,984,815,1069,1067,1068,1025,1047,1022],"class_list":{"0":"post-1725","1":"product","2":"type-product","3":"status-publish","4":"has-post-thumbnail","6":"product_cat-gravures-xix-siecle","7":"product_cat-haute-savoie","8":"product_cat-lithographie","9":"product_tag-19th-century-print","10":"product_tag-allinges-castle","11":"product_tag-alpine-landscape","12":"product_tag-antique-lithograph","13":"product_tag-chateau-ruins","14":"product_tag-collectible-print","15":"product_tag-european-landscape","16":"product_tag-felix-benoist","17":"product_tag-french-alps","18":"product_tag-haute-savoie","19":"product_tag-historic-architecture","20":"product_tag-lake-geneva","21":"product_tag-medieval-ruins","22":"product_tag-savoy-france","23":"product_tag-thonon-les-bains","24":"product_tag-vintage-print","26":"first","27":"instock","28":"shipping-taxable","29":"purchasable","30":"product-type-simple"},"_links":{"self":[{"href":"https:\/\/artculture6.com\/index.php\/wp-json\/wp\/v2\/product\/1725","targetHints":{"allow":["GET"]}}],"collection":[{"href":"https:\/\/artculture6.com\/index.php\/wp-json\/wp\/v2\/product"}],"about":[{"href":"https:\/\/artculture6.com\/index.php\/wp-json\/wp\/v2\/types\/product"}],"replies":[{"embeddable":true,"href":"https:\/\/artculture6.com\/index.php\/wp-json\/wp\/v2\/comments?post=1725"}],"wp:featuredmedia":[{"embeddable":true,"href":"https:\/\/artculture6.com\/index.php\/wp-json\/wp\/v2\/media\/1726"}],"wp:attachment":[{"href":"https:\/\/artculture6.com\/index.php\/wp-json\/wp\/v2\/media?parent=1725"}],"wp:term":[{"taxonomy":"product_brand","embeddable":true,"href":"https:\/\/artculture6.com\/index.php\/wp-json\/wp\/v2\/product_brand?post=1725"},{"taxonomy":"product_cat","embeddable":true,"href":"https:\/\/artculture6.com\/index.php\/wp-json\/wp\/v2\/product_cat?post=1725"},{"taxonomy":"product_tag","embeddable":true,"href":"https:\/\/artculture6.com\/index.php\/wp-json\/wp\/v2\/product_tag?post=1725"}],"curies":[{"name":"wp","href":"https:\/\/api.w.org\/{rel}","templated":true}]}}