{"id":1719,"date":"2026-03-28T14:17:11","date_gmt":"2026-03-28T13:17:11","guid":{"rendered":"https:\/\/artculture6.com\/?post_type=product&#038;p=1719"},"modified":"2026-03-28T14:17:11","modified_gmt":"2026-03-28T13:17:11","slug":"cruseilles-bridge-la-caille-haute-savoie-antique-suspension-french-alps-c-1864","status":"publish","type":"product","link":"https:\/\/artculture6.com\/index.php\/product\/cruseilles-bridge-la-caille-haute-savoie-antique-suspension-french-alps-c-1864\/","title":{"rendered":"Cruseilles Bridge La Caille Haute-Savoie Antique Suspension French Alps c 1864"},"content":{"rendered":"<p style=\"font-weight: 400;\">R\u00e9f\u00e9rence\u00a05400-39R790<\/p>\n<p style=\"font-weight: 400;\">Je vous propose cette lithographie originale vers 1864\u00a0repr\u00e9sentant\u00a0le site spectaculaire du pont suspendu et des thermes de La Caille, pr\u00e8s de Cruseilles en Haute-Savoie, un lieu remarquable connu pour ses gorges profondes, sa cascade et ses ouvrages d&rsquo;art anciens.<\/p>\n<p style=\"font-weight: 400;\">La composition allie la beaut\u00e9 de la nature et l&rsquo;ing\u00e9niosit\u00e9 humaine : une puissante cascade se jetant dans une gorge rocheuse, surplomb\u00e9e par un pont suspendu primitif \u2013 embl\u00e8me de l&rsquo;innovation du XIXe si\u00e8cle. La pr\u00e9sence de personnages et de b\u00e2timents souligne l&rsquo;attrait du site pour les voyageurs et les thermaux.<\/p>\n<p style=\"font-weight: 400;\">Une sc\u00e8ne alpine saisissante et charg\u00e9e d&rsquo;histoire, tr\u00e8s d\u00e9corative et recherch\u00e9e par les collectionneurs de vues de montagne et d&rsquo;images de voyage anciennes.<\/p>\n<p style=\"font-weight: 400;\">La feuille fait\u00a047.7 cm \u00d7 32.7 cm<\/p>\n<ul>\n<li style=\"font-weight: 400;\" data-section-id=\"1vscro4\" data-start=\"1775\" data-end=\"1798\">La gravure seule fait 31.4 cm \u00d7 22 cm<\/li>\n<\/ul>\n","protected":false},"excerpt":{"rendered":"<p data-start=\"203\" data-end=\"384\"><strong data-start=\"203\" data-end=\"317\">ntique 19th century lithograph of the Suspension Bridge and Baths of La Caille near Cruseilles (French Alps).<\/strong><br data-start=\"317\" data-end=\"320\" \/>From the <em data-start=\"329\" data-end=\"345\">Nice et Savoie<\/em> series by F\u00e9lix Benoist, circa 1860.<\/p>\n<p data-start=\"386\" data-end=\"477\"><strong data-start=\"386\" data-end=\"396\">Sheet:<\/strong> 47.7 \u00d7 32.7 cm \u2013 <strong data-start=\"414\" data-end=\"424\">Image:<\/strong> 31.4 \u00d7 22 cm<br data-start=\"437\" data-end=\"440\" \/>Good condition with light age toning.<\/p>\n","protected":false},"featured_media":1720,"comment_status":"open","ping_status":"closed","template":"","meta":[],"product_brand":[],"product_cat":[459,554],"product_tag":[998,1064,1053,997,1003,1061,1002,834,984,1063,815,1065,1059,1055,1025,1060,1022,1062],"class_list":{"0":"post-1719","1":"product","2":"type-product","3":"status-publish","4":"has-post-thumbnail","6":"product_cat-haute-savoie","7":"product_cat-lithographie","8":"product_tag-19th-century-print","9":"product_tag-alpine-scenery","10":"product_tag-alps-landscape","11":"product_tag-antique-lithograph","12":"product_tag-collectible-print","13":"product_tag-cruseilles","14":"product_tag-european-landscape","15":"product_tag-felix-benoist","16":"product_tag-french-alps","17":"product_tag-gorge-landscape","18":"product_tag-haute-savoie","19":"product_tag-historic-bridge","20":"product_tag-la-caille-bridge","21":"product_tag-mountain-view","22":"product_tag-savoy-france","23":"product_tag-suspension-bridge","24":"product_tag-vintage-print","25":"product_tag-waterfall-lithograph","27":"first","28":"instock","29":"shipping-taxable","30":"purchasable","31":"product-type-simple"},"_links":{"self":[{"href":"https:\/\/artculture6.com\/index.php\/wp-json\/wp\/v2\/product\/1719","targetHints":{"allow":["GET"]}}],"collection":[{"href":"https:\/\/artculture6.com\/index.php\/wp-json\/wp\/v2\/product"}],"about":[{"href":"https:\/\/artculture6.com\/index.php\/wp-json\/wp\/v2\/types\/product"}],"replies":[{"embeddable":true,"href":"https:\/\/artculture6.com\/index.php\/wp-json\/wp\/v2\/comments?post=1719"}],"wp:featuredmedia":[{"embeddable":true,"href":"https:\/\/artculture6.com\/index.php\/wp-json\/wp\/v2\/media\/1720"}],"wp:attachment":[{"href":"https:\/\/artculture6.com\/index.php\/wp-json\/wp\/v2\/media?parent=1719"}],"wp:term":[{"taxonomy":"product_brand","embeddable":true,"href":"https:\/\/artculture6.com\/index.php\/wp-json\/wp\/v2\/product_brand?post=1719"},{"taxonomy":"product_cat","embeddable":true,"href":"https:\/\/artculture6.com\/index.php\/wp-json\/wp\/v2\/product_cat?post=1719"},{"taxonomy":"product_tag","embeddable":true,"href":"https:\/\/artculture6.com\/index.php\/wp-json\/wp\/v2\/product_tag?post=1719"}],"curies":[{"name":"wp","href":"https:\/\/api.w.org\/{rel}","templated":true}]}}