{"id":1712,"date":"2026-03-28T11:36:59","date_gmt":"2026-03-28T10:36:59","guid":{"rendered":"https:\/\/artculture6.com\/?post_type=product&#038;p=1712"},"modified":"2026-03-28T11:37:00","modified_gmt":"2026-03-28T10:37:00","slug":"mont-blanc-aiguilles-rouges-buet-summit-french-alps-haute-savoie-c-1860-alpes","status":"publish","type":"product","link":"https:\/\/artculture6.com\/index.php\/product\/mont-blanc-aiguilles-rouges-buet-summit-french-alps-haute-savoie-c-1860-alpes\/","title":{"rendered":"Mont Blanc Aiguilles Rouges Buet Summit French Alps Haute-Savoie c 1860 Alpes"},"content":{"rendered":"<p style=\"font-weight: 400;\">R\u00e9f\u00e9rence\u00a05400-38R790<\/p>\n<p style=\"font-weight: 400;\">Je vous propose cette lithographie originale vers 1864\u00a0repr\u00e9sentant\u00a0\u00a0le Mont Blanc et les Aiguilles Rouges, vue du sommet du Buet.<\/p>\n<p style=\"font-weight: 400;\">La composition met en sc\u00e8ne des alpinistes traversant une cr\u00eate de haute altitude, soulignant \u00e0 la fois la grandeur du milieu alpin et l&rsquo;essor de l&rsquo;exploration de la montagne \u00e0 cette \u00e9poque. La finesse de la technique lithographique restitue avec une remarquable pr\u00e9cision les d\u00e9tails des sommets rocheux et des formations glaciaires.<\/p>\n<p style=\"font-weight: 400;\">Sc\u00e8ne alpine tr\u00e8s d\u00e9corative et d&rsquo;une grande importance historique, elle s\u00e9duira les collectionneurs de vues de montagne et d&rsquo;images t\u00e9moignant des d\u00e9buts du tourisme.<\/p>\n<ul>\n<li style=\"font-weight: 400;\" data-section-id=\"8ne05i\" data-start=\"1749\" data-end=\"1774\">La feuille fait \u00a044.5 cm\u00d7 32.6 cm<\/li>\n<li style=\"font-weight: 400;\" data-section-id=\"mkls39\" data-start=\"1775\" data-end=\"1798\">La gravure seule fait 31 \u00d7 22.5 cm<\/li>\n<\/ul>\n","protected":false},"excerpt":{"rendered":"<p data-start=\"212\" data-end=\"403\"><strong data-start=\"212\" data-end=\"336\">Antique 19th century lithograph of Mont Blanc and the Aiguilles Rouges, viewed from the summit of Le Buet (French Alps).<\/strong><br data-start=\"336\" data-end=\"339\" \/>From the <em data-start=\"348\" data-end=\"364\">Nice et Savoie<\/em> series by F\u00e9lix Benoist, circa 1860.<\/p>\n<p data-start=\"405\" data-end=\"496\"><strong data-start=\"405\" data-end=\"415\">Sheet:<\/strong> 44.5 \u00d7 32.6 cm \u2013 <strong data-start=\"433\" data-end=\"443\">Image:<\/strong> 31 \u00d7 22.5 cm<br data-start=\"456\" data-end=\"459\" \/>Good condition with light age toning.<\/p>\n","protected":false},"featured_media":1713,"comment_status":"open","ping_status":"closed","template":"","meta":[],"product_brand":[],"product_cat":[521,459,554],"product_tag":[998,1051,1054,1053,997,1057,1003,834,984,942,815,1052,941,1055,1056,1058,1025,1022],"class_list":{"0":"post-1712","1":"product","2":"type-product","3":"status-publish","4":"has-post-thumbnail","6":"product_cat-gravures-xix-siecle","7":"product_cat-haute-savoie","8":"product_cat-lithographie","9":"product_tag-19th-century-print","10":"product_tag-aiguilles-rouges","11":"product_tag-alpine-lithograph","12":"product_tag-alps-landscape","13":"product_tag-antique-lithograph","14":"product_tag-chamonix-valley","15":"product_tag-collectible-print","16":"product_tag-felix-benoist","17":"product_tag-french-alps","18":"product_tag-glacier","19":"product_tag-haute-savoie","20":"product_tag-le-buet","21":"product_tag-mont-blanc","22":"product_tag-mountain-view","23":"product_tag-mountaineering","24":"product_tag-panoramic-landscape","25":"product_tag-savoy-france","26":"product_tag-vintage-print","28":"first","29":"instock","30":"shipping-taxable","31":"purchasable","32":"product-type-simple"},"_links":{"self":[{"href":"https:\/\/artculture6.com\/index.php\/wp-json\/wp\/v2\/product\/1712","targetHints":{"allow":["GET"]}}],"collection":[{"href":"https:\/\/artculture6.com\/index.php\/wp-json\/wp\/v2\/product"}],"about":[{"href":"https:\/\/artculture6.com\/index.php\/wp-json\/wp\/v2\/types\/product"}],"replies":[{"embeddable":true,"href":"https:\/\/artculture6.com\/index.php\/wp-json\/wp\/v2\/comments?post=1712"}],"wp:featuredmedia":[{"embeddable":true,"href":"https:\/\/artculture6.com\/index.php\/wp-json\/wp\/v2\/media\/1713"}],"wp:attachment":[{"href":"https:\/\/artculture6.com\/index.php\/wp-json\/wp\/v2\/media?parent=1712"}],"wp:term":[{"taxonomy":"product_brand","embeddable":true,"href":"https:\/\/artculture6.com\/index.php\/wp-json\/wp\/v2\/product_brand?post=1712"},{"taxonomy":"product_cat","embeddable":true,"href":"https:\/\/artculture6.com\/index.php\/wp-json\/wp\/v2\/product_cat?post=1712"},{"taxonomy":"product_tag","embeddable":true,"href":"https:\/\/artculture6.com\/index.php\/wp-json\/wp\/v2\/product_tag?post=1712"}],"curies":[{"name":"wp","href":"https:\/\/api.w.org\/{rel}","templated":true}]}}