{"id":1705,"date":"2026-03-28T11:07:38","date_gmt":"2026-03-28T10:07:38","guid":{"rendered":"https:\/\/artculture6.com\/?post_type=product&#038;p=1705"},"modified":"2026-03-28T11:32:32","modified_gmt":"2026-03-28T10:32:32","slug":"lully-thonon-ruins-chateau-de-la-rochette-c-1860-antique-french-alps-haute-savoie","status":"publish","type":"product","link":"https:\/\/artculture6.com\/index.php\/product\/lully-thonon-ruins-chateau-de-la-rochette-c-1860-antique-french-alps-haute-savoie\/","title":{"rendered":"Lully Thonon Ruins Chateau de la Rochette c 1860 Antique French Alps Haute-Savoie"},"content":{"rendered":"<p style=\"font-weight: 400;\">R\u00e9f\u00e9rence 5400-37R790<\/p>\n<p style=\"font-weight: 400;\">Je vous propose cette lithographie originale vers 1864\u00a0repr\u00e9sentant\u00a0\u00a0Ruines du ch\u00e2teau de la Rochette, Lully pr\u00e8s de Thonon, Haute-Savoie<\/p>\n<p style=\"font-weight: 400;\">La composition m\u00eale la pittoresque vie rurale aux ruines romantiques, caract\u00e9ristique du go\u00fbt du XIXe si\u00e8cle pour les paysages historiques, conf\u00e9rant \u00e0 cette estampe une valeur \u00e0 la fois d\u00e9corative et charg\u00e9e d&rsquo;histoire.<\/p>\n<ul>\n<li style=\"font-weight: 400;\" data-section-id=\"id0tzx\" data-start=\"1549\" data-end=\"1572\">La feuille fait: 47.5 cm \u00d7 32 cm<\/li>\n<li style=\"font-weight: 400;\" data-section-id=\"qpy4jb\" data-start=\"1573\" data-end=\"1596\">la gravure seule: 30.5 \u00d7 21 cm<\/li>\n<\/ul>\n","protected":false},"excerpt":{"rendered":"<p data-start=\"252\" data-end=\"450\"><strong data-start=\"252\" data-end=\"383\">Antique 19th century lithograph depicting the ruins of Ch\u00e2teau de la Rochette in Lully near Thonon, French Alps (Haute-Savoie).<\/strong><br data-start=\"383\" data-end=\"386\" \/>From the <em data-start=\"395\" data-end=\"411\">Nice et Savoie<\/em> series by F\u00e9lix Benoist, circa 1860.<\/p>\n<p data-start=\"452\" data-end=\"541\"><strong data-start=\"452\" data-end=\"462\">Sheet:<\/strong> 47.5 \u00d7 32 cm \u2013 <strong data-start=\"478\" data-end=\"488\">Image:<\/strong> 30.5 \u00d7 21 cm<\/p>\n","protected":false},"featured_media":1706,"comment_status":"open","ping_status":"closed","template":"","meta":[],"product_brand":[],"product_cat":[521,459,554],"product_tag":[993,999,990,997,1044,1045,1003,834,984,815,1049,1046,1050,1048,1025,1047,1022],"class_list":{"0":"post-1705","1":"product","2":"type-product","3":"status-publish","4":"has-post-thumbnail","6":"product_cat-gravures-xix-siecle","7":"product_cat-haute-savoie","8":"product_cat-lithographie","9":"product_tag-19th-century","10":"product_tag-alpine-landscape","11":"product_tag-alps","12":"product_tag-antique-lithograph","13":"product_tag-chateau-de-la-rochelle","14":"product_tag-chateau-ruins","15":"product_tag-collectible-print","16":"product_tag-felix-benoist","17":"product_tag-french-alps","18":"product_tag-haute-savoie","19":"product_tag-historic-site","20":"product_tag-lully","21":"product_tag-romantic-landscape","22":"product_tag-ruins","23":"product_tag-savoy-france","24":"product_tag-thonon-les-bains","25":"product_tag-vintage-print","27":"first","28":"instock","29":"shipping-taxable","30":"purchasable","31":"product-type-simple"},"_links":{"self":[{"href":"https:\/\/artculture6.com\/index.php\/wp-json\/wp\/v2\/product\/1705","targetHints":{"allow":["GET"]}}],"collection":[{"href":"https:\/\/artculture6.com\/index.php\/wp-json\/wp\/v2\/product"}],"about":[{"href":"https:\/\/artculture6.com\/index.php\/wp-json\/wp\/v2\/types\/product"}],"replies":[{"embeddable":true,"href":"https:\/\/artculture6.com\/index.php\/wp-json\/wp\/v2\/comments?post=1705"}],"wp:featuredmedia":[{"embeddable":true,"href":"https:\/\/artculture6.com\/index.php\/wp-json\/wp\/v2\/media\/1706"}],"wp:attachment":[{"href":"https:\/\/artculture6.com\/index.php\/wp-json\/wp\/v2\/media?parent=1705"}],"wp:term":[{"taxonomy":"product_brand","embeddable":true,"href":"https:\/\/artculture6.com\/index.php\/wp-json\/wp\/v2\/product_brand?post=1705"},{"taxonomy":"product_cat","embeddable":true,"href":"https:\/\/artculture6.com\/index.php\/wp-json\/wp\/v2\/product_cat?post=1705"},{"taxonomy":"product_tag","embeddable":true,"href":"https:\/\/artculture6.com\/index.php\/wp-json\/wp\/v2\/product_tag?post=1705"}],"curies":[{"name":"wp","href":"https:\/\/api.w.org\/{rel}","templated":true}]}}