{"id":1699,"date":"2026-03-28T11:02:59","date_gmt":"2026-03-28T10:02:59","guid":{"rendered":"https:\/\/artculture6.com\/?post_type=product&#038;p=1699"},"modified":"2026-03-28T11:03:00","modified_gmt":"2026-03-28T10:03:00","slug":"sallanches-mont-blanc-aiguille-de-varan-alps-haute-savoie-antique-french-alpes","status":"publish","type":"product","link":"https:\/\/artculture6.com\/index.php\/product\/sallanches-mont-blanc-aiguille-de-varan-alps-haute-savoie-antique-french-alpes\/","title":{"rendered":"Sallanches Mont Blanc Aiguille de Varan Alps Haute-Savoie Antique French Alpes"},"content":{"rendered":"<p style=\"font-weight: 400;\">R\u00e9f\u00e9rence\u00a05400-35R790<\/p>\n<p style=\"font-weight: 400;\">Je vous propose cette lithographie originale vers 1864\u00a0repr\u00e9sentant\u00a0Sallanches, avec une vue remarquable sur le Mont Blanc et l&rsquo;Aiguille de Varan, en Haute-Savoie, dans les Alpes fran\u00e7aises.<\/p>\n<p style=\"font-weight: 400;\">La composition offre une large perspective panoramique m\u00ealant vie villageoise, paysages cultiv\u00e9s et majestueux panorama alpin, conf\u00e9rant \u00e0 cette estampe une valeur \u00e0 la fois d\u00e9corative et historique.<\/p>\n<p data-end=\"1356\" data-start=\"1244\">Dimensions la feuille fait\u00a0:\u00a046 cm \u00d7 32 cm<\/p>\n<p data-end=\"1424\" data-start=\"1358\">La gravure seule fait:\u00a032 \u00d7 21.5\u00a0cm<\/p>\n<p data-end=\"1547\" data-start=\"1426\">Une pi\u00e8ce de choix pour collectionneurs, amateurs de paysages alpins ou d\u00e9coration int\u00e9rieure de style montagne et chalet.<\/p>\n","protected":false},"excerpt":{"rendered":"<p data-start=\"438\" data-end=\"635\">Antique 19th century lithograph depicting <strong data-start=\"480\" data-end=\"532\">Sallanches with Mont Blanc and Aiguille de Varan<\/strong>, in the French Alps (Haute-Savoie).<br data-start=\"568\" data-end=\"571\" \/>From the <em data-start=\"580\" data-end=\"596\">Nice et Savoie<\/em> series by F\u00e9lix Benoist, circa 1860.<\/p>\n<p data-start=\"637\" data-end=\"716\">Sheet: 46 \u00d7 32 cm \u2013 Image: 32 \u00d7 21.5 cm<br data-start=\"676\" data-end=\"679\" \/>Good condition with light age toning.<\/p>\n","protected":false},"featured_media":1700,"comment_status":"open","ping_status":"closed","template":"","meta":[],"product_brand":[],"product_cat":[459,554],"product_tag":[993,1043,999,990,997,1003,834,984,815,941,1012,1001,1042,1025,1022],"class_list":{"0":"post-1699","1":"product","2":"type-product","3":"status-publish","4":"has-post-thumbnail","6":"product_cat-haute-savoie","7":"product_cat-lithographie","8":"product_tag-19th-century","9":"product_tag-aiguille-de-varan","10":"product_tag-alpine-landscape","11":"product_tag-alps","12":"product_tag-antique-lithograph","13":"product_tag-collectible-print","14":"product_tag-felix-benoist","15":"product_tag-french-alps","16":"product_tag-haute-savoie","17":"product_tag-mont-blanc","18":"product_tag-mountain-scenery","19":"product_tag-panoramic-view","20":"product_tag-sallanches","21":"product_tag-savoy-france","22":"product_tag-vintage-print","24":"first","25":"instock","26":"shipping-taxable","27":"purchasable","28":"product-type-simple"},"_links":{"self":[{"href":"https:\/\/artculture6.com\/index.php\/wp-json\/wp\/v2\/product\/1699","targetHints":{"allow":["GET"]}}],"collection":[{"href":"https:\/\/artculture6.com\/index.php\/wp-json\/wp\/v2\/product"}],"about":[{"href":"https:\/\/artculture6.com\/index.php\/wp-json\/wp\/v2\/types\/product"}],"replies":[{"embeddable":true,"href":"https:\/\/artculture6.com\/index.php\/wp-json\/wp\/v2\/comments?post=1699"}],"wp:featuredmedia":[{"embeddable":true,"href":"https:\/\/artculture6.com\/index.php\/wp-json\/wp\/v2\/media\/1700"}],"wp:attachment":[{"href":"https:\/\/artculture6.com\/index.php\/wp-json\/wp\/v2\/media?parent=1699"}],"wp:term":[{"taxonomy":"product_brand","embeddable":true,"href":"https:\/\/artculture6.com\/index.php\/wp-json\/wp\/v2\/product_brand?post=1699"},{"taxonomy":"product_cat","embeddable":true,"href":"https:\/\/artculture6.com\/index.php\/wp-json\/wp\/v2\/product_cat?post=1699"},{"taxonomy":"product_tag","embeddable":true,"href":"https:\/\/artculture6.com\/index.php\/wp-json\/wp\/v2\/product_tag?post=1699"}],"curies":[{"name":"wp","href":"https:\/\/api.w.org\/{rel}","templated":true}]}}