{"id":1691,"date":"2026-03-27T02:46:56","date_gmt":"2026-03-27T01:46:56","guid":{"rendered":"https:\/\/artculture6.com\/?post_type=product&#038;p=1691"},"modified":"2026-03-27T02:46:57","modified_gmt":"2026-03-27T01:46:57","slug":"saint-gervais-les-bains-lithographe-haute-savoie-alpes-france","status":"publish","type":"product","link":"https:\/\/artculture6.com\/index.php\/product\/saint-gervais-les-bains-lithographe-haute-savoie-alpes-france\/","title":{"rendered":"Saint Gervais Les Bains Lithographe Haute-Savoie Alpes France"},"content":{"rendered":"<p style=\"font-weight: 400;\">R\u00e9f\u00e9rence\u00a05400-36R790<\/p>\n<p style=\"font-weight: 400;\">Je vous propose cette lithographie originale vers 1864\u00a0repr\u00e9sentant\u00a0Saint-Gervais-les-Bains, l&rsquo;une des stations thermales les plus r\u00e9put\u00e9es des Alpes fran\u00e7aises. La composition saisit l&rsquo;\u00e9l\u00e9gance des b\u00e2timents thermaux se d\u00e9tachant sur un paysage forestier montagneux, anim\u00e9 par des personnages et des sc\u00e8nes de la vie quotidienne typiques de l&rsquo;\u00e9poque.<\/p>\n<p style=\"font-weight: 400;\">L&rsquo;estampe allie d\u00e9tails architecturaux et paysage alpin, ce qui en fait une pi\u00e8ce \u00e0 la fois d\u00e9corative et historique.<\/p>\n<p style=\"font-weight: 400;\">Dimensions :la feuille fait\u00a0: 47,5 \u00d7 32,5 cm, la gravure seule: 33,3 \u00d7 21,6 cm<\/p>\n<p>&nbsp;<\/p>\n","protected":false},"excerpt":{"rendered":"<p data-start=\"121\" data-end=\"339\"><strong data-start=\"121\" data-end=\"218\">Antique 19th century lithograph of Saint-Gervais-les-Bains in the French Alps (Haute-Savoie).<\/strong><br data-start=\"218\" data-end=\"221\" \/>Part of the <em data-start=\"233\" data-end=\"249\">Nice et Savoie<\/em> series by F\u00e9lix Benoist, depicting the famous thermal spa resort and alpine architecture.<\/p>\n<p data-start=\"341\" data-end=\"434\"><strong data-start=\"341\" data-end=\"351\">Sheet:<\/strong> 47.5 \u00d7 32.5 cm \u2013 <strong data-start=\"369\" data-end=\"379\">Image:<\/strong> 33.3 \u00d7 21.6 cm<\/p>\n","protected":false},"featured_media":1692,"comment_status":"open","ping_status":"closed","template":"","meta":[],"product_brand":[],"product_cat":[511,521,459,554],"product_tag":[993,999,1028,990,997,1029,1003,834,984,815,1030,1012,1024,1023,1025,1026,1027,1031,1022],"class_list":{"0":"post-1691","1":"product","2":"type-product","3":"status-publish","4":"has-post-thumbnail","6":"product_cat-gravures-anciennes","7":"product_cat-gravures-xix-siecle","8":"product_cat-haute-savoie","9":"product_cat-lithographie","10":"product_tag-19th-century","11":"product_tag-alpine-landscape","12":"product_tag-alpine-village","13":"product_tag-alps","14":"product_tag-antique-lithograph","15":"product_tag-architecture","16":"product_tag-collectible-print","17":"product_tag-felix-benoist","18":"product_tag-french-alps","19":"product_tag-haute-savoie","20":"product_tag-historic-buildings","21":"product_tag-mountain-scenery","22":"product_tag-saint-gervais","23":"product_tag-saint-gervais-les-bains","24":"product_tag-savoy-france","25":"product_tag-spa-town","26":"product_tag-thermal-spa","27":"product_tag-travel-print","28":"product_tag-vintage-print","30":"first","31":"instock","32":"shipping-taxable","33":"purchasable","34":"product-type-simple"},"_links":{"self":[{"href":"https:\/\/artculture6.com\/index.php\/wp-json\/wp\/v2\/product\/1691","targetHints":{"allow":["GET"]}}],"collection":[{"href":"https:\/\/artculture6.com\/index.php\/wp-json\/wp\/v2\/product"}],"about":[{"href":"https:\/\/artculture6.com\/index.php\/wp-json\/wp\/v2\/types\/product"}],"replies":[{"embeddable":true,"href":"https:\/\/artculture6.com\/index.php\/wp-json\/wp\/v2\/comments?post=1691"}],"wp:featuredmedia":[{"embeddable":true,"href":"https:\/\/artculture6.com\/index.php\/wp-json\/wp\/v2\/media\/1692"}],"wp:attachment":[{"href":"https:\/\/artculture6.com\/index.php\/wp-json\/wp\/v2\/media?parent=1691"}],"wp:term":[{"taxonomy":"product_brand","embeddable":true,"href":"https:\/\/artculture6.com\/index.php\/wp-json\/wp\/v2\/product_brand?post=1691"},{"taxonomy":"product_cat","embeddable":true,"href":"https:\/\/artculture6.com\/index.php\/wp-json\/wp\/v2\/product_cat?post=1691"},{"taxonomy":"product_tag","embeddable":true,"href":"https:\/\/artculture6.com\/index.php\/wp-json\/wp\/v2\/product_tag?post=1691"}],"curies":[{"name":"wp","href":"https:\/\/api.w.org\/{rel}","templated":true}]}}