{"id":1687,"date":"2026-03-26T19:39:44","date_gmt":"2026-03-26T18:39:44","guid":{"rendered":"https:\/\/artculture6.com\/?post_type=product&#038;p=1687"},"modified":"2026-03-26T19:39:44","modified_gmt":"2026-03-26T18:39:44","slug":"sixt-cascade-du-rouget-ou-cascade-du-rozet-lithograph-haute-savoie-alpes-france","status":"publish","type":"product","link":"https:\/\/artculture6.com\/index.php\/product\/sixt-cascade-du-rouget-ou-cascade-du-rozet-lithograph-haute-savoie-alpes-france\/","title":{"rendered":"Sixt cascade du Rouget ou Cascade du Rozet Lithograph Haute-Savoie Alpes France"},"content":{"rendered":"<p style=\"font-weight: 400;\">R\u00e9f\u00e9rence\u00a05400-34R790<\/p>\n<p style=\"font-weight: 400;\">Je vous propose cette lithographie originale vers 1864\u00a0repr\u00e9sentant\u00a0la spectaculaire cascade du Rouget (\u00e9galement appel\u00e9e cascade du Rozet), situ\u00e9e pr\u00e8s de Sixt, en Haute-Savoie, dans les Alpes fran\u00e7aises.<\/p>\n<p style=\"font-weight: 400;\">Publi\u00e9e vers 1860, cette composition saisit la puissance dramatique de la cascade se jetant dans un paysage alpin rocheux, anim\u00e9 par de petits personnages qui soulignent l&rsquo;\u00e9chelle et la grandeur du site.<\/p>\n<p style=\"font-weight: 400;\">La gravure allie pr\u00e9cision et atmosph\u00e8re, caract\u00e9ristiques de la production lithographique fran\u00e7aise du milieu du XIXe si\u00e8cle, et est tr\u00e8s recherch\u00e9e par les collectionneurs de vues alpines et de paysages historiques.<\/p>\n<p style=\"font-weight: 400;\">Dimensions : la feuille fait: 44,3 \u00d7 31,7 cm<\/p>\n<p style=\"font-weight: 400;\">La gravure seule fait : 31,7 \u00d7 21,4 cm<\/p>\n","protected":false},"excerpt":{"rendered":"<p data-start=\"85\" data-end=\"396\"><strong data-start=\"85\" data-end=\"212\">Antique 19th century lithograph depicting the famous Rouget (Rozet) waterfall near Sixt, in the French Alps (Haute-Savoie).<\/strong><br data-start=\"212\" data-end=\"215\" \/>Part of the <em data-start=\"227\" data-end=\"243\">Nice et Savoie<\/em> series, illustrated by F\u00e9lix Benoist, this finely detailed alpine landscape captures the power and beauty of one of the region\u2019s most iconic waterfalls.<\/p>\n<p data-start=\"398\" data-end=\"434\">Hand-colored lithograph, circa 1860.<\/p>\n<p data-start=\"436\" data-end=\"543\"><strong data-start=\"436\" data-end=\"451\">Dimensions:<\/strong> Sheet 44.3 \u00d7 31.7 cm \u2013 Image 31.7 \u00d7 21.4 cm<br data-start=\"495\" data-end=\"498\" \/>Good antique condition with light age toning.<\/p>\n","protected":false},"featured_media":1688,"comment_status":"open","ping_status":"closed","template":"","meta":[],"product_brand":[],"product_cat":[521,459,554],"product_tag":[993,999,990,997,1003,834,987,984,815,1012,1021,1020,1018,1019,991,936,1022,1016],"class_list":{"0":"post-1687","1":"product","2":"type-product","3":"status-publish","4":"has-post-thumbnail","6":"product_cat-gravures-xix-siecle","7":"product_cat-haute-savoie","8":"product_cat-lithographie","9":"product_tag-19th-century","10":"product_tag-alpine-landscape","11":"product_tag-alps","12":"product_tag-antique-lithograph","13":"product_tag-collectible-print","14":"product_tag-felix-benoist","15":"product_tag-france","16":"product_tag-french-alps","17":"product_tag-haute-savoie","18":"product_tag-mountain-scenery","19":"product_tag-nature","20":"product_tag-river","21":"product_tag-rouget-waterfall","22":"product_tag-rozet-waterfall","23":"product_tag-savoy","24":"product_tag-sixt-fer-a-cheval","25":"product_tag-vintage-print","26":"product_tag-waterfall","28":"first","29":"instock","30":"shipping-taxable","31":"purchasable","32":"product-type-simple"},"_links":{"self":[{"href":"https:\/\/artculture6.com\/index.php\/wp-json\/wp\/v2\/product\/1687","targetHints":{"allow":["GET"]}}],"collection":[{"href":"https:\/\/artculture6.com\/index.php\/wp-json\/wp\/v2\/product"}],"about":[{"href":"https:\/\/artculture6.com\/index.php\/wp-json\/wp\/v2\/types\/product"}],"replies":[{"embeddable":true,"href":"https:\/\/artculture6.com\/index.php\/wp-json\/wp\/v2\/comments?post=1687"}],"wp:featuredmedia":[{"embeddable":true,"href":"https:\/\/artculture6.com\/index.php\/wp-json\/wp\/v2\/media\/1688"}],"wp:attachment":[{"href":"https:\/\/artculture6.com\/index.php\/wp-json\/wp\/v2\/media?parent=1687"}],"wp:term":[{"taxonomy":"product_brand","embeddable":true,"href":"https:\/\/artculture6.com\/index.php\/wp-json\/wp\/v2\/product_brand?post=1687"},{"taxonomy":"product_cat","embeddable":true,"href":"https:\/\/artculture6.com\/index.php\/wp-json\/wp\/v2\/product_cat?post=1687"},{"taxonomy":"product_tag","embeddable":true,"href":"https:\/\/artculture6.com\/index.php\/wp-json\/wp\/v2\/product_tag?post=1687"}],"curies":[{"name":"wp","href":"https:\/\/api.w.org\/{rel}","templated":true}]}}