{"id":1673,"date":"2026-03-26T03:20:44","date_gmt":"2026-03-26T02:20:44","guid":{"rendered":"https:\/\/artculture6.com\/?post_type=product&#038;p=1673"},"modified":"2026-03-26T03:20:44","modified_gmt":"2026-03-26T02:20:44","slug":"sixt-haute-savoie-fond-de-la-combe-mont-ruant-france-1864-antique-alpes-france","status":"publish","type":"product","link":"https:\/\/artculture6.com\/index.php\/product\/sixt-haute-savoie-fond-de-la-combe-mont-ruant-france-1864-antique-alpes-france\/","title":{"rendered":"Sixt Haute-Savoie Fond de la Combe Mont Ruant France 1864 Antique Alpes France"},"content":{"rendered":"<p style=\"font-weight: 400;\">R\u00e9f\u00e9rence\u00a05400-32R790<\/p>\n<p style=\"font-weight: 400;\">Je vous propose cette lithographie originale vers 1864\u00a0repr\u00e9sentant\u00a0Fond de la Combe et le Mont Ruant en Vall\u00e9e de Sixt (Haute-Savoie).<\/p>\n<p style=\"font-weight: 400;\">Cette sc\u00e8ne alpine saisissante repr\u00e9sente le paysage accident\u00e9 de la vall\u00e9e de Sixt, pr\u00e8s du c\u00e9l\u00e8bre Cirque du Fer-\u00e0-Cheval, avec ses cascades, son terrain rocailleux et l&rsquo;imposante pr\u00e9sence du Mont Ruan en arri\u00e8re-plan. De petites figures humaines soulignent l&rsquo;\u00e9chelle et la grandeur du d\u00e9cor naturel.<\/p>\n<p style=\"font-weight: 400;\">La composition est finement d\u00e9taill\u00e9e, avec un travail d\u00e9licat des tons et une subtile coloration \u00e0 la main, caract\u00e9ristiques des lithographies fran\u00e7aises de grande qualit\u00e9 du XIXe si\u00e8cle.<\/p>\n<p style=\"font-weight: 400;\">Pi\u00e8ce tr\u00e8s d\u00e9corative et de collection, particuli\u00e8rement attrayante pour les collectionneurs de paysages alpins, de cascades et d&rsquo;iconographie de la r\u00e9gion du Mont Blanc.<\/p>\n<p style=\"font-weight: 400;\">Dimensions la feuille fait\u00a0: 47,7 \u00d7 32 cm, la gravure seule fait\u00a031,4 \u00d7 21,3 cm.<\/p>\n","protected":false},"excerpt":{"rendered":"<p>Antique lithograph of <strong data-start=\"315\" data-end=\"349\">Fond de la Combe and Mont Ruan<\/strong>, Sixt valley (Haute-Savoie), from the <em data-start=\"388\" data-end=\"404\">Nice et Savoie<\/em> series by F\u00e9lix Benoist, circa 1864.<\/p>\n","protected":false},"featured_media":1674,"comment_status":"open","ping_status":"closed","template":"","meta":[],"product_brand":[],"product_cat":[521,459,554],"product_tag":[990,834,1015,987,815,985,1014,991,943,1016],"class_list":{"0":"post-1673","1":"product","2":"type-product","3":"status-publish","4":"has-post-thumbnail","6":"product_cat-gravures-xix-siecle","7":"product_cat-haute-savoie","8":"product_cat-lithographie","9":"product_tag-alps","10":"product_tag-felix-benoist","11":"product_tag-fer-a-cheval","12":"product_tag-france","13":"product_tag-haute-savoie","14":"product_tag-lithograph","15":"product_tag-mont-ruant","16":"product_tag-savoy","17":"product_tag-sixt","18":"product_tag-waterfall","20":"first","21":"instock","22":"shipping-taxable","23":"purchasable","24":"product-type-simple"},"_links":{"self":[{"href":"https:\/\/artculture6.com\/index.php\/wp-json\/wp\/v2\/product\/1673","targetHints":{"allow":["GET"]}}],"collection":[{"href":"https:\/\/artculture6.com\/index.php\/wp-json\/wp\/v2\/product"}],"about":[{"href":"https:\/\/artculture6.com\/index.php\/wp-json\/wp\/v2\/types\/product"}],"replies":[{"embeddable":true,"href":"https:\/\/artculture6.com\/index.php\/wp-json\/wp\/v2\/comments?post=1673"}],"wp:featuredmedia":[{"embeddable":true,"href":"https:\/\/artculture6.com\/index.php\/wp-json\/wp\/v2\/media\/1674"}],"wp:attachment":[{"href":"https:\/\/artculture6.com\/index.php\/wp-json\/wp\/v2\/media?parent=1673"}],"wp:term":[{"taxonomy":"product_brand","embeddable":true,"href":"https:\/\/artculture6.com\/index.php\/wp-json\/wp\/v2\/product_brand?post=1673"},{"taxonomy":"product_cat","embeddable":true,"href":"https:\/\/artculture6.com\/index.php\/wp-json\/wp\/v2\/product_cat?post=1673"},{"taxonomy":"product_tag","embeddable":true,"href":"https:\/\/artculture6.com\/index.php\/wp-json\/wp\/v2\/product_tag?post=1673"}],"curies":[{"name":"wp","href":"https:\/\/api.w.org\/{rel}","templated":true}]}}