{"id":165,"date":"2026-02-27T16:52:26","date_gmt":"2026-02-27T16:52:26","guid":{"rendered":"http:\/\/tbmglwe.cluster100.hosting.ovh.net\/?post_type=product&#038;p=165"},"modified":"2026-03-09T12:37:29","modified_gmt":"2026-03-09T12:37:29","slug":"rembrandt-van-rijn-1606-1669-le-changeur-de-monnaie-heliogravure-1897-1902","status":"publish","type":"product","link":"https:\/\/artculture6.com\/index.php\/product\/rembrandt-van-rijn-1606-1669-le-changeur-de-monnaie-heliogravure-1897-1902\/","title":{"rendered":"Rembrandt van Rijn 1606-1669 Le Changeur de monnaie H\u00e9liogravure 1897-1902"},"content":{"rendered":"<p style=\"font-weight: 400;\">R\u00e9f\u00e9rence B3282-1L789<\/p>\n<p style=\"font-weight: 400;\">Je vous propose cette h\u00e9liogravure de grande qualit\u00e9 d\u2019apr\u00e8s Rembrandt,\u00a0<span data-start=\"951\" data-end=\"981\">\u00ab Le Changeur de monnaie \u00bb.<\/span>\u00a0Sc\u00e8ne d\u2019int\u00e9rieur \u00e0 la lumi\u00e8re tr\u00e8s \u201cclair-obscur\u201d : un vieil homme pench\u00e9 sur ses comptes manipule bourse et documents dans une atmosph\u00e8re dense et intimiste, typique de l\u2019univers rembranesque.\u00a0(Publi\u00e9e entre <span data-start=\"1560\" data-end=\"1573\">1897et 1902<\/span>).<\/p>\n<p style=\"font-weight: 400;\">Dimensions de la feuille : 30 x 24 cm<br data-start=\"901\" data-end=\"904\" \/>Dimensions de l\u2019image : 24 x 18,1 cm<\/p>\n<p style=\"font-weight: 400;\">Superbe.<\/p>\n","protected":false},"excerpt":{"rendered":"<p>H\u00e9liogravure d\u2019apr\u00e8s Rembrandt, \u00ab Le Changeur de monnaie \u00bb, fin XIXe (1897-1902). Planche n\u00b01. Belle qualit\u00e9 d\u2019impression. 30 x 24 cm.<\/p>\n","protected":false},"featured_media":169,"comment_status":"open","ping_status":"closed","template":"","meta":[],"product_brand":[],"product_cat":[557,521,199,598],"product_tag":[],"class_list":{"0":"post-165","1":"product","2":"type-product","3":"status-publish","4":"has-post-thumbnail","6":"product_cat-artistes-2","7":"product_cat-gravures-xix-siecle","8":"product_cat-par-categories-2","9":"product_cat-rembrandt-van-rijn-1606-1669","11":"first","12":"instock","13":"shipping-taxable","14":"purchasable","15":"product-type-simple"},"_links":{"self":[{"href":"https:\/\/artculture6.com\/index.php\/wp-json\/wp\/v2\/product\/165","targetHints":{"allow":["GET"]}}],"collection":[{"href":"https:\/\/artculture6.com\/index.php\/wp-json\/wp\/v2\/product"}],"about":[{"href":"https:\/\/artculture6.com\/index.php\/wp-json\/wp\/v2\/types\/product"}],"replies":[{"embeddable":true,"href":"https:\/\/artculture6.com\/index.php\/wp-json\/wp\/v2\/comments?post=165"}],"wp:featuredmedia":[{"embeddable":true,"href":"https:\/\/artculture6.com\/index.php\/wp-json\/wp\/v2\/media\/169"}],"wp:attachment":[{"href":"https:\/\/artculture6.com\/index.php\/wp-json\/wp\/v2\/media?parent=165"}],"wp:term":[{"taxonomy":"product_brand","embeddable":true,"href":"https:\/\/artculture6.com\/index.php\/wp-json\/wp\/v2\/product_brand?post=165"},{"taxonomy":"product_cat","embeddable":true,"href":"https:\/\/artculture6.com\/index.php\/wp-json\/wp\/v2\/product_cat?post=165"},{"taxonomy":"product_tag","embeddable":true,"href":"https:\/\/artculture6.com\/index.php\/wp-json\/wp\/v2\/product_tag?post=165"}],"curies":[{"name":"wp","href":"https:\/\/api.w.org\/{rel}","templated":true}]}}