{"id":1645,"date":"2026-03-24T19:50:36","date_gmt":"2026-03-24T18:50:36","guid":{"rendered":"https:\/\/artculture6.com\/?post_type=product&#038;p=1645"},"modified":"2026-03-24T19:50:36","modified_gmt":"2026-03-24T18:50:36","slug":"alby-sur-cheran-haute-savoie-france-1864-antique-lithograph-felix-benoist-alps","status":"publish","type":"product","link":"https:\/\/artculture6.com\/index.php\/product\/alby-sur-cheran-haute-savoie-france-1864-antique-lithograph-felix-benoist-alps\/","title":{"rendered":"Alby-sur-Ch\u00e9ran Haute-Savoie France 1864 Antique Lithograph F\u00e9lix Benoist Alps"},"content":{"rendered":"<p style=\"font-weight: 400;\">R\u00e9f\u00e9rence\u00a05400-27R789<\/p>\n<p style=\"font-weight: 400;\" data-start=\"598\" data-end=\"772\">Lithographie originale du XIXe si\u00e8cle intitul\u00e9e Alby (pr\u00e8s d&rsquo;Annecy), par F\u00e9lix Benoist vers 1864.<\/p>\n<p style=\"font-weight: 400;\" data-start=\"598\" data-end=\"772\">Cette vue d&rsquo;une grande finesse repr\u00e9sente le pittoresque village d&rsquo;Alby-sur-Ch\u00e9ran, avec son pont caract\u00e9ristique enjambant les gorges de la rivi\u00e8re, son architecture savoyarde traditionnelle et le paysage alpin vallonn\u00e9 en arri\u00e8re-plan. La composition refl\u00e8te la qualit\u00e9 documentaire et esth\u00e9tique typique des lithographies topographiques du milieu du XIXe si\u00e8cle.<\/p>\n<p style=\"font-weight: 400;\" data-start=\"598\" data-end=\"772\">Imprim\u00e9e sur un papier de qualit\u00e9, cette \u0153uvre offre un travail subtil des tons et une repr\u00e9sentation architecturale pr\u00e9cise, ce qui en fait \u00e0 la fois une \u0153uvre d\u00e9corative et un document historique de la r\u00e9gion.<\/p>\n<p style=\"font-weight: 400;\" data-start=\"598\" data-end=\"772\">Un bel exemple d&rsquo;iconographie alpine, id\u00e9al pour les collectionneurs de Savoie, de vues alpines ou d&rsquo;estampes fran\u00e7aises du XIXe si\u00e8cle.<\/p>\n<ul>\n<li style=\"font-weight: 400;\" data-section-id=\"1wzbi00\" data-start=\"1331\" data-end=\"1356\">La feuille fait: 47,5 \u00d7 32.3 cm<\/li>\n<li style=\"font-weight: 400;\" data-section-id=\"3t4a0h\" data-start=\"1357\" data-end=\"1380\">La gravure seule fait: 32.3 \u00d7 23 cm<\/li>\n<\/ul>\n","protected":false},"excerpt":{"rendered":"<p>Lithographie ancienne repr\u00e9sentant Alby-sur-Ch\u00e9ran en Haute-Savoie, extraite de la c\u00e9l\u00e8bre s\u00e9rie Nice et Savoie de F\u00e9lix Benoist, vers 1864. Paysage alpin finement d\u00e9taill\u00e9 avec pont et rivi\u00e8re.<\/p>\n","protected":false},"featured_media":1646,"comment_status":"open","ping_status":"closed","template":"","meta":[],"product_brand":[],"product_cat":[205,459,554],"product_tag":[993,989,990,835,834,987,815,992,985,991],"class_list":{"0":"post-1645","1":"product","2":"type-product","3":"status-publish","4":"has-post-thumbnail","6":"product_cat-france","7":"product_cat-haute-savoie","8":"product_cat-lithographie","9":"product_tag-19th-century","10":"product_tag-alby","11":"product_tag-alps","12":"product_tag-annecy","13":"product_tag-felix-benoist","14":"product_tag-france","15":"product_tag-haute-savoie","16":"product_tag-landscape","17":"product_tag-lithograph","18":"product_tag-savoy","20":"first","21":"instock","22":"shipping-taxable","23":"purchasable","24":"product-type-simple"},"_links":{"self":[{"href":"https:\/\/artculture6.com\/index.php\/wp-json\/wp\/v2\/product\/1645","targetHints":{"allow":["GET"]}}],"collection":[{"href":"https:\/\/artculture6.com\/index.php\/wp-json\/wp\/v2\/product"}],"about":[{"href":"https:\/\/artculture6.com\/index.php\/wp-json\/wp\/v2\/types\/product"}],"replies":[{"embeddable":true,"href":"https:\/\/artculture6.com\/index.php\/wp-json\/wp\/v2\/comments?post=1645"}],"wp:featuredmedia":[{"embeddable":true,"href":"https:\/\/artculture6.com\/index.php\/wp-json\/wp\/v2\/media\/1646"}],"wp:attachment":[{"href":"https:\/\/artculture6.com\/index.php\/wp-json\/wp\/v2\/media?parent=1645"}],"wp:term":[{"taxonomy":"product_brand","embeddable":true,"href":"https:\/\/artculture6.com\/index.php\/wp-json\/wp\/v2\/product_brand?post=1645"},{"taxonomy":"product_cat","embeddable":true,"href":"https:\/\/artculture6.com\/index.php\/wp-json\/wp\/v2\/product_cat?post=1645"},{"taxonomy":"product_tag","embeddable":true,"href":"https:\/\/artculture6.com\/index.php\/wp-json\/wp\/v2\/product_tag?post=1645"}],"curies":[{"name":"wp","href":"https:\/\/api.w.org\/{rel}","templated":true}]}}