{"id":1625,"date":"2026-03-23T16:23:44","date_gmt":"2026-03-23T15:23:44","guid":{"rendered":"https:\/\/artculture6.com\/?post_type=product&#038;p=1625"},"modified":"2026-03-23T16:23:44","modified_gmt":"2026-03-23T15:23:44","slug":"rembrandt-portrait-dhomme-grave-par-courtry-vers-1875","status":"publish","type":"product","link":"https:\/\/artculture6.com\/index.php\/product\/rembrandt-portrait-dhomme-grave-par-courtry-vers-1875\/","title":{"rendered":"Rembrandt portrait d&rsquo;homme grav\u00e9 par Courtry vers 1875"},"content":{"rendered":"<p data-end=\"782\" data-start=\"367\"><span style=\"font-size: x-large;\">R\u00e9f\u00e9rence\u00a0B3311R790<\/span><\/p>\n<div class=\"relative basis-auto flex-col -mb-(--composer-overlap-px) [--composer-overlap-px:28px] grow flex\">\n<div class=\"flex flex-col text-sm pb-25\">\n<article class=\"text-token-text-primary w-full focus:outline-none [--shadow-height:45px] has-data-writing-block:pointer-events-none has-data-writing-block:-mt-(--shadow-height) has-data-writing-block:pt-(--shadow-height) [&amp;:has([data-writing-block])&gt;*]:pointer-events-auto scroll-mt-[calc(var(--header-height)+min(200px,max(70px,20svh)))]\" dir=\"auto\" tabindex=\"-1\" data-scroll-anchor=\"true\" data-testid=\"conversation-turn-453\" data-turn=\"assistant\" data-turn-id=\"request-6992e4d4-6c98-838f-95e1-766764fd391d-12\">\n<div class=\"text-base my-auto mx-auto pb-10 [--thread-content-margin:var(--thread-content-margin-xs,calc(var(--spacing)*4))] @w-sm\/main:[--thread-content-margin:var(--thread-content-margin-sm,calc(var(--spacing)*6))] @w-lg\/main:[--thread-content-margin:var(--thread-content-margin-lg,calc(var(--spacing)*16))] px-(--thread-content-margin)\">\n<div class=\"[--thread-content-max-width:40rem] @w-lg\/main:[--thread-content-max-width:48rem] mx-auto max-w-(--thread-content-max-width) flex-1 group\/turn-messages focus-visible:outline-hidden relative flex w-full min-w-0 flex-col agent-turn\" tabindex=\"-1\">\n<div class=\"flex max-w-full flex-col gap-4 grow\">\n<div class=\"min-h-8 text-message relative flex w-full flex-col items-end gap-2 text-start break-words whitespace-normal [.text-message+&amp;]:mt-1\" dir=\"auto\" data-message-author-role=\"assistant\" data-message-id=\"f13c09a6-4114-4953-a075-d135acaa65d1\" data-message-model-slug=\"gpt-5-3\">\n<div class=\"flex w-full flex-col gap-1 empty:hidden\">\n<div class=\"markdown prose dark:prose-invert w-full wrap-break-word light markdown-new-styling\">\n<p data-start=\"722\" data-end=\"892\"><span style=\"font-size: x-large;\">Je vous propose cette remarquable gravure en pointe s\u00e8che sur papier verg\u00e9\u00a0r\u00e9alis\u00e9e vers 1875 pa\u00a0<span data-start=\"812\" data-end=\"831\">Charles Courtry<\/span>, d\u2019apr\u00e8s une \u0153uvre de\u00a0<span class=\"hover:entity-accent entity-underline inline cursor-pointer align-baseline\">Rembrandt<\/span>.<\/span><\/p>\n<p data-start=\"894\" data-end=\"1186\"><span style=\"font-size: x-large;\">Cette eau-forte illustre un\u00a0<span data-start=\"922\" data-end=\"942\">portrait d\u2019homme<\/span>, trait\u00e9 dans un style profond\u00e9ment inspir\u00e9 du ma\u00eetre hollandais : travail subtil des ombres, model\u00e9 du visage, intensit\u00e9 du regard. Courtry, excellent interpr\u00e8te des ma\u00eetres anciens, restitue ici toute la richesse du clair-obscur rembranesque.<\/span><\/p>\n<p data-start=\"1188\" data-end=\"1295\"><span style=\"font-size: x-large;\">L\u2019\u00e9preuve est imprim\u00e9e sur papier ancien, avec une belle pr\u00e9sence des noirs et une grande finesse de trait.<\/span><\/p>\n<ul>\n<li data-section-id=\"ai7i4z\" data-start=\"1423\" data-end=\"1462\"><span style=\"font-size: x-large;\">Dimensions de la feuille : 30,5 \u00d7 20,5 cm<\/span><\/li>\n<li data-section-id=\"1e430g2\" data-start=\"1463\" data-end=\"1500\"><span style=\"font-size: x-large;\">Dimensions de la gravure: 19,8 \u00d7 15,9 cm<\/span><\/li>\n<\/ul>\n<\/div>\n<\/div>\n<\/div>\n<\/div>\n<\/div>\n<\/div>\n<\/article>\n<\/div>\n<\/div>\n","protected":false},"excerpt":{"rendered":"<p>Belle gravure du XIXe si\u00e8cle d\u2019apr\u00e8s Rembrandt, finement ex\u00e9cut\u00e9e \u00e0 l\u2019eau-forte par Charles Courtry vers 1875. Portrait d\u2019homme au model\u00e9 puissant et au clair-obscur typiquement rembranesque. Tr\u00e8s belle qualit\u00e9 d\u2019impression.<\/p>\n","protected":false},"featured_media":1626,"comment_status":"open","ping_status":"closed","template":"","meta":[],"product_brand":[],"product_cat":[551,521,598],"product_tag":[155,977,869,148,149,978,913,979,144],"class_list":{"0":"post-1625","1":"product","2":"type-product","3":"status-publish","4":"has-post-thumbnail","6":"product_cat-eau-forte","7":"product_cat-gravures-xix-siecle","8":"product_cat-rembrandt-van-rijn-1606-1669","9":"product_tag-art-classique","10":"product_tag-courtry","11":"product_tag-eau-forte","12":"product_tag-estampe-ancienne","13":"product_tag-gravure-xixe","14":"product_tag-old-master","15":"product_tag-portrait-homme","16":"product_tag-portrait-masculin","17":"product_tag-rembrandt","19":"first","20":"instock","21":"shipping-taxable","22":"purchasable","23":"product-type-simple"},"_links":{"self":[{"href":"https:\/\/artculture6.com\/index.php\/wp-json\/wp\/v2\/product\/1625","targetHints":{"allow":["GET"]}}],"collection":[{"href":"https:\/\/artculture6.com\/index.php\/wp-json\/wp\/v2\/product"}],"about":[{"href":"https:\/\/artculture6.com\/index.php\/wp-json\/wp\/v2\/types\/product"}],"replies":[{"embeddable":true,"href":"https:\/\/artculture6.com\/index.php\/wp-json\/wp\/v2\/comments?post=1625"}],"wp:featuredmedia":[{"embeddable":true,"href":"https:\/\/artculture6.com\/index.php\/wp-json\/wp\/v2\/media\/1626"}],"wp:attachment":[{"href":"https:\/\/artculture6.com\/index.php\/wp-json\/wp\/v2\/media?parent=1625"}],"wp:term":[{"taxonomy":"product_brand","embeddable":true,"href":"https:\/\/artculture6.com\/index.php\/wp-json\/wp\/v2\/product_brand?post=1625"},{"taxonomy":"product_cat","embeddable":true,"href":"https:\/\/artculture6.com\/index.php\/wp-json\/wp\/v2\/product_cat?post=1625"},{"taxonomy":"product_tag","embeddable":true,"href":"https:\/\/artculture6.com\/index.php\/wp-json\/wp\/v2\/product_tag?post=1625"}],"curies":[{"name":"wp","href":"https:\/\/api.w.org\/{rel}","templated":true}]}}