{"id":1618,"date":"2026-03-22T21:14:27","date_gmt":"2026-03-22T20:14:27","guid":{"rendered":"https:\/\/artculture6.com\/?post_type=product&#038;p=1618"},"modified":"2026-03-22T21:14:27","modified_gmt":"2026-03-22T20:14:27","slug":"jules-dupre-leviers-chene-barbizon-gravee-en-pointe-seche-par-greux-1875","status":"publish","type":"product","link":"https:\/\/artculture6.com\/index.php\/product\/jules-dupre-leviers-chene-barbizon-gravee-en-pointe-seche-par-greux-1875\/","title":{"rendered":"Jules Dupr\u00e9 leviers ch\u00eane Barbizon grav\u00e9e en pointe s\u00e8che par Greux 1875"},"content":{"rendered":"<p style=\"font-weight: 400;\">R\u00e9f\u00e9rence\u00a0B3310-R790<\/p>\n<p style=\"font-weight: 400;\">Je vous propose cette pointe s\u00e8che d&rsquo;apr\u00e8s Jules Dupr\u00e9 (1811-1889)\u00a0grav\u00e9e par G\u00a0Greux\u00a0<em data-start=\"555\" data-end=\"571\">Le Vieux Ch\u00eane<\/em>, d\u2019apr\u00e8s\u00a0Jules Dupr\u00e9, figure majeure de l\u2019\u00e9cole de Barbizon.<\/p>\n<p style=\"font-weight: 400;\" data-start=\"660\" data-end=\"902\">Cette gravure, r\u00e9alis\u00e9e en pointe s\u00e8che par\u00a0Greux, restitue avec finesse l\u2019atmosph\u00e8re caract\u00e9ristique des paysages de Barbizon : une nature dense et vivante, domin\u00e9e ici par un ch\u00eane majestueux au premier plan.<\/p>\n<p style=\"font-weight: 400;\" data-start=\"904\" data-end=\"1092\">La composition met en valeur le travail sur la lumi\u00e8re et les textures v\u00e9g\u00e9tales, avec un traitement pr\u00e9cis des feuillages et du ciel, typique de la sensibilit\u00e9 naturaliste du XIXe si\u00e8cle.<\/p>\n<p style=\"font-weight: 400;\" data-start=\"1094\" data-end=\"1242\">Imprim\u00e9e sur papier verg\u00e9, cette estampe t\u00e9moigne du go\u00fbt pour les paysages r\u00e9alistes et po\u00e9tiques, tr\u00e8s pris\u00e9s des amateurs d\u2019art et de d\u00e9coration.<\/p>\n<p style=\"font-weight: 400;\" data-start=\"1244\" data-end=\"1315\">Bon \u00e9tat g\u00e9n\u00e9ral, avec l\u00e9g\u00e8res marques du temps en marges.<\/p>\n<p style=\"font-weight: 400;\" data-start=\"1317\" data-end=\"1385\">La poste la feuille fait 21,7 \u00d7 17 cm<br data-start=\"1358\" data-end=\"1361\" \/>la gravure seule fait 16,5 \u00d7 14,2 cm<\/p>\n","protected":false},"excerpt":{"rendered":"<p>Gravure du XIXe si\u00e8cle repr\u00e9sentant <em data-start=\"269\" data-end=\"285\">Le Vieux Ch\u00eane<\/em> d\u2019apr\u00e8s <span class=\"hover:entity-accent entity-underline inline cursor-pointer align-baseline\"><span class=\"whitespace-normal\">Jules Dupr\u00e9<\/span><\/span>, grav\u00e9e par <span class=\"hover:entity-accent entity-underline inline cursor-pointer align-baseline\"><span class=\"whitespace-normal\">Greux<\/span><\/span>. Belle sc\u00e8ne de paysage typique de Barbizon. Papier verg\u00e9. Feuille : 21,7 \u00d7 17 cm ; image : 16,5 \u00d7 14,2 cm.<\/p>\n","protected":false},"featured_media":1619,"comment_status":"open","ping_status":"closed","template":"","meta":[],"product_brand":[],"product_cat":[551,521],"product_tag":[973,167,974,971,148,149,975,969,972,169,976,170,970],"class_list":{"0":"post-1618","1":"product","2":"type-product","3":"status-publish","4":"has-post-thumbnail","6":"product_cat-eau-forte","7":"product_cat-gravures-xix-siecle","8":"product_tag-arbre","9":"product_tag-barbizon","10":"product_tag-chene","11":"product_tag-ecole-barbizon","12":"product_tag-estampe-ancienne","13":"product_tag-gravure-xixe","14":"product_tag-greux","15":"product_tag-jules-dupre","16":"product_tag-paysage","17":"product_tag-paysage-ancien","18":"product_tag-paysage-francais","19":"product_tag-pointe-seche","20":"product_tag-vieux-chene","22":"first","23":"instock","24":"shipping-taxable","25":"purchasable","26":"product-type-simple"},"_links":{"self":[{"href":"https:\/\/artculture6.com\/index.php\/wp-json\/wp\/v2\/product\/1618","targetHints":{"allow":["GET"]}}],"collection":[{"href":"https:\/\/artculture6.com\/index.php\/wp-json\/wp\/v2\/product"}],"about":[{"href":"https:\/\/artculture6.com\/index.php\/wp-json\/wp\/v2\/types\/product"}],"replies":[{"embeddable":true,"href":"https:\/\/artculture6.com\/index.php\/wp-json\/wp\/v2\/comments?post=1618"}],"wp:featuredmedia":[{"embeddable":true,"href":"https:\/\/artculture6.com\/index.php\/wp-json\/wp\/v2\/media\/1619"}],"wp:attachment":[{"href":"https:\/\/artculture6.com\/index.php\/wp-json\/wp\/v2\/media?parent=1618"}],"wp:term":[{"taxonomy":"product_brand","embeddable":true,"href":"https:\/\/artculture6.com\/index.php\/wp-json\/wp\/v2\/product_brand?post=1618"},{"taxonomy":"product_cat","embeddable":true,"href":"https:\/\/artculture6.com\/index.php\/wp-json\/wp\/v2\/product_cat?post=1618"},{"taxonomy":"product_tag","embeddable":true,"href":"https:\/\/artculture6.com\/index.php\/wp-json\/wp\/v2\/product_tag?post=1618"}],"curies":[{"name":"wp","href":"https:\/\/api.w.org\/{rel}","templated":true}]}}