{"id":1612,"date":"2026-03-22T19:44:09","date_gmt":"2026-03-22T18:44:09","guid":{"rendered":"https:\/\/artculture6.com\/?post_type=product&#038;p=1612"},"modified":"2026-03-22T19:44:09","modified_gmt":"2026-03-22T18:44:09","slug":"bataille-ravine-1802-a-couleuvres-retablissement-esclavagisme-esclave-1836-haiti","status":"publish","type":"product","link":"https:\/\/artculture6.com\/index.php\/product\/bataille-ravine-1802-a-couleuvres-retablissement-esclavagisme-esclave-1836-haiti\/","title":{"rendered":"Bataille Ravine 1802 \u00e0 Couleuvres r\u00e9tablissement esclavagisme esclave 1836 Ha\u00efti"},"content":{"rendered":"<p style=\"font-weight: 400;\">R\u00e9f\u00e9rence B3309R789D70-58<\/p>\n<p style=\"font-weight: 400;\">Je vous propose cette gravure vers\u00a01836 illustrant une\u00a0sc\u00e8ne de bataille \u00e0 Saint-Domingue (Ha\u00efti) en 1802, dans le contexte du r\u00e9tablissement de l\u2019esclavage par la France et des combats qui s\u2019ensuivirent.<\/p>\n<p style=\"font-weight: 400;\">La composition montre un affrontement violent en milieu tropical entre troupes fran\u00e7aises et combattants insurg\u00e9s. La v\u00e9g\u00e9tation luxuriante (palmiers, jungle) encadre une sc\u00e8ne dynamique, caract\u00e9ristique des repr\u00e9sentations historiques du XIXe si\u00e8cle.<\/p>\n<p style=\"font-weight: 400;\">Ce type d\u2019image constitue une\u00a0iconographie rare\u00a0de la r\u00e9volution ha\u00eftienne, premier soul\u00e8vement d\u2019esclaves ayant conduit \u00e0 la cr\u00e9ation d\u2019un \u00c9tat ind\u00e9pendant. Les gravures fran\u00e7aises sur ce sujet restent peu courantes, ce qui en renforce l\u2019int\u00e9r\u00eat historique et documentaire.<\/p>\n<p style=\"font-weight: 400;\">La feuille fait 17,5 \u00d7 12,7 cm<br \/>\nLa gravure seule fait: 13,5 \u00d7 9,6 cm<\/p>\n<p style=\"font-weight: 400;\">Pi\u00e8ce recherch\u00e9e pour collectionneurs d\u2019histoire coloniale, de la r\u00e9volution ha\u00eftienne ou d\u2019estampes anciennes.<\/p>\n","protected":false},"excerpt":{"rendered":"<p>Gravure de 1836 repr\u00e9sentant une sc\u00e8ne de combat lors de la r\u00e9volte de Saint-Domingue (Ha\u00efti, 1802). Rare iconographie de la lutte contre le r\u00e9tablissement de l\u2019esclavage. Feuille : 17,5 \u00d7 12,7 cm ; image : 13,5 \u00d7 9,6 cm.<\/p>\n","protected":false},"featured_media":1613,"comment_status":"open","ping_status":"closed","template":"","meta":[],"product_brand":[],"product_cat":[267,383],"product_tag":[963,148,964,968,960,967,965,966,962,961],"class_list":{"0":"post-1612","1":"product","2":"type-product","3":"status-publish","4":"has-post-thumbnail","6":"product_cat-haiti","7":"product_cat-histoire-xix-siecle","8":"product_tag-esclavage","9":"product_tag-estampe-ancienne","10":"product_tag-gravure-1836","11":"product_tag-guerre-coloniale","12":"product_tag-haiti","13":"product_tag-histoire-caraibes","14":"product_tag-histoire-coloniale","15":"product_tag-revolte-esclaves","16":"product_tag-revolution-haitienne","17":"product_tag-saint-domingue","19":"first","20":"instock","21":"shipping-taxable","22":"purchasable","23":"product-type-simple"},"_links":{"self":[{"href":"https:\/\/artculture6.com\/index.php\/wp-json\/wp\/v2\/product\/1612","targetHints":{"allow":["GET"]}}],"collection":[{"href":"https:\/\/artculture6.com\/index.php\/wp-json\/wp\/v2\/product"}],"about":[{"href":"https:\/\/artculture6.com\/index.php\/wp-json\/wp\/v2\/types\/product"}],"replies":[{"embeddable":true,"href":"https:\/\/artculture6.com\/index.php\/wp-json\/wp\/v2\/comments?post=1612"}],"wp:featuredmedia":[{"embeddable":true,"href":"https:\/\/artculture6.com\/index.php\/wp-json\/wp\/v2\/media\/1613"}],"wp:attachment":[{"href":"https:\/\/artculture6.com\/index.php\/wp-json\/wp\/v2\/media?parent=1612"}],"wp:term":[{"taxonomy":"product_brand","embeddable":true,"href":"https:\/\/artculture6.com\/index.php\/wp-json\/wp\/v2\/product_brand?post=1612"},{"taxonomy":"product_cat","embeddable":true,"href":"https:\/\/artculture6.com\/index.php\/wp-json\/wp\/v2\/product_cat?post=1612"},{"taxonomy":"product_tag","embeddable":true,"href":"https:\/\/artculture6.com\/index.php\/wp-json\/wp\/v2\/product_tag?post=1612"}],"curies":[{"name":"wp","href":"https:\/\/api.w.org\/{rel}","templated":true}]}}