{"id":1604,"date":"2026-03-22T18:59:50","date_gmt":"2026-03-22T17:59:50","guid":{"rendered":"https:\/\/artculture6.com\/?post_type=product&#038;p=1604"},"modified":"2026-03-22T18:59:50","modified_gmt":"2026-03-22T17:59:50","slug":"gustave-courbet-1819-1877-un-enterrement-a-ornans-graveur-bellenger-1881","status":"publish","type":"product","link":"https:\/\/artculture6.com\/index.php\/product\/gustave-courbet-1819-1877-un-enterrement-a-ornans-graveur-bellenger-1881\/","title":{"rendered":"Gustave Courbet (1819-1877) Un enterrement a Ornans graveur Bellenger 1881"},"content":{"rendered":"<p><span><span style=\"font-size: x-large;\">R\u00e9f\u00e9rence\u00a0 B3308R789L101-166<\/span><\/span><\/p>\n<div><span style=\"font-size: x-large;\"><span>Je vous propose cette gravure en xylographie de 1881\u00a0<\/span>repr\u00e9sentant la c\u00e9l\u00e8bre \u0153uvre\u00a0<em data-start=\"627\" data-end=\"652\">Un enterrement \u00e0 Ornans<\/em>, chef-d\u2019\u0153uvre majeur du r\u00e9alisme fran\u00e7ais.<\/span><\/div>\n<div><span><span style=\"font-size: x-large;\">Gustave Courbet (1819-1877) Un enterrement a Ornans graveur Bellenger.<br \/>\n<\/span><\/span><\/div>\n<div><span><span style=\"font-size: x-large;\">La feuille fait 41,9 cm par 24,8 cm, la gravure seule 33,3 cm par 15,4 cm.\u00a0<\/span><\/span><\/div>\n<p data-start=\"697\" data-end=\"985\"><span style=\"font-size: x-large;\">Cette gravure, r\u00e9alis\u00e9e par\u00a0<span class=\"hover:entity-accent entity-underline inline cursor-pointer align-baseline\">Bellenger<\/span>, restitue avec finesse la composition monumentale de Courbet : une sc\u00e8ne fun\u00e9raire rurale trait\u00e9e avec une grande sobri\u00e9t\u00e9, o\u00f9 chaque personnage est individualis\u00e9, loin des conventions id\u00e9alis\u00e9es de la peinture acad\u00e9mique.<\/span><\/p>\n<p data-start=\"987\" data-end=\"1182\"><span style=\"font-size: x-large;\">\u0152uvre embl\u00e9matique du mouvement r\u00e9aliste,\u00a0<em data-start=\"1029\" data-end=\"1054\">Un enterrement \u00e0 Ornans<\/em>\u00a0marque une rupture dans l\u2019histoire de l\u2019art en donnant \u00e0 une sc\u00e8ne ordinaire une dimension monumentale et profond\u00e9ment humaine.<\/span><\/p>\n<p data-start=\"1184\" data-end=\"1297\"><span style=\"font-size: x-large;\">L\u2019impression en xylographie offre un rendu pr\u00e9cis des d\u00e9tails et des contrastes, fid\u00e8le \u00e0 l\u2019esprit de l\u2019original.<\/span><\/p>\n<p data-start=\"1396\" data-end=\"1466\"><span style=\"font-size: x-large;\">La feuille fait : 41,9 cm \u00d7 24,8 cm<br data-start=\"1439\" data-end=\"1442\" \/><\/span><\/p>\n<div><span><span style=\"font-size: x-large;\">La gravure seule fait : 33,3 \u00d7 15,4 cm\u00a0\u00a0<\/span><\/span><\/div>\n","protected":false},"excerpt":{"rendered":"<p data-start=\"243\" data-end=\"471\">Gravure en xylographie de 1881 d\u2019apr\u00e8s <span class=\"hover:entity-accent entity-underline inline cursor-pointer align-baseline\"><span class=\"whitespace-normal\">Gustave Courbet<\/span><\/span>, repr\u00e9sentant <em data-start=\"334\" data-end=\"359\">Un enterrement \u00e0 Ornans<\/em>. Grav\u00e9e par <span class=\"hover:entity-accent entity-underline inline cursor-pointer align-baseline\"><span class=\"whitespace-normal\">Bellenger<\/span><\/span>. Feuille : 41,9 \u00d7 24,8 cm ; image : 33,3 \u00d7 15,4 cm. Bon \u00e9tat.<\/p>\n","protected":false},"featured_media":1605,"comment_status":"open","ping_status":"closed","template":"","meta":[],"product_brand":[],"product_cat":[585,521],"product_tag":[172,957,953,954,148,149,959,955,958,956],"class_list":{"0":"post-1604","1":"product","2":"type-product","3":"status-publish","4":"has-post-thumbnail","6":"product_cat-courbet-gustave-1819-1877","7":"product_cat-gravures-xix-siecle","8":"product_tag-art-francais","9":"product_tag-bellenger","10":"product_tag-courbet","11":"product_tag-enterrement-ornans","12":"product_tag-estampe-ancienne","13":"product_tag-gravure-xixe","14":"product_tag-peinture-realiste","15":"product_tag-realisme","16":"product_tag-reproduction-ancienne","17":"product_tag-xylographie","19":"first","20":"instock","21":"shipping-taxable","22":"purchasable","23":"product-type-simple"},"_links":{"self":[{"href":"https:\/\/artculture6.com\/index.php\/wp-json\/wp\/v2\/product\/1604","targetHints":{"allow":["GET"]}}],"collection":[{"href":"https:\/\/artculture6.com\/index.php\/wp-json\/wp\/v2\/product"}],"about":[{"href":"https:\/\/artculture6.com\/index.php\/wp-json\/wp\/v2\/types\/product"}],"replies":[{"embeddable":true,"href":"https:\/\/artculture6.com\/index.php\/wp-json\/wp\/v2\/comments?post=1604"}],"wp:featuredmedia":[{"embeddable":true,"href":"https:\/\/artculture6.com\/index.php\/wp-json\/wp\/v2\/media\/1605"}],"wp:attachment":[{"href":"https:\/\/artculture6.com\/index.php\/wp-json\/wp\/v2\/media?parent=1604"}],"wp:term":[{"taxonomy":"product_brand","embeddable":true,"href":"https:\/\/artculture6.com\/index.php\/wp-json\/wp\/v2\/product_brand?post=1604"},{"taxonomy":"product_cat","embeddable":true,"href":"https:\/\/artculture6.com\/index.php\/wp-json\/wp\/v2\/product_cat?post=1604"},{"taxonomy":"product_tag","embeddable":true,"href":"https:\/\/artculture6.com\/index.php\/wp-json\/wp\/v2\/product_tag?post=1604"}],"curies":[{"name":"wp","href":"https:\/\/api.w.org\/{rel}","templated":true}]}}