{"id":1592,"date":"2026-03-22T16:07:54","date_gmt":"2026-03-22T15:07:54","guid":{"rendered":"https:\/\/artculture6.com\/?post_type=product&#038;p=1592"},"modified":"2026-03-22T16:07:54","modified_gmt":"2026-03-22T15:07:54","slug":"vallee-et-abbaye-de-sixt-haute-savoie-1864-lithographie-montagne-france","status":"publish","type":"product","link":"https:\/\/artculture6.com\/index.php\/product\/vallee-et-abbaye-de-sixt-haute-savoie-1864-lithographie-montagne-france\/","title":{"rendered":"Vall\u00e9e et Abbaye de Sixt Haute-Savoie 1864 Lithographie montagne France"},"content":{"rendered":"<p style=\"font-weight: 400;\">R\u00e9f\u00e9rence\u00a05400-25R789<\/p>\n<p style=\"font-weight: 400;\">Je vous propose cette lithographie originale vers 1864\u00a0repr\u00e9sentant\u00a0<em data-start=\"567\" data-end=\"613\">la Vall\u00e9e et l\u2019Abbaye de Sixt (Haute-Savoie)<\/em>, r\u00e9alis\u00e9e d\u2019apr\u00e8s\u00a0F\u00e9lix Benoist.<\/p>\n<p style=\"font-weight: 400;\" data-start=\"672\" data-end=\"936\">\u00a0La composition offre une vue d\u00e9taill\u00e9e du village de Sixt, domin\u00e9 par son abbaye, au c\u0153ur d\u2019un environnement montagneux spectaculaire.<\/p>\n<p style=\"font-weight: 400;\" data-start=\"938\" data-end=\"1217\">Le paysage est structur\u00e9 autour de la vall\u00e9e travers\u00e9e par un cours d\u2019eau, encadr\u00e9e par des reliefs alpins puissants. Les sc\u00e8nes de vie rurales (personnages, habitations, animaux) enrichissent la composition et t\u00e9moignent du regard pittoresque port\u00e9 sur les Alpes \u00e0 cette \u00e9poque.<\/p>\n<p style=\"font-weight: 400;\" data-start=\"1219\" data-end=\"1308\">\u00c9tat :<br data-start=\"1225\" data-end=\"1228\" \/>Bon \u00e9tat g\u00e9n\u00e9ral avec l\u00e9g\u00e8res traces d\u2019usage en marges, sans atteinte \u00e0 l\u2019image.<\/p>\n<p style=\"font-weight: 400;\" data-start=\"1310\" data-end=\"1374\">Dimensions :<br data-start=\"1322\" data-end=\"1325\" \/>Feuille : 47,2 \u00d7 31 cm<br data-start=\"1347\" data-end=\"1350\" \/>Image : 31,3 \u00d7 21,5 cm<\/p>\n<p style=\"font-weight: 400;\" data-start=\"1376\" data-end=\"1501\">Une pi\u00e8ce d\u00e9corative et historique, id\u00e9ale pour amateurs de paysages alpins, de patrimoine savoyard ou de gravures anciennes.<\/p>\n","protected":false},"excerpt":{"rendered":"<p>Lithographie ancienne de 1864 repr\u00e9sentant la vall\u00e9e et l\u2019abbaye de Sixt en Haute-Savoie, d\u2019apr\u00e8s <span class=\"hover:entity-accent entity-underline inline cursor-pointer align-baseline\"><span class=\"whitespace-normal\">F\u00e9lix Benoist<\/span><\/span>. Belle vue alpine anim\u00e9e. Feuille : 47,2 \u00d7 31 cm ; image : 31,3 \u00d7 21,5 cm. Bon \u00e9tat.<\/p>\n","protected":false},"featured_media":1593,"comment_status":"open","ping_status":"closed","template":"","meta":[],"product_brand":[],"product_cat":[459,554],"product_tag":[944,821,924,834,922,154,815,921,825,819,945,822,816,943],"class_list":{"0":"post-1592","1":"product","2":"type-product","3":"status-publish","4":"has-post-thumbnail","6":"product_cat-haute-savoie","7":"product_cat-lithographie","8":"product_tag-abbaye-sixt","9":"product_tag-alpes","10":"product_tag-decor-montagne","11":"product_tag-felix-benoist","12":"product_tag-france-xixe","13":"product_tag-gravure-ancienne","14":"product_tag-haute-savoie","15":"product_tag-lithographie-xixe","16":"product_tag-montagne","17":"product_tag-nice-et-savoie","18":"product_tag-patrimoine","19":"product_tag-paysage-alpin","20":"product_tag-savoie","21":"product_tag-sixt","23":"first","24":"instock","25":"shipping-taxable","26":"purchasable","27":"product-type-simple"},"_links":{"self":[{"href":"https:\/\/artculture6.com\/index.php\/wp-json\/wp\/v2\/product\/1592","targetHints":{"allow":["GET"]}}],"collection":[{"href":"https:\/\/artculture6.com\/index.php\/wp-json\/wp\/v2\/product"}],"about":[{"href":"https:\/\/artculture6.com\/index.php\/wp-json\/wp\/v2\/types\/product"}],"replies":[{"embeddable":true,"href":"https:\/\/artculture6.com\/index.php\/wp-json\/wp\/v2\/comments?post=1592"}],"wp:featuredmedia":[{"embeddable":true,"href":"https:\/\/artculture6.com\/index.php\/wp-json\/wp\/v2\/media\/1593"}],"wp:attachment":[{"href":"https:\/\/artculture6.com\/index.php\/wp-json\/wp\/v2\/media?parent=1592"}],"wp:term":[{"taxonomy":"product_brand","embeddable":true,"href":"https:\/\/artculture6.com\/index.php\/wp-json\/wp\/v2\/product_brand?post=1592"},{"taxonomy":"product_cat","embeddable":true,"href":"https:\/\/artculture6.com\/index.php\/wp-json\/wp\/v2\/product_cat?post=1592"},{"taxonomy":"product_tag","embeddable":true,"href":"https:\/\/artculture6.com\/index.php\/wp-json\/wp\/v2\/product_tag?post=1592"}],"curies":[{"name":"wp","href":"https:\/\/api.w.org\/{rel}","templated":true}]}}