{"id":1577,"date":"2026-03-22T10:29:44","date_gmt":"2026-03-22T09:29:44","guid":{"rendered":"https:\/\/artculture6.com\/?post_type=product&#038;p=1577"},"modified":"2026-03-22T10:29:44","modified_gmt":"2026-03-22T09:29:44","slug":"sixt-haute-savoie-le-fer-a-cheval-et-le-mont-tenneverges-1864-lithographie","status":"publish","type":"product","link":"https:\/\/artculture6.com\/index.php\/product\/sixt-haute-savoie-le-fer-a-cheval-et-le-mont-tenneverges-1864-lithographie\/","title":{"rendered":"SIXT Haute-Savoie LE FER-A-CHEVAL ET LE MONT TENNEVERGES 1864 Lithographie"},"content":{"rendered":"<p style=\"font-weight: 400;\">R\u00e9f\u00e9rence\u00a05400-23R788<\/p>\n<p style=\"font-weight: 400;\">Je vous propose cette lithographie originale vers 1864\u00a0repr\u00e9sentant\u00a0<em data-start=\"586\" data-end=\"626\">Le Fer-\u00e0-Cheval et le Mont Tenneverges<\/em>, situ\u00e9e \u00e0 Sixt en Haute-Savoie, r\u00e9alis\u00e9e d\u2019apr\u00e8s\u00a0F\u00e9lix Benoist.<\/p>\n<p style=\"font-weight: 400;\" data-start=\"716\" data-end=\"998\">Le c\u00e9l\u00e8bre cirque du Fer-\u00e0-Cheval, site naturel majeur connu pour ses falaises monumentales et ses nombreuses cascades.<\/p>\n<p style=\"font-weight: 400;\" data-start=\"1000\" data-end=\"1211\">La composition met en valeur l\u2019ampleur du paysage avec un traitement d\u00e9taill\u00e9 des reliefs, des chutes d\u2019eau et des figures humaines au premier plan, apportant une dimension \u00e0 la fois pittoresque et documentaire.<\/p>\n<p style=\"font-weight: 400;\" data-start=\"1420\" data-end=\"1578\">Cette lithographie constitue une pi\u00e8ce tr\u00e8s d\u00e9corative et recherch\u00e9e, id\u00e9ale pour amateurs de paysages alpins, de patrimoine naturel ou de gravures anciennes.<\/p>\n<p style=\"font-weight: 400;\">Feuille : 42,8 \u00d7 32 cm<br \/>\nLa gravure Seule : 32,5 \u00d7 21,7 cm<\/p>\n","protected":false},"excerpt":{"rendered":"<p>sixt fer a cheval, haute savoie, alpes, felix benoist, lithographie 1864, paysage alpin, cascades, montagne, vue ancienne, france ancienne, gravure ancienne, antique print, alpine landscape, waterfall, french alps, nice et savoie, decor montagne, paysage spectaculaire, cirque fer a cheval, savoie tourisme<\/p>\n","protected":false},"featured_media":1578,"comment_status":"open","ping_status":"closed","template":"","meta":[],"product_brand":[],"product_cat":[459,554],"product_tag":[821,937,924,834,922,923,815,921,825,819,939,822,938,936,830],"class_list":{"0":"post-1577","1":"product","2":"type-product","3":"status-publish","4":"has-post-thumbnail","6":"product_cat-haute-savoie","7":"product_cat-lithographie","8":"product_tag-alpes","9":"product_tag-cascades","10":"product_tag-decor-montagne","11":"product_tag-felix-benoist","12":"product_tag-france-xixe","13":"product_tag-gravure-paysage","14":"product_tag-haute-savoie","15":"product_tag-lithographie-xixe","16":"product_tag-montagne","17":"product_tag-nice-et-savoie","18":"product_tag-patrimoine-alpin","19":"product_tag-paysage-alpin","20":"product_tag-site-naturel","21":"product_tag-sixt-fer-a-cheval","22":"product_tag-vue-ancienne","24":"first","25":"instock","26":"shipping-taxable","27":"purchasable","28":"product-type-simple"},"_links":{"self":[{"href":"https:\/\/artculture6.com\/index.php\/wp-json\/wp\/v2\/product\/1577","targetHints":{"allow":["GET"]}}],"collection":[{"href":"https:\/\/artculture6.com\/index.php\/wp-json\/wp\/v2\/product"}],"about":[{"href":"https:\/\/artculture6.com\/index.php\/wp-json\/wp\/v2\/types\/product"}],"replies":[{"embeddable":true,"href":"https:\/\/artculture6.com\/index.php\/wp-json\/wp\/v2\/comments?post=1577"}],"wp:featuredmedia":[{"embeddable":true,"href":"https:\/\/artculture6.com\/index.php\/wp-json\/wp\/v2\/media\/1578"}],"wp:attachment":[{"href":"https:\/\/artculture6.com\/index.php\/wp-json\/wp\/v2\/media?parent=1577"}],"wp:term":[{"taxonomy":"product_brand","embeddable":true,"href":"https:\/\/artculture6.com\/index.php\/wp-json\/wp\/v2\/product_brand?post=1577"},{"taxonomy":"product_cat","embeddable":true,"href":"https:\/\/artculture6.com\/index.php\/wp-json\/wp\/v2\/product_cat?post=1577"},{"taxonomy":"product_tag","embeddable":true,"href":"https:\/\/artculture6.com\/index.php\/wp-json\/wp\/v2\/product_tag?post=1577"}],"curies":[{"name":"wp","href":"https:\/\/api.w.org\/{rel}","templated":true}]}}