{"id":1571,"date":"2026-03-22T02:16:35","date_gmt":"2026-03-22T01:16:35","guid":{"rendered":"https:\/\/artculture6.com\/?post_type=product&#038;p=1571"},"modified":"2026-03-22T02:16:35","modified_gmt":"2026-03-22T01:16:35","slug":"jacques-de-barbari-1440-1516-le-maitre-au-caducee-saint-sebastien-amand-durand","status":"publish","type":"product","link":"https:\/\/artculture6.com\/index.php\/product\/jacques-de-barbari-1440-1516-le-maitre-au-caducee-saint-sebastien-amand-durand\/","title":{"rendered":"Jacques de Barbari 1440-1516 Le Maitre Au Caducee Saint Sebastien Amand Durand"},"content":{"rendered":"<p data-start=\"640\" data-end=\"803\">Je vous propose une gravure ancienne repr\u00e9sentant <em data-start=\"690\" data-end=\"707\">Saint S\u00e9bastien<\/em>, d\u2019apr\u00e8s <span class=\"hover:entity-accent entity-underline inline cursor-pointer align-baseline\"><span class=\"whitespace-normal\">Jacopo de&rsquo; Barbari<\/span><\/span>, \u00e9galement connu comme le \u00ab Ma\u00eetre au caduc\u00e9e \u00bb.<\/p>\n<p data-start=\"805\" data-end=\"1016\">Ce tirage a \u00e9t\u00e9 r\u00e9alis\u00e9 vers 1880 par <span class=\"hover:entity-accent entity-underline inline cursor-pointer align-baseline\"><span class=\"whitespace-normal\">Amand Durand<\/span><\/span>, c\u00e9l\u00e8bre pour ses reproductions extr\u00eamement fid\u00e8les des ma\u00eetres anciens, obtenues par des proc\u00e9d\u00e9s photom\u00e9caniques de grande pr\u00e9cision.<\/p>\n<p data-start=\"1018\" data-end=\"1303\">La composition reprend l\u2019iconographie classique de Saint S\u00e9bastien, figure du martyre chr\u00e9tien, repr\u00e9sent\u00e9 attach\u00e9 \u00e0 un tronc et transperc\u00e9 de fl\u00e8ches. Le traitement du corps, le model\u00e9 et la finesse du trait t\u00e9moignent de la qualit\u00e9 du mod\u00e8le Renaissance et du savoir-faire de Durand.<\/p>\n<p data-start=\"1305\" data-end=\"1360\">Support :<br data-start=\"1314\" data-end=\"1317\" \/>Papier verg\u00e9 ancien avec filigrane visible.<\/p>\n<p data-start=\"1501\" data-end=\"1540\">Dimensions :<br data-start=\"1513\" data-end=\"1516\" \/>Feuille : 29,9 \u00d7 15 cm<\/p>\n<p data-start=\"1542\" data-end=\"1701\">Il s\u2019agit d\u2019une pi\u00e8ce recherch\u00e9e \u00e0 la fois pour son sujet, son origine Renaissance et la qualit\u00e9 des reproductions Durand, tr\u00e8s appr\u00e9ci\u00e9es des collectionneurs.<\/p>\n","protected":false},"excerpt":{"rendered":"<p>Gravure ancienne repr\u00e9sentant Saint S\u00e9bastien, d\u2019apr\u00e8s <span class=\"hover:entity-accent entity-underline inline cursor-pointer align-baseline\"><span class=\"whitespace-normal\">Jacopo de&rsquo; Barbari<\/span><\/span>, reproduite par le proc\u00e9d\u00e9 d\u2019<span class=\"hover:entity-accent entity-underline inline cursor-pointer align-baseline\"><span class=\"whitespace-normal\">Amand Durand<\/span><\/span>vers 1880. Tirage sur papier verg\u00e9 filigran\u00e9. Feuille : 29,9 \u00d7 15 cm. Tr\u00e8s belle qualit\u00e9 de trait.<\/p>\n","protected":false},"featured_media":1573,"comment_status":"open","ping_status":"closed","template":"","meta":[],"product_brand":[],"product_cat":[559,557,350],"product_tag":[930,150,933,935,148,932,154,149,928,929,934,732,31,931,927],"class_list":{"0":"post-1571","1":"product","2":"type-product","3":"status-publish","4":"has-post-thumbnail","6":"product_cat-amand-durand-charles-1831-1904","7":"product_cat-artistes-2","8":"product_cat-mythes-religions-esoterisme","9":"product_tag-amand-durand","10":"product_tag-art-religieux","11":"product_tag-art-sacre","12":"product_tag-collection-gravure","13":"product_tag-estampe-ancienne","14":"product_tag-filigrane","15":"product_tag-gravure-ancienne","16":"product_tag-gravure-xixe","17":"product_tag-jacopo-de-barbari","18":"product_tag-maitre-au-caducee","19":"product_tag-nu-classique","20":"product_tag-papier-verge","21":"product_tag-renaissance","22":"product_tag-reproduction-maitre","23":"product_tag-saint-sebastien","25":"first","26":"instock","27":"shipping-taxable","28":"purchasable","29":"product-type-simple"},"_links":{"self":[{"href":"https:\/\/artculture6.com\/index.php\/wp-json\/wp\/v2\/product\/1571","targetHints":{"allow":["GET"]}}],"collection":[{"href":"https:\/\/artculture6.com\/index.php\/wp-json\/wp\/v2\/product"}],"about":[{"href":"https:\/\/artculture6.com\/index.php\/wp-json\/wp\/v2\/types\/product"}],"replies":[{"embeddable":true,"href":"https:\/\/artculture6.com\/index.php\/wp-json\/wp\/v2\/comments?post=1571"}],"wp:featuredmedia":[{"embeddable":true,"href":"https:\/\/artculture6.com\/index.php\/wp-json\/wp\/v2\/media\/1573"}],"wp:attachment":[{"href":"https:\/\/artculture6.com\/index.php\/wp-json\/wp\/v2\/media?parent=1571"}],"wp:term":[{"taxonomy":"product_brand","embeddable":true,"href":"https:\/\/artculture6.com\/index.php\/wp-json\/wp\/v2\/product_brand?post=1571"},{"taxonomy":"product_cat","embeddable":true,"href":"https:\/\/artculture6.com\/index.php\/wp-json\/wp\/v2\/product_cat?post=1571"},{"taxonomy":"product_tag","embeddable":true,"href":"https:\/\/artculture6.com\/index.php\/wp-json\/wp\/v2\/product_tag?post=1571"}],"curies":[{"name":"wp","href":"https:\/\/api.w.org\/{rel}","templated":true}]}}