{"id":1563,"date":"2026-03-22T00:47:44","date_gmt":"2026-03-21T23:47:44","guid":{"rendered":"https:\/\/artculture6.com\/?post_type=product&#038;p=1563"},"modified":"2026-03-22T00:47:45","modified_gmt":"2026-03-21T23:47:45","slug":"rumilly-haute-savoie-vue-generale-1864-lithographie-felix-benoist-alpes-france","status":"publish","type":"product","link":"https:\/\/artculture6.com\/index.php\/product\/rumilly-haute-savoie-vue-generale-1864-lithographie-felix-benoist-alpes-france\/","title":{"rendered":"Rumilly Haute-Savoie vue G\u00e9n\u00e9rale 1864 Lithographie F\u00e9lix Benoist Alpes France"},"content":{"rendered":"<p style=\"font-weight: 400;\">R\u00e9f\u00e9rence\u00a05400-20R788<\/p>\n<p style=\"font-weight: 400;\">Je vous propose cette lithographie originale vers 1864\u00a0repr\u00e9sentant\u00a0Rumilly\u00a0Haute-Savoie lithographie de F\u00e9lix Benoist.\u00a0La composition offre une vue panoramique de Rumilly, avec sa rivi\u00e8re, ses reliefs alpins et ses sc\u00e8nes de vie rurale, dans un style \u00e0 la fois documentaire et esth\u00e9tique.<\/p>\n<p style=\"font-weight: 400;\">Le traitement lithographique offre une belle finesse dans les d\u00e9grad\u00e9s et les textures, avec une lecture claire du paysage et une atmosph\u00e8re \u00e0 la fois documentaire et esth\u00e9tique. Tr\u00e8s belle pi\u00e8ce.<\/p>\n<p style=\"font-weight: 400;\">La Feuille : 47,8 \u00d7 31 cm<br \/>\nImage : 32 \u00d7 22 cm<\/p>\n","protected":false},"excerpt":{"rendered":"<p>Lithographie de 1864 repr\u00e9sentant Rumilly en Haute-Savoie par <span class=\"hover:entity-accent entity-underline inline cursor-pointer align-baseline\"><span class=\"whitespace-normal\">F\u00e9lix Benoist<\/span><\/span>. Belle vue g\u00e9n\u00e9rale anim\u00e9e avec rivi\u00e8re et paysage alpin. Tirage ancien sur grand papier. Dimensions feuille : 47,8 \u00d7 31 cm ; image : 32 \u00d7 22 cm. Bon \u00e9tat, l\u00e9g\u00e8res traces du temps en marges.<\/p>\n","protected":false},"featured_media":1565,"comment_status":"open","ping_status":"closed","template":"","meta":[],"product_brand":[],"product_cat":[459,554],"product_tag":[821,172,834,922,923,815,926,921,907,822,925,830],"class_list":{"0":"post-1563","1":"product","2":"type-product","3":"status-publish","4":"has-post-thumbnail","6":"product_cat-haute-savoie","7":"product_cat-lithographie","8":"product_tag-alpes","9":"product_tag-art-francais","10":"product_tag-felix-benoist","11":"product_tag-france-xixe","12":"product_tag-gravure-paysage","13":"product_tag-haute-savoie","14":"product_tag-illustration-topographique","15":"product_tag-lithographie-xixe","16":"product_tag-patrimoine-francais","17":"product_tag-paysage-alpin","18":"product_tag-rumilly","19":"product_tag-vue-ancienne","21":"first","22":"instock","23":"shipping-taxable","24":"purchasable","25":"product-type-simple"},"_links":{"self":[{"href":"https:\/\/artculture6.com\/index.php\/wp-json\/wp\/v2\/product\/1563","targetHints":{"allow":["GET"]}}],"collection":[{"href":"https:\/\/artculture6.com\/index.php\/wp-json\/wp\/v2\/product"}],"about":[{"href":"https:\/\/artculture6.com\/index.php\/wp-json\/wp\/v2\/types\/product"}],"replies":[{"embeddable":true,"href":"https:\/\/artculture6.com\/index.php\/wp-json\/wp\/v2\/comments?post=1563"}],"wp:featuredmedia":[{"embeddable":true,"href":"https:\/\/artculture6.com\/index.php\/wp-json\/wp\/v2\/media\/1565"}],"wp:attachment":[{"href":"https:\/\/artculture6.com\/index.php\/wp-json\/wp\/v2\/media?parent=1563"}],"wp:term":[{"taxonomy":"product_brand","embeddable":true,"href":"https:\/\/artculture6.com\/index.php\/wp-json\/wp\/v2\/product_brand?post=1563"},{"taxonomy":"product_cat","embeddable":true,"href":"https:\/\/artculture6.com\/index.php\/wp-json\/wp\/v2\/product_cat?post=1563"},{"taxonomy":"product_tag","embeddable":true,"href":"https:\/\/artculture6.com\/index.php\/wp-json\/wp\/v2\/product_tag?post=1563"}],"curies":[{"name":"wp","href":"https:\/\/api.w.org\/{rel}","templated":true}]}}