{"id":1556,"date":"2026-03-21T21:02:38","date_gmt":"2026-03-21T20:02:38","guid":{"rendered":"https:\/\/artculture6.com\/?post_type=product&#038;p=1556"},"modified":"2026-03-22T10:00:14","modified_gmt":"2026-03-22T09:00:14","slug":"saint-jeoire-savoie-chateau-beauregard-1864-felix-benoist-lithographie-france","status":"publish","type":"product","link":"https:\/\/artculture6.com\/index.php\/product\/saint-jeoire-savoie-chateau-beauregard-1864-felix-benoist-lithographie-france\/","title":{"rendered":"Saint Jeoire Haute-Savoie Ch\u00e2teau Beauregard 1864 Benoist Lithographie France"},"content":{"rendered":"<p style=\"font-weight: 400;\">R\u00e9f\u00e9rence\u00a05400-21R788<\/p>\n<p style=\"font-weight: 400;\">Je vous propose cette lithographie originale vers 1864\u00a0repr\u00e9sentant\u00a0Saint-Jeoire et Ch\u00e2teau de Beauregard\u00a0Haute-Savoie lithographie de F\u00e9lix Benoist.<\/p>\n<p style=\"font-weight: 400;\">La composition met en sc\u00e8ne le ch\u00e2teau de Beauregard dominant Saint-Jeoire, avec une vue structur\u00e9e m\u00ealant architecture, relief montagneux et sc\u00e8nes de promenade.<\/p>\n<p style=\"font-weight: 400;\">Le traitement lithographique offre une belle finesse dans les d\u00e9grad\u00e9s et les textures, avec une lecture claire du paysage et une atmosph\u00e8re \u00e0 la fois documentaire et esth\u00e9tique. Tr\u00e8s belle pi\u00e8ce.<\/p>\n<p style=\"font-weight: 400;\">Feuille : 47,7 \u00d7 32 cm<br \/>\nImage : 32 \u00d7 23,5 cm<\/p>\n<p style=\"font-weight: 400;\">\n","protected":false},"excerpt":{"rendered":"<p>Lithographie ancienne de 1864 repr\u00e9sentant Saint-Jeoire et le ch\u00e2teau de Beauregard en Haute-Savoie, par <span class=\"hover:entity-accent entity-underline inline cursor-pointer align-baseline\"><span class=\"whitespace-normal\">F\u00e9lix Benoist<\/span><\/span>. Belle vue alpine anim\u00e9e, typique de la s\u00e9rie <em data-start=\"421\" data-end=\"437\">Nice et Savoie<\/em>. Feuille : 47,7 \u00d7 32 cm ; image : 32 \u00d7 23,5 cm. Bon \u00e9tat g\u00e9n\u00e9ral.<\/p>\n","protected":false},"featured_media":1557,"comment_status":"open","ping_status":"closed","template":"","meta":[],"product_brand":[],"product_cat":[459,383,554,355],"product_tag":[821,920,924,834,922,923,815,921,819,907,822,919,816,830],"class_list":{"0":"post-1556","1":"product","2":"type-product","3":"status-publish","4":"has-post-thumbnail","6":"product_cat-haute-savoie","7":"product_cat-histoire-xix-siecle","8":"product_cat-lithographie","9":"product_cat-paysages","10":"product_tag-alpes","11":"product_tag-chateau-beauregard","12":"product_tag-decor-montagne","13":"product_tag-felix-benoist","14":"product_tag-france-xixe","15":"product_tag-gravure-paysage","16":"product_tag-haute-savoie","17":"product_tag-lithographie-xixe","18":"product_tag-nice-et-savoie","19":"product_tag-patrimoine-francais","20":"product_tag-paysage-alpin","21":"product_tag-saint-jeoire","22":"product_tag-savoie","23":"product_tag-vue-ancienne","25":"first","26":"instock","27":"shipping-taxable","28":"purchasable","29":"product-type-simple"},"_links":{"self":[{"href":"https:\/\/artculture6.com\/index.php\/wp-json\/wp\/v2\/product\/1556","targetHints":{"allow":["GET"]}}],"collection":[{"href":"https:\/\/artculture6.com\/index.php\/wp-json\/wp\/v2\/product"}],"about":[{"href":"https:\/\/artculture6.com\/index.php\/wp-json\/wp\/v2\/types\/product"}],"replies":[{"embeddable":true,"href":"https:\/\/artculture6.com\/index.php\/wp-json\/wp\/v2\/comments?post=1556"}],"wp:featuredmedia":[{"embeddable":true,"href":"https:\/\/artculture6.com\/index.php\/wp-json\/wp\/v2\/media\/1557"}],"wp:attachment":[{"href":"https:\/\/artculture6.com\/index.php\/wp-json\/wp\/v2\/media?parent=1556"}],"wp:term":[{"taxonomy":"product_brand","embeddable":true,"href":"https:\/\/artculture6.com\/index.php\/wp-json\/wp\/v2\/product_brand?post=1556"},{"taxonomy":"product_cat","embeddable":true,"href":"https:\/\/artculture6.com\/index.php\/wp-json\/wp\/v2\/product_cat?post=1556"},{"taxonomy":"product_tag","embeddable":true,"href":"https:\/\/artculture6.com\/index.php\/wp-json\/wp\/v2\/product_tag?post=1556"}],"curies":[{"name":"wp","href":"https:\/\/api.w.org\/{rel}","templated":true}]}}