{"id":1551,"date":"2026-03-21T17:49:08","date_gmt":"2026-03-21T16:49:08","guid":{"rendered":"https:\/\/artculture6.com\/?post_type=product&#038;p=1551"},"modified":"2026-03-21T17:49:08","modified_gmt":"2026-03-21T16:49:08","slug":"rembrandt-un-rabbin-flameng-gravure-c-1880-portrait-ancien-judaica-art","status":"publish","type":"product","link":"https:\/\/artculture6.com\/index.php\/product\/rembrandt-un-rabbin-flameng-gravure-c-1880-portrait-ancien-judaica-art\/","title":{"rendered":"Rembrandt Un Rabbin Flameng Gravure c 1880 Portrait Ancien Judaica Art"},"content":{"rendered":"<p style=\"font-weight: 400;\">R\u00e9f\u00e9rence\u00a05401-4R789<\/p>\n<p style=\"font-weight: 400;\" data-start=\"294\" data-end=\"456\">Gravure ancienne intitul\u00e9e\u00a0<em data-start=\"321\" data-end=\"332\">Un Rabbin<\/em>, r\u00e9alis\u00e9e au XIXe si\u00e8cle d\u2019apr\u00e8s\u00a0Rembrandt\u00a0et grav\u00e9e par\u00a0L\u00e9opold Flameng.<\/p>\n<p style=\"font-weight: 400;\" data-start=\"458\" data-end=\"763\">Ce portrait en buste, d\u2019une grande intensit\u00e9 expressive, illustre parfaitement l\u2019influence de Rembrandt : travail subtil des ombres, profondeur du regard et richesse des textures. La barbe et les traits du visage sont trait\u00e9s avec une grande finesse, typique de la gravure d\u2019interpr\u00e9tation du XIXe si\u00e8cle.<\/p>\n<p style=\"font-weight: 400;\" data-start=\"765\" data-end=\"898\">Il s\u2019agit d\u2019un tirage ancien sur papier verg\u00e9 Arches avec larges marges.<\/p>\n<p style=\"font-weight: 400;\" data-start=\"900\" data-end=\"1080\">Dimensions :\u00a0la feuille fait 31 cm par 21,3 cm la gravure seule fait 11,9 cm par 10 cm<\/p>\n<p style=\"font-weight: 400;\" data-start=\"1135\" data-end=\"1261\">Une pi\u00e8ce classique et recherch\u00e9e, id\u00e9ale pour collectionneur d\u2019estampes anciennes, amateur d\u2019art hollandais ou sujet Judaica.<\/p>\n","protected":false},"excerpt":{"rendered":"<p>Gravure \u00e0 la pointe s\u00e8che intitul\u00e9e <em data-start=\"109\" data-end=\"120\">Un Rabbin<\/em>, d\u2019apr\u00e8s <span class=\"hover:entity-accent entity-underline inline cursor-pointer align-baseline\"><span class=\"whitespace-normal\">Rembrandt<\/span><\/span>, grav\u00e9e par <span class=\"hover:entity-accent entity-underline inline cursor-pointer align-baseline\"><span class=\"whitespace-normal\">L\u00e9opold Flameng<\/span><\/span>. Portrait puissant et expressif dans l\u2019esprit des ma\u00eetres hollandais. Tirage ancien sur beau papier avec larges marges. Dimensions feuille : 31 \u00d7 21,3 cm ; gravure : 11,9 \u00d7 10 cm. Bon \u00e9tat g\u00e9n\u00e9ral, l\u00e9g\u00e8res traces du temps sans atteinte \u00e0 l\u2019image.<\/p>\n","protected":false},"featured_media":1552,"comment_status":"open","ping_status":"closed","template":"","meta":[],"product_brand":[],"product_cat":[557,521,598],"product_tag":[155,918,914,141,148,912,149,911,917,916,913,910,144,915],"class_list":{"0":"post-1551","1":"product","2":"type-product","3":"status-publish","4":"has-post-thumbnail","6":"product_cat-artistes-2","7":"product_cat-gravures-xix-siecle","8":"product_cat-rembrandt-van-rijn-1606-1669","9":"product_tag-art-classique","10":"product_tag-art-europeen","11":"product_tag-art-hollandais","12":"product_tag-collection-estampe","13":"product_tag-estampe-ancienne","14":"product_tag-flameng","15":"product_tag-gravure-xixe","16":"product_tag-gravure-rembrandt","17":"product_tag-judaica-art","18":"product_tag-portrait-barbe","19":"product_tag-portrait-homme","20":"product_tag-rabbin","21":"product_tag-rembrandt","22":"product_tag-vieux-maitre","24":"first","25":"instock","26":"shipping-taxable","27":"purchasable","28":"product-type-simple"},"_links":{"self":[{"href":"https:\/\/artculture6.com\/index.php\/wp-json\/wp\/v2\/product\/1551","targetHints":{"allow":["GET"]}}],"collection":[{"href":"https:\/\/artculture6.com\/index.php\/wp-json\/wp\/v2\/product"}],"about":[{"href":"https:\/\/artculture6.com\/index.php\/wp-json\/wp\/v2\/types\/product"}],"replies":[{"embeddable":true,"href":"https:\/\/artculture6.com\/index.php\/wp-json\/wp\/v2\/comments?post=1551"}],"wp:featuredmedia":[{"embeddable":true,"href":"https:\/\/artculture6.com\/index.php\/wp-json\/wp\/v2\/media\/1552"}],"wp:attachment":[{"href":"https:\/\/artculture6.com\/index.php\/wp-json\/wp\/v2\/media?parent=1551"}],"wp:term":[{"taxonomy":"product_brand","embeddable":true,"href":"https:\/\/artculture6.com\/index.php\/wp-json\/wp\/v2\/product_brand?post=1551"},{"taxonomy":"product_cat","embeddable":true,"href":"https:\/\/artculture6.com\/index.php\/wp-json\/wp\/v2\/product_cat?post=1551"},{"taxonomy":"product_tag","embeddable":true,"href":"https:\/\/artculture6.com\/index.php\/wp-json\/wp\/v2\/product_tag?post=1551"}],"curies":[{"name":"wp","href":"https:\/\/api.w.org\/{rel}","templated":true}]}}