{"id":1523,"date":"2026-03-21T11:50:54","date_gmt":"2026-03-21T10:50:54","guid":{"rendered":"https:\/\/artculture6.com\/?post_type=product&#038;p=1523"},"modified":"2026-03-21T11:50:55","modified_gmt":"2026-03-21T10:50:55","slug":"delft-le-moulin-vert-moulin-pointe-seche-signee-alb-hessenberg-pays-bas-c-1930","status":"publish","type":"product","link":"https:\/\/artculture6.com\/index.php\/product\/delft-le-moulin-vert-moulin-pointe-seche-signee-alb-hessenberg-pays-bas-c-1930\/","title":{"rendered":"Delft Le Moulin Vert moulin pointe s\u00e8che sign\u00e9e Alb Hessenberg Pays-Bas c 1930"},"content":{"rendered":"<p style=\"font-weight: 400;\">R\u00e9f\u00e9rence 5401-1R789<\/p>\n<p style=\"font-weight: 400;\">Je vous propose cette gravure originale en pointe s\u00e8che vers 1930, sign\u00e9e au crayon\u00a0Alb. Hessenberg, repr\u00e9sentant une sc\u00e8ne urbaine hollandaise avec moulin (Delft).<\/p>\n<p style=\"font-weight: 400;\">Le travail du trait est particuli\u00e8rement fin, avec une grande pr\u00e9cision dans le rendu des pav\u00e9s, des fa\u00e7ades et des perspectives. L\u2019ensemble d\u00e9gage une atmosph\u00e8re calme et structur\u00e9e, typique des sc\u00e8nes d\u2019Europe du Nord.<\/p>\n<p style=\"font-weight: 400;\">L\u2019\u00e9preuve est\u00a0sign\u00e9e au crayon\u00a0et\u00a0num\u00e9rot\u00e9e, indiquant un tirage limit\u00e9.<\/p>\n<p style=\"font-weight: 400;\">Coll\u00e9e par les angles et sous pr\u00e9sentation avec marie louis d&rsquo;origine.<\/p>\n<p style=\"font-weight: 400;\">\u00a0 La feuille fait 35,4 cm x 26,5 cm, la gravure seule\u00a0fait 21,8 cm par 15,2 cm.<\/p>\n","protected":false},"excerpt":{"rendered":"<p>Pointe s\u00e8che sign\u00e9e Alb. Hessenberg, num\u00e9rot\u00e9e, sc\u00e8ne hollandaise.<\/p>\n","protected":false},"featured_media":1524,"comment_status":"open","ping_status":"closed","template":"","meta":[],"product_brand":[],"product_cat":[551,225],"product_tag":[868,879,874,869,148,870,878,131,872,867,877,875,873,876,170,871,132],"class_list":{"0":"post-1523","1":"product","2":"type-product","3":"status-publish","4":"has-post-thumbnail","6":"product_cat-eau-forte","7":"product_cat-pays-bas","8":"product_tag-alb-hessenberg","9":"product_tag-art-graphique","10":"product_tag-delft","11":"product_tag-eau-forte","12":"product_tag-estampe-ancienne","13":"product_tag-etching","14":"product_tag-gravure-europeenne","15":"product_tag-gravure-originale","16":"product_tag-gravure-signee","17":"product_tag-hessenberg","18":"product_tag-hollande","19":"product_tag-moulin","20":"product_tag-numerote","21":"product_tag-pays-bas","22":"product_tag-pointe-seche","23":"product_tag-signed-print","24":"product_tag-tirage-limite","26":"first","27":"instock","28":"shipping-taxable","29":"purchasable","30":"product-type-simple"},"_links":{"self":[{"href":"https:\/\/artculture6.com\/index.php\/wp-json\/wp\/v2\/product\/1523","targetHints":{"allow":["GET"]}}],"collection":[{"href":"https:\/\/artculture6.com\/index.php\/wp-json\/wp\/v2\/product"}],"about":[{"href":"https:\/\/artculture6.com\/index.php\/wp-json\/wp\/v2\/types\/product"}],"replies":[{"embeddable":true,"href":"https:\/\/artculture6.com\/index.php\/wp-json\/wp\/v2\/comments?post=1523"}],"wp:featuredmedia":[{"embeddable":true,"href":"https:\/\/artculture6.com\/index.php\/wp-json\/wp\/v2\/media\/1524"}],"wp:attachment":[{"href":"https:\/\/artculture6.com\/index.php\/wp-json\/wp\/v2\/media?parent=1523"}],"wp:term":[{"taxonomy":"product_brand","embeddable":true,"href":"https:\/\/artculture6.com\/index.php\/wp-json\/wp\/v2\/product_brand?post=1523"},{"taxonomy":"product_cat","embeddable":true,"href":"https:\/\/artculture6.com\/index.php\/wp-json\/wp\/v2\/product_cat?post=1523"},{"taxonomy":"product_tag","embeddable":true,"href":"https:\/\/artculture6.com\/index.php\/wp-json\/wp\/v2\/product_tag?post=1523"}],"curies":[{"name":"wp","href":"https:\/\/api.w.org\/{rel}","templated":true}]}}