{"id":1505,"date":"2026-03-20T20:20:27","date_gmt":"2026-03-20T19:20:27","guid":{"rendered":"https:\/\/artculture6.com\/?post_type=product&#038;p=1505"},"modified":"2026-03-20T20:20:27","modified_gmt":"2026-03-20T19:20:27","slug":"eugene-delacroix-1798-1863-lutte-de-jacob-et-de-lange-grave-par-greux-1887","status":"publish","type":"product","link":"https:\/\/artculture6.com\/index.php\/product\/eugene-delacroix-1798-1863-lutte-de-jacob-et-de-lange-grave-par-greux-1887\/","title":{"rendered":"Eug\u00e8ne Delacroix 1798-1863 Lutte de Jacob et de l&rsquo;Ange grav\u00e9 par Greux 1887"},"content":{"rendered":"<p><span style=\"font-family: Arial; font-size: x-large;\">R\u00e9f\u00e9rence 5400-19R788<br \/>\n<\/span><\/p>\n<p><span style=\"font-family: Arial; font-size: x-large;\">Je vous propose cette\u00a0gravure eaux forte en pointe s\u00e8che.<\/span><\/p>\n<p><span style=\"font-family: Arial; font-size: x-large;\">Eug\u00e8ne Delacroix 1798-1863. Lutte de Jacob et de l&rsquo;Ange grav\u00e9 par Greux 1887.<br \/>\n<\/span><\/p>\n<p><span style=\"font-family: Arial; font-size: x-large;\">La feuille fait 36,3 cm par 25 cm, la gravure seule fait 29,1 cm par 19,2 cm.\u00a0<\/span><\/p>\n","protected":false},"excerpt":{"rendered":"<p>Gravure de 1887 repr\u00e9sentant La lutte de Jacob et l\u2019Ange, d\u2019apr\u00e8s Eug\u00e8ne Delacroix, grav\u00e9e par Gustave Greux.<\/p>\n","protected":false},"featured_media":1507,"comment_status":"open","ping_status":"closed","template":"","meta":[],"product_brand":[],"product_cat":[596,551,383,350],"product_tag":[845,153,846,851,847,842,154,149,844,843,850,849,848],"class_list":{"0":"post-1505","1":"product","2":"type-product","3":"status-publish","4":"has-post-thumbnail","6":"product_cat-delacroix-eugene-1798-1863","7":"product_cat-eau-forte","8":"product_cat-histoire-xix-siecle","9":"product_cat-mythes-religions-esoterisme","10":"product_tag-845","11":"product_tag-art-ancien","12":"product_tag-art-romantique","13":"product_tag-beaux-arts","14":"product_tag-bible","15":"product_tag-delacroix","16":"product_tag-gravure-ancienne","17":"product_tag-gravure-xixe","18":"product_tag-gustave-greux","19":"product_tag-jacob-ange","20":"product_tag-peinture-francaise","21":"product_tag-saint-sulpice","22":"product_tag-sujet-biblique","24":"first","25":"instock","26":"shipping-taxable","27":"purchasable","28":"product-type-simple"},"_links":{"self":[{"href":"https:\/\/artculture6.com\/index.php\/wp-json\/wp\/v2\/product\/1505","targetHints":{"allow":["GET"]}}],"collection":[{"href":"https:\/\/artculture6.com\/index.php\/wp-json\/wp\/v2\/product"}],"about":[{"href":"https:\/\/artculture6.com\/index.php\/wp-json\/wp\/v2\/types\/product"}],"replies":[{"embeddable":true,"href":"https:\/\/artculture6.com\/index.php\/wp-json\/wp\/v2\/comments?post=1505"}],"wp:featuredmedia":[{"embeddable":true,"href":"https:\/\/artculture6.com\/index.php\/wp-json\/wp\/v2\/media\/1507"}],"wp:attachment":[{"href":"https:\/\/artculture6.com\/index.php\/wp-json\/wp\/v2\/media?parent=1505"}],"wp:term":[{"taxonomy":"product_brand","embeddable":true,"href":"https:\/\/artculture6.com\/index.php\/wp-json\/wp\/v2\/product_brand?post=1505"},{"taxonomy":"product_cat","embeddable":true,"href":"https:\/\/artculture6.com\/index.php\/wp-json\/wp\/v2\/product_cat?post=1505"},{"taxonomy":"product_tag","embeddable":true,"href":"https:\/\/artculture6.com\/index.php\/wp-json\/wp\/v2\/product_tag?post=1505"}],"curies":[{"name":"wp","href":"https:\/\/api.w.org\/{rel}","templated":true}]}}