{"id":1499,"date":"2026-03-20T19:27:31","date_gmt":"2026-03-20T18:27:31","guid":{"rendered":"https:\/\/artculture6.com\/?post_type=product&#038;p=1499"},"modified":"2026-03-20T19:27:31","modified_gmt":"2026-03-20T18:27:31","slug":"la-roche-haute-savoie-1864-lithographie-felix-benoist-alpes","status":"publish","type":"product","link":"https:\/\/artculture6.com\/index.php\/product\/la-roche-haute-savoie-1864-lithographie-felix-benoist-alpes\/","title":{"rendered":"La Roche Haute-Savoie 1864 Lithographie F\u00e9lix Benoist Alpes"},"content":{"rendered":"<p style=\"font-weight: 400;\">R\u00e9f\u00e9rence\u00a05400-19R788<\/p>\n<p style=\"font-weight: 400;\">Je vous propose cette lithographie originale vers 1864\u00a0repr\u00e9sentant\u00a0La Roche\u00a01864\u00a0Haute-Savoie lithographie de F\u00e9lix Benoist.<\/p>\n<p style=\"font-weight: 400;\" data-start=\"885\" data-end=\"1063\">Le traitement lithographique offre une belle finesse dans les d\u00e9grad\u00e9s et les textures, avec une lecture claire du paysage et une atmosph\u00e8re \u00e0 la fois documentaire et esth\u00e9tique. Tr\u00e8s belle pi\u00e8ce.<\/p>\n<ul>\n<li style=\"font-weight: 400;\" data-section-id=\"112dy9i\" data-start=\"1365\" data-end=\"1397\">Feuille :\u00a0<span data-start=\"1377\" data-end=\"1395\">42 cm \u00d7 31,7 cm<\/span><\/li>\n<li style=\"font-weight: 400;\" data-section-id=\"1mivyhc\" data-start=\"1398\" data-end=\"1424\">Gravure seule :\u00a0<span data-start=\"1408\" data-end=\"1424\">31,9 \u00d7 21,7 cm<\/span><\/li>\n<\/ul>\n","protected":false},"excerpt":{"rendered":"<p>Lithographie de 1864 repr\u00e9sentant La Roche (Haute-Savoie), d\u2019apr\u00e8s F\u00e9lix Benoist, issue de la s\u00e9rie \u00ab Nice et Savoie \u00bb.<\/p>\n","protected":false},"featured_media":1500,"comment_status":"open","ping_status":"closed","template":"","meta":[],"product_brand":[],"product_cat":[459,554],"product_tag":[820,821,827,834,813,815,841,817,825,819,822,816,826,823],"class_list":{"0":"post-1499","1":"product","2":"type-product","3":"status-publish","4":"has-post-thumbnail","6":"product_cat-haute-savoie","7":"product_cat-lithographie","8":"product_tag-820","9":"product_tag-alpes","10":"product_tag-bonneville","11":"product_tag-felix-benoist","12":"product_tag-france-ancienne","13":"product_tag-haute-savoie","14":"product_tag-la-roche","15":"product_tag-lithographie","16":"product_tag-montagne","17":"product_tag-nice-et-savoie","18":"product_tag-paysage-alpin","19":"product_tag-savoie","20":"product_tag-savoie-ancienne","21":"product_tag-vue-de-village","23":"first","24":"instock","25":"shipping-taxable","26":"purchasable","27":"product-type-simple"},"_links":{"self":[{"href":"https:\/\/artculture6.com\/index.php\/wp-json\/wp\/v2\/product\/1499","targetHints":{"allow":["GET"]}}],"collection":[{"href":"https:\/\/artculture6.com\/index.php\/wp-json\/wp\/v2\/product"}],"about":[{"href":"https:\/\/artculture6.com\/index.php\/wp-json\/wp\/v2\/types\/product"}],"replies":[{"embeddable":true,"href":"https:\/\/artculture6.com\/index.php\/wp-json\/wp\/v2\/comments?post=1499"}],"wp:featuredmedia":[{"embeddable":true,"href":"https:\/\/artculture6.com\/index.php\/wp-json\/wp\/v2\/media\/1500"}],"wp:attachment":[{"href":"https:\/\/artculture6.com\/index.php\/wp-json\/wp\/v2\/media?parent=1499"}],"wp:term":[{"taxonomy":"product_brand","embeddable":true,"href":"https:\/\/artculture6.com\/index.php\/wp-json\/wp\/v2\/product_brand?post=1499"},{"taxonomy":"product_cat","embeddable":true,"href":"https:\/\/artculture6.com\/index.php\/wp-json\/wp\/v2\/product_cat?post=1499"},{"taxonomy":"product_tag","embeddable":true,"href":"https:\/\/artculture6.com\/index.php\/wp-json\/wp\/v2\/product_tag?post=1499"}],"curies":[{"name":"wp","href":"https:\/\/api.w.org\/{rel}","templated":true}]}}