{"id":1492,"date":"2026-03-20T14:04:27","date_gmt":"2026-03-20T13:04:27","guid":{"rendered":"https:\/\/artculture6.com\/?post_type=product&#038;p=1492"},"modified":"2026-03-20T14:04:27","modified_gmt":"2026-03-20T13:04:27","slug":"annecy-lac-vue-generale-1864-lithographie-felix-benoist-savoie-bateaux-alpes","status":"publish","type":"product","link":"https:\/\/artculture6.com\/index.php\/product\/annecy-lac-vue-generale-1864-lithographie-felix-benoist-savoie-bateaux-alpes\/","title":{"rendered":"Annecy Lac Vue G\u00e9n\u00e9rale 1864 Lithographie F\u00e9lix Benoist Savoie Bateaux Alpes"},"content":{"rendered":"<p style=\"font-weight: 400;\">R\u00e9f\u00e9rence\u00a05400-18R788<\/p>\n<p style=\"font-weight: 400;\">Je vous propose cette lithographie originale vers 1864\u00a0repr\u00e9sentant\u00a0Annecy Lac Vue G\u00e9n\u00e9rale 1864\u00a0Haute-Savoie lithographie de F\u00e9lix Benoist.<\/p>\n<p style=\"font-weight: 400;\" data-start=\"885\" data-end=\"1063\">Le traitement lithographique offre une belle finesse dans les d\u00e9grad\u00e9s et les textures, avec une lecture claire du paysage et une atmosph\u00e8re \u00e0 la fois documentaire et esth\u00e9tique. Tr\u00e8s belle pi\u00e8ce.<\/p>\n<ul>\n<li style=\"font-weight: 400;\" data-section-id=\"112dy9i\" data-start=\"1365\" data-end=\"1397\">Feuille :\u00a0<span data-start=\"1377\" data-end=\"1395\">47,7 cm \u00d7 29,8 cm<\/span><\/li>\n<li style=\"font-weight: 400;\" data-section-id=\"1mivyhc\" data-start=\"1398\" data-end=\"1424\">Gravure seule :\u00a0<span data-start=\"1408\" data-end=\"1424\">30,3 \u00d7 22 cm<\/span><\/li>\n<\/ul>\n","protected":false},"excerpt":{"rendered":"<p>Lithographie de 1864 repr\u00e9sentant Annecy et son lac avec embarcations, d\u2019apr\u00e8s F\u00e9lix Benoist, s\u00e9rie \u00ab Nice et Savoie \u00bb.<\/p>\n","protected":false},"featured_media":1493,"comment_status":"open","ping_status":"closed","template":"","meta":[],"product_brand":[],"product_cat":[205,521,459,554],"product_tag":[820,835,839,834,813,815,838,836,817,825,840,819,822,816,805],"class_list":{"0":"post-1492","1":"product","2":"type-product","3":"status-publish","4":"has-post-thumbnail","6":"product_cat-france","7":"product_cat-gravures-xix-siecle","8":"product_cat-haute-savoie","9":"product_cat-lithographie","10":"product_tag-820","11":"product_tag-annecy","12":"product_tag-bateaux","13":"product_tag-felix-benoist","14":"product_tag-france-ancienne","15":"product_tag-haute-savoie","16":"product_tag-lac","17":"product_tag-lac-annecy","18":"product_tag-lithographie","19":"product_tag-montagne","20":"product_tag-navigation","21":"product_tag-nice-et-savoie","22":"product_tag-paysage-alpin","23":"product_tag-savoie","24":"product_tag-vue-de-ville","26":"first","27":"instock","28":"shipping-taxable","29":"purchasable","30":"product-type-simple"},"_links":{"self":[{"href":"https:\/\/artculture6.com\/index.php\/wp-json\/wp\/v2\/product\/1492","targetHints":{"allow":["GET"]}}],"collection":[{"href":"https:\/\/artculture6.com\/index.php\/wp-json\/wp\/v2\/product"}],"about":[{"href":"https:\/\/artculture6.com\/index.php\/wp-json\/wp\/v2\/types\/product"}],"replies":[{"embeddable":true,"href":"https:\/\/artculture6.com\/index.php\/wp-json\/wp\/v2\/comments?post=1492"}],"wp:featuredmedia":[{"embeddable":true,"href":"https:\/\/artculture6.com\/index.php\/wp-json\/wp\/v2\/media\/1493"}],"wp:attachment":[{"href":"https:\/\/artculture6.com\/index.php\/wp-json\/wp\/v2\/media?parent=1492"}],"wp:term":[{"taxonomy":"product_brand","embeddable":true,"href":"https:\/\/artculture6.com\/index.php\/wp-json\/wp\/v2\/product_brand?post=1492"},{"taxonomy":"product_cat","embeddable":true,"href":"https:\/\/artculture6.com\/index.php\/wp-json\/wp\/v2\/product_cat?post=1492"},{"taxonomy":"product_tag","embeddable":true,"href":"https:\/\/artculture6.com\/index.php\/wp-json\/wp\/v2\/product_tag?post=1492"}],"curies":[{"name":"wp","href":"https:\/\/api.w.org\/{rel}","templated":true}]}}