{"id":1485,"date":"2026-03-20T13:35:58","date_gmt":"2026-03-20T12:35:58","guid":{"rendered":"https:\/\/artculture6.com\/?post_type=product&#038;p=1485"},"modified":"2026-03-20T13:35:58","modified_gmt":"2026-03-20T12:35:58","slug":"annecy-le-chateau-de-haute-savoie-lithographie-de-1864-alpes-france-benoist","status":"publish","type":"product","link":"https:\/\/artculture6.com\/index.php\/product\/annecy-le-chateau-de-haute-savoie-lithographie-de-1864-alpes-france-benoist\/","title":{"rendered":"Annecy le ch\u00e2teau de Haute-Savoie lithographie de 1864 Alpes France Benoist"},"content":{"rendered":"<p style=\"font-weight: 400;\">R\u00e9f\u00e9rence\u00a05400-17R788<\/p>\n<p style=\"font-weight: 400;\">Je vous propose cette lithographie originale vers 1864\u00a0repr\u00e9sentant\u00a0Annecy le ch\u00e2teau de Haute-Savoie lithographie de F\u00e9lix Benoist.<\/p>\n<p style=\"font-weight: 400;\" data-start=\"885\" data-end=\"1063\">Le traitement lithographique offre une belle finesse dans les d\u00e9grad\u00e9s et les textures, avec une lecture claire du paysage et une atmosph\u00e8re \u00e0 la fois documentaire et esth\u00e9tique. Tr\u00e8s belle pi\u00e8ce.<\/p>\n<ul>\n<li style=\"font-weight: 400;\" data-section-id=\"1n0k4ra\" data-start=\"1227\" data-end=\"1259\">Feuille :\u00a0<span data-start=\"1239\" data-end=\"1257\">45,3 cm \u00d7 32,3 cm<\/span><\/li>\n<li style=\"font-weight: 400;\" data-section-id=\"z64j9p\" data-start=\"1260\" data-end=\"1284\">Image :\u00a0<span data-start=\"1270\" data-end=\"1284\">31,5 cm \u00d7 22 cm<\/span>\n<p data-start=\"1717\" data-end=\"1842\">Lithographie de 1864 repr\u00e9sentant le ch\u00e2teau et le lac d\u2019Annecy, d\u2019apr\u00e8s F\u00e9lix Benoist, issue de la s\u00e9rie \u00ab Nice et Savoie \u00bb.<\/p>\n<\/li>\n<\/ul>\n","protected":false},"excerpt":{"rendered":"<p data-start=\"1717\" data-end=\"1842\">Lithographie de 1864 repr\u00e9sentant le ch\u00e2teau et le lac d\u2019Annecy, d\u2019apr\u00e8s F\u00e9lix Benoist, issue de la s\u00e9rie \u00ab Nice et Savoie \u00bb.<\/p>\n","protected":false},"featured_media":1486,"comment_status":"open","ping_status":"closed","template":"","meta":[],"product_brand":[],"product_cat":[549,521,459,554],"product_tag":[820,821,835,837,834,815,838,836,817,825,819,822,816,826,830],"class_list":{"0":"post-1485","1":"product","2":"type-product","3":"status-publish","4":"has-post-thumbnail","6":"product_cat-gravures-par-siecles","7":"product_cat-gravures-xix-siecle","8":"product_cat-haute-savoie","9":"product_cat-lithographie","10":"product_tag-820","11":"product_tag-alpes","12":"product_tag-annecy","13":"product_tag-chateau-annecy","14":"product_tag-felix-benoist","15":"product_tag-haute-savoie","16":"product_tag-lac","17":"product_tag-lac-annecy","18":"product_tag-lithographie","19":"product_tag-montagne","20":"product_tag-nice-et-savoie","21":"product_tag-paysage-alpin","22":"product_tag-savoie","23":"product_tag-savoie-ancienne","24":"product_tag-vue-ancienne","26":"first","27":"instock","28":"shipping-taxable","29":"purchasable","30":"product-type-simple"},"_links":{"self":[{"href":"https:\/\/artculture6.com\/index.php\/wp-json\/wp\/v2\/product\/1485","targetHints":{"allow":["GET"]}}],"collection":[{"href":"https:\/\/artculture6.com\/index.php\/wp-json\/wp\/v2\/product"}],"about":[{"href":"https:\/\/artculture6.com\/index.php\/wp-json\/wp\/v2\/types\/product"}],"replies":[{"embeddable":true,"href":"https:\/\/artculture6.com\/index.php\/wp-json\/wp\/v2\/comments?post=1485"}],"wp:featuredmedia":[{"embeddable":true,"href":"https:\/\/artculture6.com\/index.php\/wp-json\/wp\/v2\/media\/1486"}],"wp:attachment":[{"href":"https:\/\/artculture6.com\/index.php\/wp-json\/wp\/v2\/media?parent=1485"}],"wp:term":[{"taxonomy":"product_brand","embeddable":true,"href":"https:\/\/artculture6.com\/index.php\/wp-json\/wp\/v2\/product_brand?post=1485"},{"taxonomy":"product_cat","embeddable":true,"href":"https:\/\/artculture6.com\/index.php\/wp-json\/wp\/v2\/product_cat?post=1485"},{"taxonomy":"product_tag","embeddable":true,"href":"https:\/\/artculture6.com\/index.php\/wp-json\/wp\/v2\/product_tag?post=1485"}],"curies":[{"name":"wp","href":"https:\/\/api.w.org\/{rel}","templated":true}]}}