{"id":1478,"date":"2026-03-20T12:04:04","date_gmt":"2026-03-20T11:04:04","guid":{"rendered":"https:\/\/artculture6.com\/?post_type=product&#038;p=1478"},"modified":"2026-03-20T12:04:05","modified_gmt":"2026-03-20T11:04:05","slug":"thone-et-vallee-du-fier-haute-savoie-lithographie-de-1864-dapres-felix-benoist","status":"publish","type":"product","link":"https:\/\/artculture6.com\/index.php\/product\/thone-et-vallee-du-fier-haute-savoie-lithographie-de-1864-dapres-felix-benoist\/","title":{"rendered":"Th\u00f4ne et vall\u00e9e du Fier Haute-Savoie lithographie de 1864 d&rsquo;apr\u00e8s F\u00e9lix Benoist"},"content":{"rendered":"<p style=\"font-weight: 400;\">R\u00e9f\u00e9rence\u00a05400-15R788<\/p>\n<p style=\"font-weight: 400;\">Je vous propose cette lithographie originale vers 1864\u00a0repr\u00e9sentant\u00a0Th\u00f4nes et la vall\u00e9e du Fier en Haute-Savoie<\/p>\n<p style=\"font-weight: 400;\" data-start=\"806\" data-end=\"997\">Le traitement lithographique est fin et nuanc\u00e9, avec une belle ma\u00eetrise des contrastes et une excellente lisibilit\u00e9 du paysage. L\u2019ensemble conjugue qualit\u00e9 esth\u00e9tique et int\u00e9r\u00eat documentaire.<\/p>\n<p style=\"font-weight: 400;\" data-start=\"885\" data-end=\"1063\">F\u00e9lix Benoist, artiste reconnu du XIXe si\u00e8cle, est c\u00e9l\u00e8bre pour ses vues pr\u00e9cises et \u00e9l\u00e9gantes des r\u00e9gions fran\u00e7aises, tr\u00e8s recherch\u00e9es aujourd\u2019hui.Tr\u00e8s belle pi\u00e8ce.<\/p>\n<p>&nbsp;<\/p>\n","protected":false},"excerpt":{"rendered":"<p>Lithographie de 1864 repr\u00e9sentant Th\u00f4nes et la vall\u00e9e du Fier (Haute-Savoie), d\u2019apr\u00e8s F\u00e9lix Benoist, issue de la s\u00e9rie \u00ab Nice et Savoie \u00bb.<\/p>\n","protected":false},"featured_media":1479,"comment_status":"open","ping_status":"closed","template":"","meta":[],"product_brand":[],"product_cat":[459,554,355],"product_tag":[820,821,834,832,815,817,825,819,822,816,826,831,833,830],"class_list":{"0":"post-1478","1":"product","2":"type-product","3":"status-publish","4":"has-post-thumbnail","6":"product_cat-haute-savoie","7":"product_cat-lithographie","8":"product_cat-paysages","9":"product_tag-820","10":"product_tag-alpes","11":"product_tag-felix-benoist","12":"product_tag-fier","13":"product_tag-haute-savoie","14":"product_tag-lithographie","15":"product_tag-montagne","16":"product_tag-nice-et-savoie","17":"product_tag-paysage-alpin","18":"product_tag-savoie","19":"product_tag-savoie-ancienne","20":"product_tag-thones","21":"product_tag-vallee-du-fier","22":"product_tag-vue-ancienne","24":"first","25":"instock","26":"shipping-taxable","27":"purchasable","28":"product-type-simple"},"_links":{"self":[{"href":"https:\/\/artculture6.com\/index.php\/wp-json\/wp\/v2\/product\/1478","targetHints":{"allow":["GET"]}}],"collection":[{"href":"https:\/\/artculture6.com\/index.php\/wp-json\/wp\/v2\/product"}],"about":[{"href":"https:\/\/artculture6.com\/index.php\/wp-json\/wp\/v2\/types\/product"}],"replies":[{"embeddable":true,"href":"https:\/\/artculture6.com\/index.php\/wp-json\/wp\/v2\/comments?post=1478"}],"wp:featuredmedia":[{"embeddable":true,"href":"https:\/\/artculture6.com\/index.php\/wp-json\/wp\/v2\/media\/1479"}],"wp:attachment":[{"href":"https:\/\/artculture6.com\/index.php\/wp-json\/wp\/v2\/media?parent=1478"}],"wp:term":[{"taxonomy":"product_brand","embeddable":true,"href":"https:\/\/artculture6.com\/index.php\/wp-json\/wp\/v2\/product_brand?post=1478"},{"taxonomy":"product_cat","embeddable":true,"href":"https:\/\/artculture6.com\/index.php\/wp-json\/wp\/v2\/product_cat?post=1478"},{"taxonomy":"product_tag","embeddable":true,"href":"https:\/\/artculture6.com\/index.php\/wp-json\/wp\/v2\/product_tag?post=1478"}],"curies":[{"name":"wp","href":"https:\/\/api.w.org\/{rel}","templated":true}]}}