{"id":1465,"date":"2026-03-19T23:01:45","date_gmt":"2026-03-19T22:01:45","guid":{"rendered":"https:\/\/artculture6.com\/?post_type=product&#038;p=1465"},"modified":"2026-03-19T23:18:28","modified_gmt":"2026-03-19T22:18:28","slug":"taninges-haute-savoie-lithographie-de-1864-dapres-fernand-benoit-france-alpes","status":"publish","type":"product","link":"https:\/\/artculture6.com\/index.php\/product\/taninges-haute-savoie-lithographie-de-1864-dapres-fernand-benoit-france-alpes\/","title":{"rendered":"Taninges Haute-Savoie lithographie de 1864 d&rsquo;apr\u00e8s Fernand Benoit France Alpes"},"content":{"rendered":"<p style=\"font-weight: 400;\">R\u00e9f\u00e9rence 5400-12R788<\/p>\n<p style=\"font-weight: 400;\">Je vous propose cette lithographie originale vers 1864\u00a0repr\u00e9sentant\u00a0<span data-start=\"357\" data-end=\"385\">Taninges en Haute-Savoie<\/span>, r\u00e9alis\u00e9e\u00a0<span data-start=\"411\" data-end=\"437\">d\u2019apr\u00e8s F\u00e9lix Benoit.<\/span><\/p>\n<p style=\"font-weight: 400;\" data-start=\"885\" data-end=\"1063\">Le traitement lithographique offre une belle finesse dans les d\u00e9grad\u00e9s et les textures, avec une lecture claire du paysage et une atmosph\u00e8re \u00e0 la fois documentaire et esth\u00e9tique. Tr\u00e8s belle pi\u00e8ce.<\/p>\n<ul>\n<li style=\"font-weight: 400;\" data-section-id=\"1n0k4ra\" data-start=\"1227\" data-end=\"1259\">Feuille :\u00a0<span data-start=\"1239\" data-end=\"1257\">47,7 \u00d7 32,2 cm<\/span><\/li>\n<li style=\"font-weight: 400;\" data-section-id=\"z64j9p\" data-start=\"1260\" data-end=\"1284\">Image :\u00a0<span data-start=\"1270\" data-end=\"1284\">32 \u00d7 22 cm<\/span><\/li>\n<\/ul>\n","protected":false},"excerpt":{"rendered":"<p>Lithographie de 1864 repr\u00e9sentant Taninges (Haute-Savoie), d\u2019apr\u00e8s F\u00e9lix Benoit. Belle vue alpine avec village et montagnes. Format 47,7 \u00d7 32,2 cm.<\/p>\n","protected":false},"featured_media":1466,"comment_status":"open","ping_status":"closed","template":"","meta":[],"product_brand":[],"product_cat":[205,549,521,459,554],"product_tag":[820,821,818,813,815,817,824,825,819,822,816,826,814,823],"class_list":{"0":"post-1465","1":"product","2":"type-product","3":"status-publish","4":"has-post-thumbnail","6":"product_cat-france","7":"product_cat-gravures-par-siecles","8":"product_cat-gravures-xix-siecle","9":"product_cat-haute-savoie","10":"product_cat-lithographie","11":"product_tag-820","12":"product_tag-alpes","13":"product_tag-fernand-benoit","14":"product_tag-france-ancienne","15":"product_tag-haute-savoie","16":"product_tag-lithographie","17":"product_tag-lithographie-ancienne","18":"product_tag-montagne","19":"product_tag-nice-et-savoie","20":"product_tag-paysage-alpin","21":"product_tag-savoie","22":"product_tag-savoie-ancienne","23":"product_tag-taninges","24":"product_tag-vue-de-village","26":"first","27":"instock","28":"shipping-taxable","29":"purchasable","30":"product-type-simple"},"_links":{"self":[{"href":"https:\/\/artculture6.com\/index.php\/wp-json\/wp\/v2\/product\/1465","targetHints":{"allow":["GET"]}}],"collection":[{"href":"https:\/\/artculture6.com\/index.php\/wp-json\/wp\/v2\/product"}],"about":[{"href":"https:\/\/artculture6.com\/index.php\/wp-json\/wp\/v2\/types\/product"}],"replies":[{"embeddable":true,"href":"https:\/\/artculture6.com\/index.php\/wp-json\/wp\/v2\/comments?post=1465"}],"wp:featuredmedia":[{"embeddable":true,"href":"https:\/\/artculture6.com\/index.php\/wp-json\/wp\/v2\/media\/1466"}],"wp:attachment":[{"href":"https:\/\/artculture6.com\/index.php\/wp-json\/wp\/v2\/media?parent=1465"}],"wp:term":[{"taxonomy":"product_brand","embeddable":true,"href":"https:\/\/artculture6.com\/index.php\/wp-json\/wp\/v2\/product_brand?post=1465"},{"taxonomy":"product_cat","embeddable":true,"href":"https:\/\/artculture6.com\/index.php\/wp-json\/wp\/v2\/product_cat?post=1465"},{"taxonomy":"product_tag","embeddable":true,"href":"https:\/\/artculture6.com\/index.php\/wp-json\/wp\/v2\/product_tag?post=1465"}],"curies":[{"name":"wp","href":"https:\/\/api.w.org\/{rel}","templated":true}]}}