{"id":1455,"date":"2026-03-19T00:06:01","date_gmt":"2026-03-18T23:06:01","guid":{"rendered":"https:\/\/artculture6.com\/?post_type=product&#038;p=1455"},"modified":"2026-03-19T00:06:01","modified_gmt":"2026-03-18T23:06:01","slug":"corse-bastia-gravure-dapres-daubigny-vers-1780","status":"publish","type":"product","link":"https:\/\/artculture6.com\/index.php\/product\/corse-bastia-gravure-dapres-daubigny-vers-1780\/","title":{"rendered":"Corse Bastia Gravure d\u2019apr\u00e8s Daubigny vers 1780"},"content":{"rendered":"<p style=\"font-weight: 400;\">5400-11R788<\/p>\n<p style=\"font-weight: 400;\" data-start=\"299\" data-end=\"450\">Gravure ancienne repr\u00e9sentant une <span data-start=\"333\" data-end=\"374\">vue panoramique de la ville de Bastia<\/span>, capitale de l\u2019Isle de Corse, prise depuis les environs de la tour de Toga.<\/p>\n<p style=\"font-weight: 400;\" data-start=\"452\" data-end=\"896\">Cette composition \u00e9l\u00e9gante et parfaitement construite est r\u00e9alis\u00e9e <span data-start=\"519\" data-end=\"546\">d\u2019apr\u00e8s Daubigny<\/span>, t\u00e9moigne du go\u00fbt pour les paysages pittoresques et les vues topographiques \u00e0 la fin du XVIIIe si\u00e8cle. La sc\u00e8ne d\u00e9ploie une perspective remarquable : au premier plan, un terrain accident\u00e9 anim\u00e9 de personnages, puis la baie et la ville de Bastia, domin\u00e9e par ses \u00e9difices et ses fortifications, enfin les reliefs montagneux corses en arri\u00e8re-plan.<\/p>\n<ul>\n<li style=\"font-weight: 400;\" data-section-id=\"ri1ac4\" data-start=\"1218\" data-end=\"1250\">Feuille : <span data-start=\"1230\" data-end=\"1248\">50,4 cm \u00d7 32,5 cm<\/span><\/li>\n<li style=\"font-weight: 400;\" data-section-id=\"h3dj8k\" data-start=\"1251\" data-end=\"1281\">Gravure : <span data-start=\"1263\" data-end=\"1281\">33,5 \u00d7 20,8 cm<\/span><\/li>\n<\/ul>\n","protected":false},"excerpt":{"rendered":"<p>Gravure ancienne repr\u00e9sentant la vue de Bastia en Corse, d\u2019apr\u00e8s Daubigny. Belle composition panoramique en taille-douce de la fin du XVIIIe si\u00e8cle. Feuille 50,4 \u00d7 32,5 cm, gravure 33,5 \u00d7 20,8 cm.<\/p>\n","protected":false},"featured_media":1456,"comment_status":"open","ping_status":"closed","template":"","meta":[],"product_brand":[],"product_cat":[404],"product_tag":[812,801,807,802,806,809,803,813,154,810,169,808,811,805,804],"class_list":{"0":"post-1455","1":"product","2":"type-product","3":"status-publish","4":"has-post-thumbnail","6":"product_cat-corse","7":"product_tag-atlas-ancien","8":"product_tag-bastia","9":"product_tag-bastia-gravure","10":"product_tag-corse","11":"product_tag-corse-ancienne","12":"product_tag-cuivre","13":"product_tag-daubigny","14":"product_tag-france-ancienne","15":"product_tag-gravure-ancienne","16":"product_tag-mediterranee","17":"product_tag-paysage-ancien","18":"product_tag-taille-douce","19":"product_tag-topographie","20":"product_tag-vue-de-ville","21":"product_tag-xviiie","23":"first","24":"instock","25":"shipping-taxable","26":"purchasable","27":"product-type-simple"},"_links":{"self":[{"href":"https:\/\/artculture6.com\/index.php\/wp-json\/wp\/v2\/product\/1455","targetHints":{"allow":["GET"]}}],"collection":[{"href":"https:\/\/artculture6.com\/index.php\/wp-json\/wp\/v2\/product"}],"about":[{"href":"https:\/\/artculture6.com\/index.php\/wp-json\/wp\/v2\/types\/product"}],"replies":[{"embeddable":true,"href":"https:\/\/artculture6.com\/index.php\/wp-json\/wp\/v2\/comments?post=1455"}],"wp:featuredmedia":[{"embeddable":true,"href":"https:\/\/artculture6.com\/index.php\/wp-json\/wp\/v2\/media\/1456"}],"wp:attachment":[{"href":"https:\/\/artculture6.com\/index.php\/wp-json\/wp\/v2\/media?parent=1455"}],"wp:term":[{"taxonomy":"product_brand","embeddable":true,"href":"https:\/\/artculture6.com\/index.php\/wp-json\/wp\/v2\/product_brand?post=1455"},{"taxonomy":"product_cat","embeddable":true,"href":"https:\/\/artculture6.com\/index.php\/wp-json\/wp\/v2\/product_cat?post=1455"},{"taxonomy":"product_tag","embeddable":true,"href":"https:\/\/artculture6.com\/index.php\/wp-json\/wp\/v2\/product_tag?post=1455"}],"curies":[{"name":"wp","href":"https:\/\/api.w.org\/{rel}","templated":true}]}}