{"id":1451,"date":"2026-03-17T01:46:06","date_gmt":"2026-03-17T00:46:06","guid":{"rendered":"https:\/\/artculture6.com\/?post_type=product&#038;p=1451"},"modified":"2026-03-17T01:48:09","modified_gmt":"2026-03-17T00:48:09","slug":"guillaume-ier-comte-de-provence-dit-le-liberateur-945-993-dessin-vers-1850","status":"publish","type":"product","link":"https:\/\/artculture6.com\/index.php\/product\/guillaume-ier-comte-de-provence-dit-le-liberateur-945-993-dessin-vers-1850\/","title":{"rendered":"Guillaume Ier comte de Provence dit le Lib\u00e9rateur (945-993) Dessin vers 1850"},"content":{"rendered":"<p style=\"font-weight: 400;\">R\u00e9f\u00e9rence\u00a05400-5R790<\/p>\n<p><span style=\"font-weight: 400;\">Je vous propose ce dessin ancien repr\u00e9sentant\u00a0<\/span>Guillaume Ier comte de Provence dit le Lib\u00e9rateur (945-993). <span style=\"font-weight: 400;\">Le dessin est ex\u00e9cut\u00e9\u00a0au crayon graphite sur grand papier, dans un m\u00e9daillon trac\u00e9. Le model\u00e9 du visage et du costume est obtenu par un travail fin<\/span> <span style=\"font-weight: 400;\">typique des dessins destin\u00e9s \u00e0 servir de mod\u00e8les pour les illustrations historiques. Cette repr\u00e9sentation appartient \u00e0 la tradition des portraits historiques inspir\u00e9s des chroniques anciennes de Provence, notamment celles de\u00a0l\u2019historien Antoine de Ruffi<\/span><strong style=\"font-weight: 400;\">,<\/strong><span style=\"font-weight: 400;\">\u00a0dont les ouvrages ont diffus\u00e9 au XVII\u1d49 si\u00e8cle les principales iconographies des comtes de Provence. Au\u00a0XIX\u1d49 si\u00e8cle<\/span><strong style=\"font-weight: 400;\">,\u00a0<\/strong><span style=\"font-weight: 400;\">ces figures m\u00e9di\u00e9vales furent souvent redessin\u00e9es pour illustrer les ouvrages consacr\u00e9s \u00e0 l\u2019histoire r\u00e9gionale.\u00a0Dimensions :\u00a034 cm \u00d7 22 cm<\/span><\/p>\n<p style=\"font-weight: 400;\"><strong>\u00a0<\/strong>Ce type de dessin \u00e9taient fournis aux graveurs qui r\u00e9alisaient ensuite la gravure sur bois destin\u00e9e \u00e0 l\u2019impression de gravures historiques. Il en porte les marques et quelques rousseurs. C&rsquo;est donc le dessin qui a permis l&rsquo;\u00e9dition de la gravure vers 1850.<\/p>\n","protected":false},"excerpt":{"rendered":"<p data-start=\"449\" data-end=\"612\">Portrait de <strong data-start=\"461\" data-end=\"521\">Guillaume Ier de Provence (945\u2013993), dit \u201cle Lib\u00e9rateur\u201d<\/strong>, c\u00e9l\u00e8bre comte de Provence qui lib\u00e9ra la r\u00e9gion de la domination sarrasine au Xe si\u00e8cle.<\/p>\n<p data-start=\"614\" data-end=\"785\">Dessin original <strong data-start=\"630\" data-end=\"662\">vers 1850 au crayon graphite<\/strong>, portrait en m\u00e9daillon inspir\u00e9 de l\u2019iconographie publi\u00e9e dans les chroniques proven\u00e7ales, notamment celles de <strong data-start=\"773\" data-end=\"782\">Ruffi<\/strong>.<\/p>\n<p data-start=\"787\" data-end=\"839\">Dimensions : <strong data-start=\"800\" data-end=\"838\">34,2 \u00d7 22 cm (13.46 \u00d7 8.66 inches)<\/strong>.<\/p>\n","protected":false},"featured_media":1452,"comment_status":"open","ping_status":"closed","template":"","meta":[],"product_brand":[],"product_cat":[342,528,531],"product_tag":[769,768,773,799,784,794,778,772,798,770,785,788,767,787,771,780,797],"class_list":{"0":"post-1451","1":"product","2":"type-product","3":"status-publish","4":"has-post-thumbnail","6":"product_cat-dessins","7":"product_cat-moyen-age","8":"product_cat-oeuvres-sur-papier","9":"product_tag-19th-century-drawing","10":"product_tag-antique-drawing","11":"product_tag-antique-illustration","12":"product_tag-battle-of-tourtour","13":"product_tag-comtes-de-provence","14":"product_tag-count-of-provence","15":"product_tag-european-history","16":"product_tag-graphite-drawing","17":"product_tag-guillaume-le-liberateur","18":"product_tag-historical-portrait","19":"product_tag-history-of-provence","20":"product_tag-medieval-artwork","21":"product_tag-medieval-history","22":"product_tag-medieval-knight","23":"product_tag-medieval-portrait","24":"product_tag-original-antique-drawing","25":"product_tag-william-i-of-provence","27":"first","28":"instock","29":"shipping-taxable","30":"purchasable","31":"product-type-simple"},"_links":{"self":[{"href":"https:\/\/artculture6.com\/index.php\/wp-json\/wp\/v2\/product\/1451","targetHints":{"allow":["GET"]}}],"collection":[{"href":"https:\/\/artculture6.com\/index.php\/wp-json\/wp\/v2\/product"}],"about":[{"href":"https:\/\/artculture6.com\/index.php\/wp-json\/wp\/v2\/types\/product"}],"replies":[{"embeddable":true,"href":"https:\/\/artculture6.com\/index.php\/wp-json\/wp\/v2\/comments?post=1451"}],"wp:featuredmedia":[{"embeddable":true,"href":"https:\/\/artculture6.com\/index.php\/wp-json\/wp\/v2\/media\/1452"}],"wp:attachment":[{"href":"https:\/\/artculture6.com\/index.php\/wp-json\/wp\/v2\/media?parent=1451"}],"wp:term":[{"taxonomy":"product_brand","embeddable":true,"href":"https:\/\/artculture6.com\/index.php\/wp-json\/wp\/v2\/product_brand?post=1451"},{"taxonomy":"product_cat","embeddable":true,"href":"https:\/\/artculture6.com\/index.php\/wp-json\/wp\/v2\/product_cat?post=1451"},{"taxonomy":"product_tag","embeddable":true,"href":"https:\/\/artculture6.com\/index.php\/wp-json\/wp\/v2\/product_tag?post=1451"}],"curies":[{"name":"wp","href":"https:\/\/api.w.org\/{rel}","templated":true}]}}