{"id":1446,"date":"2026-03-16T19:35:11","date_gmt":"2026-03-16T18:35:11","guid":{"rendered":"https:\/\/artculture6.com\/?post_type=product&#038;p=1446"},"modified":"2026-03-16T19:35:11","modified_gmt":"2026-03-16T18:35:11","slug":"raymond-berenger-raimond-berenguier-comte-medieval-de-provence-dessin-vers-1850","status":"publish","type":"product","link":"https:\/\/artculture6.com\/index.php\/product\/raymond-berenger-raimond-berenguier-comte-medieval-de-provence-dessin-vers-1850\/","title":{"rendered":"Raymond-B\u00e9renger Raimond Berenguier comte m\u00e9di\u00e9val de Provence Dessin vers 1850"},"content":{"rendered":"<p style=\"font-weight: 400;\">R\u00e9f\u00e9rence\u00a05400-4R790<\/p>\n<p><span style=\"font-weight: 400;\">Je vous propose ce dessin ancien repr\u00e9sentant\u00a0Raymond-B\u00e9renger (Raimond Berenguier) (1198-1245)<\/span><strong style=\"font-weight: 400;\">,\u00a0<\/strong><span style=\"font-weight: 400;\">l\u2019un des comtes de Provence appartenant \u00e0 la dynastie catalano-proven\u00e7ale qui gouverna la r\u00e9gion au Moyen \u00c2ge.\u00a0Le personnage est repr\u00e9sent\u00e9\u00a0de profil, coiff\u00e9 d\u2019un casque orn\u00e9 d\u2019un panache<\/span><strong style=\"font-weight: 400;\">,<\/strong><span style=\"font-weight: 400;\">\u00a0selon l\u2019iconographie chevaleresque traditionnelle utilis\u00e9e dans les portraits historiques m\u00e9di\u00e9vaux. Le dessin est ex\u00e9cut\u00e9\u00a0au crayon graphite sur grand papier, dans un m\u00e9daillon trac\u00e9 au compas. Le model\u00e9 du visage et du costume est obtenu par un travail fin<\/span> <span style=\"font-weight: 400;\">typique des dessins destin\u00e9s \u00e0 servir de mod\u00e8les pour les illustrations historiques. Cette repr\u00e9sentation appartient \u00e0 la tradition des portraits historiques inspir\u00e9s des chroniques anciennes de Provence, notamment celles de\u00a0l\u2019historien Antoine de Ruffi<\/span><strong style=\"font-weight: 400;\">,<\/strong><span style=\"font-weight: 400;\">\u00a0dont les ouvrages ont diffus\u00e9 au XVII\u1d49 si\u00e8cle les principales iconographies des comtes de Provence. Au\u00a0XIX\u1d49 si\u00e8cle<\/span><strong style=\"font-weight: 400;\">,\u00a0<\/strong><span style=\"font-weight: 400;\">ces figures m\u00e9di\u00e9vales furent souvent redessin\u00e9es pour illustrer les ouvrages consacr\u00e9s \u00e0 l\u2019histoire r\u00e9gionale.\u00a0Dimensions :\u00a034,2 \u00d7 22 cm<\/span><\/p>\n<p style=\"font-weight: 400;\"><strong>\u00a0<\/strong>Ce type de dessin \u00e9taient fournis aux graveurs qui r\u00e9alisaient ensuite la gravure sur bois destin\u00e9e \u00e0 l\u2019impression de gravures historiques. Il en porte les marques et quelques rousseurs. C&rsquo;est donc le dessin qui a permis l&rsquo;\u00e9dition de la gravure vers 1850.<\/p>\n","protected":false},"excerpt":{"rendered":"<p data-start=\"415\" data-end=\"660\">Portrait de <strong data-start=\"427\" data-end=\"468\">Raymond-B\u00e9renger (Raimond Berenguier)<\/strong>, comte m\u00e9di\u00e9val de Provence.<br data-start=\"497\" data-end=\"500\" \/>Dessin original du <strong data-start=\"519\" data-end=\"553\">XIX\u1d49 si\u00e8cle au crayon graphite<\/strong>, portrait en m\u00e9daillon r\u00e9alis\u00e9 d\u2019apr\u00e8s l\u2019iconographie des chroniques proven\u00e7ales publi\u00e9es par <strong data-start=\"648\" data-end=\"657\">Ruffi<\/strong>.<\/p>\n<p data-start=\"662\" data-end=\"714\">Dimensions : <strong data-start=\"675\" data-end=\"713\">34,2 \u00d7 22 cm (13.46 \u00d7 8.66 inches)<\/strong>.<\/p>\n","protected":false},"featured_media":1447,"comment_status":"open","ping_status":"closed","template":"","meta":[],"product_brand":[],"product_cat":[342,528,531],"product_tag":[769,790,768,773,784,794,778,772,770,788,767,787,771,780,789,795,796],"class_list":{"0":"post-1446","1":"product","2":"type-product","3":"status-publish","4":"has-post-thumbnail","6":"product_cat-dessins","7":"product_cat-moyen-age","8":"product_cat-oeuvres-sur-papier","9":"product_tag-19th-century-drawing","10":"product_tag-angevin-history","11":"product_tag-antique-drawing","12":"product_tag-antique-illustration","13":"product_tag-comtes-de-provence","14":"product_tag-count-of-provence","15":"product_tag-european-history","16":"product_tag-graphite-drawing","17":"product_tag-historical-portrait","18":"product_tag-medieval-artwork","19":"product_tag-medieval-history","20":"product_tag-medieval-knight","21":"product_tag-medieval-portrait","22":"product_tag-original-antique-drawing","23":"product_tag-provence-history","24":"product_tag-raymond-berenger","25":"product_tag-raymond-berenger-provence","27":"first","28":"instock","29":"shipping-taxable","30":"purchasable","31":"product-type-simple"},"_links":{"self":[{"href":"https:\/\/artculture6.com\/index.php\/wp-json\/wp\/v2\/product\/1446","targetHints":{"allow":["GET"]}}],"collection":[{"href":"https:\/\/artculture6.com\/index.php\/wp-json\/wp\/v2\/product"}],"about":[{"href":"https:\/\/artculture6.com\/index.php\/wp-json\/wp\/v2\/types\/product"}],"replies":[{"embeddable":true,"href":"https:\/\/artculture6.com\/index.php\/wp-json\/wp\/v2\/comments?post=1446"}],"wp:featuredmedia":[{"embeddable":true,"href":"https:\/\/artculture6.com\/index.php\/wp-json\/wp\/v2\/media\/1447"}],"wp:attachment":[{"href":"https:\/\/artculture6.com\/index.php\/wp-json\/wp\/v2\/media?parent=1446"}],"wp:term":[{"taxonomy":"product_brand","embeddable":true,"href":"https:\/\/artculture6.com\/index.php\/wp-json\/wp\/v2\/product_brand?post=1446"},{"taxonomy":"product_cat","embeddable":true,"href":"https:\/\/artculture6.com\/index.php\/wp-json\/wp\/v2\/product_cat?post=1446"},{"taxonomy":"product_tag","embeddable":true,"href":"https:\/\/artculture6.com\/index.php\/wp-json\/wp\/v2\/product_tag?post=1446"}],"curies":[{"name":"wp","href":"https:\/\/api.w.org\/{rel}","templated":true}]}}