{"id":1441,"date":"2026-03-16T18:41:33","date_gmt":"2026-03-16T17:41:33","guid":{"rendered":"https:\/\/artculture6.com\/?post_type=product&#038;p=1441"},"modified":"2026-03-16T18:41:33","modified_gmt":"2026-03-16T17:41:33","slug":"charles-ier-d-anjou-1227-1285-beatrice-de-provence-1231-1267-dessin-vers-1850","status":"publish","type":"product","link":"https:\/\/artculture6.com\/index.php\/product\/charles-ier-d-anjou-1227-1285-beatrice-de-provence-1231-1267-dessin-vers-1850\/","title":{"rendered":"Charles Ier d\u2019 Anjou 1227-1285 B\u00e9atrice de Provence 1231-1267 Dessin vers 1850"},"content":{"rendered":"<p>R\u00e9f\u00e9rence\u00a05400-3R790<\/p>\n<p>Je vous propose ce dessin ancien repr\u00e9sentant\u00a0Charles Ier d\u2019Anjou et B\u00e9atrice de Provence, figures majeures de l\u2019histoire m\u00e9di\u00e9vale et de la dynastie angevine.<\/p>\n<p>Charles d\u2019Anjou (1227-1285), fr\u00e8re du roi de France Louis IX, devint par son mariage avec\u00a0B\u00e9atrice de Provence\u00a0comte de Provence avant de fonder la puissance angevine en Italie et de devenir roi de Naples et de Sicile.<\/p>\n<p>Le portrait du couple est ex\u00e9cut\u00e9\u00a0au crayon graphite sur grand papier, dans un m\u00e9daillon trac\u00e9 au compas avec un travail de hachures fines permettant de modeler les visages et les costumes.<\/p>\n<p>Ce type de dessin correspond \u00e0 la tradition des\u00a0illustrations historiques du XIX\u1d49 si\u00e8cle, souvent r\u00e9alis\u00e9es d\u2019apr\u00e8s les portraits publi\u00e9s dans les chroniques anciennes, notamment celles d\u2019Antoine de Ruffi, historien de la Provence.<\/p>\n<p>Les deux personnages sont repr\u00e9sent\u00e9s\u00a0couronn\u00e9s et v\u00eatus de costumes royaux orn\u00e9s de fleurs de lys, symboles de la maison cap\u00e9tienne et de la dynastie angevine.\u00a0Ce type de dessin \u00e9taient fournis aux graveurs qui r\u00e9alisaient ensuite la gravure sur bois destin\u00e9e \u00e0 l\u2019impression de gravures historiques. Il en porte les marques. C&rsquo;est donc le dessin qui a permis l&rsquo;\u00e9dition de la gravure vers 1850.\u00a0Le portrait du couple est ex\u00e9cut\u00e9\u00a0<span data-start=\"1191\" data-end=\"1230\">au crayon graphite sur grand papier<\/span>, dans un m\u00e9daillon trac\u00e9 au compas avec un travail fin permettant de modeler les visages et les costumes.<\/p>\n<p>34 cm par 22 cm.<\/p>\n","protected":false},"excerpt":{"rendered":"<p data-start=\"389\" data-end=\"700\">Portrait du couple <strong data-start=\"408\" data-end=\"451\">Charles d\u2019Anjou et B\u00e9atrice de Provence<\/strong>, figures majeures de la dynastie angevine et de l\u2019histoire m\u00e9di\u00e9vale de Provence.<br data-start=\"533\" data-end=\"536\" \/>Dessin original du <strong data-start=\"555\" data-end=\"589\">XIX\u1d49 si\u00e8cle au crayon graphite<\/strong>, portrait en m\u00e9daillon r\u00e9alis\u00e9 d\u2019apr\u00e8s l\u2019iconographie publi\u00e9e par <strong data-start=\"656\" data-end=\"665\">Ruffi<\/strong>dans les chroniques de Provence.<\/p>\n<p data-start=\"702\" data-end=\"768\">Dimensions de la feuille : <strong data-start=\"729\" data-end=\"767\">34,2 \u00d7 22 cm (13.46 \u00d7 8.66 inches)<\/strong>.<\/p>\n","protected":false},"featured_media":1442,"comment_status":"open","ping_status":"closed","template":"","meta":[],"product_brand":[],"product_cat":[342,528],"product_tag":[769,786,777,768,773,792,791,794,778,772,770,785,765,766,788,767,771,793,780],"class_list":{"0":"post-1441","1":"product","2":"type-product","3":"status-publish","4":"has-post-thumbnail","6":"product_cat-dessins","7":"product_cat-moyen-age","8":"product_tag-19th-century-drawing","9":"product_tag-after-ruffi","10":"product_tag-angevin-dynasty","11":"product_tag-antique-drawing","12":"product_tag-antique-illustration","13":"product_tag-beatrice-of-provence","14":"product_tag-charles-of-anjou","15":"product_tag-count-of-provence","16":"product_tag-european-history","17":"product_tag-graphite-drawing","18":"product_tag-historical-portrait","19":"product_tag-history-of-provence","20":"product_tag-house-of-anjou","21":"product_tag-king-of-naples","22":"product_tag-medieval-artwork","23":"product_tag-medieval-history","24":"product_tag-medieval-portrait","25":"product_tag-medieval-royal-couple","26":"product_tag-original-antique-drawing","28":"first","29":"instock","30":"shipping-taxable","31":"purchasable","32":"product-type-simple"},"_links":{"self":[{"href":"https:\/\/artculture6.com\/index.php\/wp-json\/wp\/v2\/product\/1441","targetHints":{"allow":["GET"]}}],"collection":[{"href":"https:\/\/artculture6.com\/index.php\/wp-json\/wp\/v2\/product"}],"about":[{"href":"https:\/\/artculture6.com\/index.php\/wp-json\/wp\/v2\/types\/product"}],"replies":[{"embeddable":true,"href":"https:\/\/artculture6.com\/index.php\/wp-json\/wp\/v2\/comments?post=1441"}],"wp:featuredmedia":[{"embeddable":true,"href":"https:\/\/artculture6.com\/index.php\/wp-json\/wp\/v2\/media\/1442"}],"wp:attachment":[{"href":"https:\/\/artculture6.com\/index.php\/wp-json\/wp\/v2\/media?parent=1441"}],"wp:term":[{"taxonomy":"product_brand","embeddable":true,"href":"https:\/\/artculture6.com\/index.php\/wp-json\/wp\/v2\/product_brand?post=1441"},{"taxonomy":"product_cat","embeddable":true,"href":"https:\/\/artculture6.com\/index.php\/wp-json\/wp\/v2\/product_cat?post=1441"},{"taxonomy":"product_tag","embeddable":true,"href":"https:\/\/artculture6.com\/index.php\/wp-json\/wp\/v2\/product_tag?post=1441"}],"curies":[{"name":"wp","href":"https:\/\/api.w.org\/{rel}","templated":true}]}}