{"id":1437,"date":"2026-03-16T18:12:45","date_gmt":"2026-03-16T17:12:45","guid":{"rendered":"https:\/\/artculture6.com\/?post_type=product&#038;p=1437"},"modified":"2026-03-16T18:17:29","modified_gmt":"2026-03-16T17:17:29","slug":"huno-fils-de-sance-1185-1243-maison-aragon-dessin-xix-cerdagne-bigorre-provence","status":"publish","type":"product","link":"https:\/\/artculture6.com\/index.php\/product\/huno-fils-de-sance-1185-1243-maison-aragon-dessin-xix-cerdagne-bigorre-provence\/","title":{"rendered":"Huno fils de Sance 1185-1243 Maison Aragon Dessin XIX Cerdagne Bigorre Provence"},"content":{"rendered":"<p style=\"font-weight: 400;\">R\u00e9f\u00e9rence\u00a05400-2R790<\/p>\n<p style=\"font-weight: 400;\">Je vous propose ce dessin ancien repr\u00e9sentant\u00a0Huno fils de Sance (Nu\u00f1o S\u00e1nchez)\u00a0(1185-1243),\u00a0personnage de la lign\u00e9e m\u00e9di\u00e9vale li\u00e9e aux anciens comtes de Provence.\u00a0Le portrait est ex\u00e9cut\u00e9\u00a0au crayon graphite sur grand papier, dans un m\u00e9daillon trac\u00e9 au compas avec un travail fin permettant de modeler les volumes du visage et de l\u2019armure.\u00a0Cette iconographie appartient \u00e0 la tradition des portraits historiques publi\u00e9s dans les chroniques de Provence, notamment dans les ouvrages d\u2019Antoine de Ruffi, dont les illustrations ont servi de r\u00e9f\u00e9rence \u00e0 de nombreuses repr\u00e9sentations ult\u00e9rieures.\u00a0Au\u00a0XIX\u1d49 si\u00e8cle, ces figures historiques furent fr\u00e9quemment redessin\u00e9es pour illustrer les ouvrages consacr\u00e9s \u00e0 l\u2019histoire m\u00e9di\u00e9vale de la Provence et aux dynasties qui s\u2019y succ\u00e9d\u00e8rent.\u00a0Le personnage est repr\u00e9sent\u00e9\u00a0de profil, coiff\u00e9 d\u2019un camail et v\u00eatu d\u2019une armure, selon l\u2019iconographie traditionnelle des princes et chevaliers m\u00e9di\u00e9vaux.\u00a0Dimensions :\u00a034,2 \u00d7 22 cm.\u00a0Ce dessin appartient \u00e0 une\u00a0s\u00e9rie de portraits historiques li\u00e9s aux comtes et princes de Provence, inspir\u00e9e des iconographies publi\u00e9es dans les chroniques anciennes de\u00a0Ruffi.\u00a0Ce type de dessin \u00e9taient fournis aux graveurs qui r\u00e9alisaient ensuite la gravure sur bois destin\u00e9e \u00e0 l\u2019impression de gravures historiques. Il en porte les marques. C&rsquo;est donc le dessin qui a permis l&rsquo;\u00e9dition de la gravure vers 1850.<\/p>\n","protected":false},"excerpt":{"rendered":"<p data-start=\"226\" data-end=\"510\">Portrait de <strong data-start=\"238\" data-end=\"275\">Huno fils de Sance (Nu\u00f1o S\u00e1nchez)<\/strong>, personnage de l\u2019histoire m\u00e9di\u00e9vale de Provence.<br data-start=\"324\" data-end=\"327\" \/>Dessin original du <strong data-start=\"346\" data-end=\"380\">XIX\u1d49 si\u00e8cle au crayon graphite<\/strong>, portrait en m\u00e9daillon avec fond hachur\u00e9, r\u00e9alis\u00e9 d\u2019apr\u00e8s l\u2019iconographie publi\u00e9e par <strong data-start=\"466\" data-end=\"475\">Ruffi<\/strong> dans ses chroniques historiques.<\/p>\n<p data-start=\"512\" data-end=\"578\">Dimensions de la feuille : <strong data-start=\"539\" data-end=\"577\">34,2 \u00d7 22 cm (13.46 \u00d7 8.66 inches)<\/strong>.<\/p>\n","protected":false},"featured_media":1438,"comment_status":"open","ping_status":"closed","template":"","meta":[],"product_brand":[],"product_cat":[342,528,531],"product_tag":[769,786,790,768,773,779,784,778,772,770,785,782,788,767,787,771,776,783,780,789],"class_list":{"0":"post-1437","1":"product","2":"type-product","3":"status-publish","4":"has-post-thumbnail","6":"product_cat-dessins","7":"product_cat-moyen-age","8":"product_cat-oeuvres-sur-papier","9":"product_tag-19th-century-drawing","10":"product_tag-after-ruffi","11":"product_tag-angevin-history","12":"product_tag-antique-drawing","13":"product_tag-antique-illustration","14":"product_tag-antique-paper-drawing","15":"product_tag-comtes-de-provence","16":"product_tag-european-history","17":"product_tag-graphite-drawing","18":"product_tag-historical-portrait","19":"product_tag-history-of-provence","20":"product_tag-huno-fils-de-sance","21":"product_tag-medieval-artwork","22":"product_tag-medieval-history","23":"product_tag-medieval-knight","24":"product_tag-medieval-portrait","25":"product_tag-medieval-ruler","26":"product_tag-nuno-sanchez","27":"product_tag-original-antique-drawing","28":"product_tag-provence-history","30":"first","31":"instock","32":"shipping-taxable","33":"purchasable","34":"product-type-simple"},"_links":{"self":[{"href":"https:\/\/artculture6.com\/index.php\/wp-json\/wp\/v2\/product\/1437","targetHints":{"allow":["GET"]}}],"collection":[{"href":"https:\/\/artculture6.com\/index.php\/wp-json\/wp\/v2\/product"}],"about":[{"href":"https:\/\/artculture6.com\/index.php\/wp-json\/wp\/v2\/types\/product"}],"replies":[{"embeddable":true,"href":"https:\/\/artculture6.com\/index.php\/wp-json\/wp\/v2\/comments?post=1437"}],"wp:featuredmedia":[{"embeddable":true,"href":"https:\/\/artculture6.com\/index.php\/wp-json\/wp\/v2\/media\/1438"}],"wp:attachment":[{"href":"https:\/\/artculture6.com\/index.php\/wp-json\/wp\/v2\/media?parent=1437"}],"wp:term":[{"taxonomy":"product_brand","embeddable":true,"href":"https:\/\/artculture6.com\/index.php\/wp-json\/wp\/v2\/product_brand?post=1437"},{"taxonomy":"product_cat","embeddable":true,"href":"https:\/\/artculture6.com\/index.php\/wp-json\/wp\/v2\/product_cat?post=1437"},{"taxonomy":"product_tag","embeddable":true,"href":"https:\/\/artculture6.com\/index.php\/wp-json\/wp\/v2\/product_tag?post=1437"}],"curies":[{"name":"wp","href":"https:\/\/api.w.org\/{rel}","templated":true}]}}