{"id":1433,"date":"2026-03-16T15:06:19","date_gmt":"2026-03-16T14:06:19","guid":{"rendered":"https:\/\/artculture6.com\/?post_type=product&#038;p=1433"},"modified":"2026-03-16T15:06:20","modified_gmt":"2026-03-16T14:06:20","slug":"louis-iii-anjou-roi-titulaire-de-naples-sicile-provence-jerusalem-dessin-xix","status":"publish","type":"product","link":"https:\/\/artculture6.com\/index.php\/product\/louis-iii-anjou-roi-titulaire-de-naples-sicile-provence-jerusalem-dessin-xix\/","title":{"rendered":"Louis III Anjou roi titulaire de Naples Sicile Provence J\u00e9rusalem Dessin XIX"},"content":{"rendered":"<h1><span style=\"font-size: x-large;\"><span>R\u00e9f\u00e9rence\u00a0<\/span>5400-1R790<\/span><\/h1>\n<h1><span style=\"font-size: x-large;\">Tr\u00e8s int\u00e9ressant dessin ancien repr\u00e9sentant\u00a0<span data-start=\"872\" data-end=\"905\">Louis III d\u2019Anjou (1403-1434)<\/span>, prince de la maison d\u2019Anjou, roi titulaire de Naples, de Sicile et de J\u00e9rusalem.\u00a0Le portrait est ex\u00e9cut\u00e9\u00a0<span data-start=\"1013\" data-end=\"1052\">au crayon graphite sur grand papier<\/span>, dans un m\u00e9daillon trac\u00e9 au compas, avec un travail fin permettant de modeler le visage et les v\u00eatements.<\/span><\/h1>\n<h1><span style=\"font-size: x-large;\">Ce type de dessin correspond \u00e0 la tradition des\u00a0<span data-start=\"1222\" data-end=\"1315\">portraits historiques r\u00e9alis\u00e9s au XIX\u1d49 si\u00e8cle pour l\u2019illustration des ouvrages d\u2019histoire<\/span>.\u00a0Le personnage est repr\u00e9sent\u00e9 de profil dans un costume m\u00e9di\u00e9val stylis\u00e9, selon l\u2019iconographie traditionnelle des princes angevins.\u00a0Dimensions de la feuille :\u00a0<span data-start=\"1656\" data-end=\"1672\">30,8 \u00d7 22 cm.\u00a0<\/span>Pi\u00e8ce int\u00e9ressante pour les amateurs.<\/span><\/h1>\n<div><span style=\"font-size: x-large;\">Ce type de dessin \u00e9taient fournis aux graveurs qui r\u00e9alisaient ensuite la gravure sur bois destin\u00e9e \u00e0 l\u2019impression des livres historiques. Il en porte les marques. C&rsquo;est donc le dessin qui a permis l&rsquo;\u00e9dition de la gravure vers 1850.<\/span><\/div>\n","protected":false},"excerpt":{"rendered":"<p>Portrait de Louis III d\u2019Anjou (1403-1434), prince de la maison d\u2019Anjou et roi titulaire de Naples. Dessin original du XIX\u1d49 si\u00e8cle au crayon graphite, portrait en m\u00e9daillon avec fond hachur\u00e9, typique des illustrations historiques de l\u2019\u00e9poque. Inscription manuscrite du nom du personnage en haut de la feuille. Dimensions : 30,8 \u00d7 22 cm (12.1 \u00d7 8.7 inches).<\/p>\n","protected":false},"featured_media":1436,"comment_status":"open","ping_status":"closed","template":"","meta":[],"product_brand":[],"product_cat":[342,345,238,206,531],"product_tag":[769,777,768,773,779,778,772,781,770,775,765,766,763,767,764,771,776,780,774],"class_list":{"0":"post-1433","1":"product","2":"type-product","3":"status-publish","4":"has-post-thumbnail","6":"product_cat-dessins","7":"product_cat-histoire","8":"product_cat-israel","9":"product_cat-italie","10":"product_cat-oeuvres-sur-papier","11":"product_tag-19th-century-drawing","12":"product_tag-angevin-dynasty","13":"product_tag-antique-drawing","14":"product_tag-antique-illustration","15":"product_tag-antique-paper-drawing","16":"product_tag-european-history","17":"product_tag-graphite-drawing","18":"product_tag-historical-artwork","19":"product_tag-historical-portrait","20":"product_tag-history-art","21":"product_tag-house-of-anjou","22":"product_tag-king-of-naples","23":"product_tag-louis-iii-of-anjou","24":"product_tag-medieval-history","25":"product_tag-medieval-king-portrait","26":"product_tag-medieval-portrait","27":"product_tag-medieval-ruler","28":"product_tag-original-antique-drawing","29":"product_tag-royal-portrait","31":"first","32":"instock","33":"shipping-taxable","34":"purchasable","35":"product-type-simple"},"_links":{"self":[{"href":"https:\/\/artculture6.com\/index.php\/wp-json\/wp\/v2\/product\/1433","targetHints":{"allow":["GET"]}}],"collection":[{"href":"https:\/\/artculture6.com\/index.php\/wp-json\/wp\/v2\/product"}],"about":[{"href":"https:\/\/artculture6.com\/index.php\/wp-json\/wp\/v2\/types\/product"}],"replies":[{"embeddable":true,"href":"https:\/\/artculture6.com\/index.php\/wp-json\/wp\/v2\/comments?post=1433"}],"wp:featuredmedia":[{"embeddable":true,"href":"https:\/\/artculture6.com\/index.php\/wp-json\/wp\/v2\/media\/1436"}],"wp:attachment":[{"href":"https:\/\/artculture6.com\/index.php\/wp-json\/wp\/v2\/media?parent=1433"}],"wp:term":[{"taxonomy":"product_brand","embeddable":true,"href":"https:\/\/artculture6.com\/index.php\/wp-json\/wp\/v2\/product_brand?post=1433"},{"taxonomy":"product_cat","embeddable":true,"href":"https:\/\/artculture6.com\/index.php\/wp-json\/wp\/v2\/product_cat?post=1433"},{"taxonomy":"product_tag","embeddable":true,"href":"https:\/\/artculture6.com\/index.php\/wp-json\/wp\/v2\/product_tag?post=1433"}],"curies":[{"name":"wp","href":"https:\/\/api.w.org\/{rel}","templated":true}]}}