{"id":1425,"date":"2026-03-15T11:42:35","date_gmt":"2026-03-15T10:42:35","guid":{"rendered":"https:\/\/artculture6.com\/?post_type=product&#038;p=1425"},"modified":"2026-03-15T11:42:36","modified_gmt":"2026-03-15T10:42:36","slug":"guerrier-edo-en-tenue-de-guerre-benin-bronze-ife-20-cm-fin-du-xxe","status":"publish","type":"product","link":"https:\/\/artculture6.com\/index.php\/product\/guerrier-edo-en-tenue-de-guerre-benin-bronze-ife-20-cm-fin-du-xxe\/","title":{"rendered":"Guerrier Edo en tenue de guerre Benin Bronze IFE 20 cm fin du XXe"},"content":{"rendered":"<p><span><span style=\"font-size: x-large;\">R\u00e9f\u00e9rence\u00a0B3302C906<\/span><\/span><\/p>\n<div><span style=\"font-size: x-large;\"><span>Artculture6 vous propose cette s<\/span>culpture figurant un personnage debout tenant une\u00a0<span data-start=\"651\" data-end=\"698\">arme ou lance courte termin\u00e9e par un anneau<\/span>, attribut que l\u2019on rencontre dans certaines repr\u00e9sentations de guerriers ou dignitaires inspir\u00e9es de l\u2019art du\u00a0<span data-start=\"809\" data-end=\"839\">royaume du B\u00e9nin (Nigeria)<\/span>.<\/span><\/div>\n<p data-start=\"842\" data-end=\"1066\"><span style=\"font-size: x-large;\">La figure porte une\u00a0<span data-start=\"862\" data-end=\"924\">coiffe simple et un v\u00eatement long d\u00e9cor\u00e9 de motifs incis\u00e9s<\/span>. Le visage stylis\u00e9 aux traits calmes et l\u2019attitude hi\u00e9ratique rappellent les conventions de la statuaire traditionnelle d\u2019Afrique de l\u2019Ouest.<\/span><\/p>\n<p data-start=\"1068\" data-end=\"1278\"><span style=\"font-size: x-large;\">Sculpture r\u00e9alis\u00e9e selon la technique traditionnelle de la\u00a0<span data-start=\"1137\" data-end=\"1163\">fonte \u00e0 la cire perdue<\/span>. La surface pr\u00e9sente une\u00a0<span data-start=\"1189\" data-end=\"1241\">patine sombre avec traces d\u2019oxydation et d\u2019usure<\/span>, donnant \u00e0 l\u2019objet un aspect ancien.<\/span><\/p>\n<p data-start=\"1280\" data-end=\"1368\"><span style=\"font-size: x-large;\">La statue est fix\u00e9e sur un\u00a0<span data-start=\"1307\" data-end=\"1332\">socle en bois moderne<\/span>\u00a0permettant une pr\u00e9sentation stable.<\/span><\/p>\n<p data-start=\"1370\" data-end=\"1474\"><span style=\"font-size: x-large;\">Objet d\u00e9coratif inspir\u00e9 de l\u2019<span data-start=\"1399\" data-end=\"1436\">art africain classique du Nigeria<\/span>, datable de la\u00a0<span data-start=\"1452\" data-end=\"1473\">fin du XX\u1d49 si\u00e8cle<\/span>.<\/span><\/p>\n<ul>\n<li data-section-id=\"1lp4kbp\" data-start=\"1495\" data-end=\"1536\">\n<p data-start=\"1497\" data-end=\"1536\"><span style=\"font-size: x-large;\">Hauteur de la sculpture :\u00a0<span data-start=\"1523\" data-end=\"1534\">18,5 cm<\/span><\/span><\/p>\n<\/li>\n<li data-section-id=\"b55jh0\" data-start=\"1537\" data-end=\"1578\">\n<p data-start=\"1539\" data-end=\"1578\"><span style=\"font-size: x-large;\">Hauteur totale avec socle :\u00a0<span data-start=\"1567\" data-end=\"1576\">20 cm<\/span><\/span><\/p>\n<\/li>\n<li data-section-id=\"1wi0zuo\" data-start=\"1579\" data-end=\"1610\">\n<p data-start=\"1581\" data-end=\"1610\"><span style=\"font-size: x-large;\">Poids total :\u00a0<span data-start=\"1595\" data-end=\"1610\">726 grammes<\/span><\/span><\/p>\n<\/li>\n<\/ul>\n","protected":false},"excerpt":{"rendered":"<p data-start=\"1639\" data-end=\"1824\">Statue africaine repr\u00e9sentant un <strong data-start=\"1672\" data-end=\"1716\">guerrier ou dignitaire style B\u00e9nin \/ Edo<\/strong>, r\u00e9alis\u00e9e en bronze selon la technique de la cire perdue. Patine sombre ancienne. Mont\u00e9e sur socle en bois.<\/p>\n<p data-start=\"1826\" data-end=\"1924\">Hauteur sculpture <strong data-start=\"1844\" data-end=\"1855\">18,5 cm<\/strong>, hauteur totale <strong data-start=\"1872\" data-end=\"1881\">20 cm<\/strong>, poids <strong data-start=\"1889\" data-end=\"1898\">726 g<\/strong>.<br data-start=\"1899\" data-end=\"1902\" \/><strong data-start=\"1902\" data-end=\"1924\">Fin du XXe si\u00e8cle.<\/strong><\/p>\n","protected":false},"featured_media":1426,"comment_status":"open","ping_status":"closed","template":"","meta":[],"product_brand":[],"product_cat":[201,274,336,359],"product_tag":[757,672,753,755,754,761,762,756,760,759,758],"class_list":{"0":"post-1425","1":"product","2":"type-product","3":"status-publish","4":"has-post-thumbnail","6":"product_cat-afrique","7":"product_cat-benin","8":"product_cat-bronzes","9":"product_cat-sculptures-statuette-figurines","10":"product_tag-african-bronze","11":"product_tag-african-sculpture","12":"product_tag-art-africain","13":"product_tag-benin-bronze","14":"product_tag-bronze-africain","15":"product_tag-cabinet-curiosites","16":"product_tag-collection-art-africain","17":"product_tag-edo-art","18":"product_tag-ethnic-art","19":"product_tag-statue-africaine","20":"product_tag-tribal-art","22":"first","23":"instock","24":"shipping-taxable","25":"purchasable","26":"product-type-simple"},"_links":{"self":[{"href":"https:\/\/artculture6.com\/index.php\/wp-json\/wp\/v2\/product\/1425","targetHints":{"allow":["GET"]}}],"collection":[{"href":"https:\/\/artculture6.com\/index.php\/wp-json\/wp\/v2\/product"}],"about":[{"href":"https:\/\/artculture6.com\/index.php\/wp-json\/wp\/v2\/types\/product"}],"replies":[{"embeddable":true,"href":"https:\/\/artculture6.com\/index.php\/wp-json\/wp\/v2\/comments?post=1425"}],"wp:featuredmedia":[{"embeddable":true,"href":"https:\/\/artculture6.com\/index.php\/wp-json\/wp\/v2\/media\/1426"}],"wp:attachment":[{"href":"https:\/\/artculture6.com\/index.php\/wp-json\/wp\/v2\/media?parent=1425"}],"wp:term":[{"taxonomy":"product_brand","embeddable":true,"href":"https:\/\/artculture6.com\/index.php\/wp-json\/wp\/v2\/product_brand?post=1425"},{"taxonomy":"product_cat","embeddable":true,"href":"https:\/\/artculture6.com\/index.php\/wp-json\/wp\/v2\/product_cat?post=1425"},{"taxonomy":"product_tag","embeddable":true,"href":"https:\/\/artculture6.com\/index.php\/wp-json\/wp\/v2\/product_tag?post=1425"}],"curies":[{"name":"wp","href":"https:\/\/api.w.org\/{rel}","templated":true}]}}