{"id":1409,"date":"2026-03-14T17:44:02","date_gmt":"2026-03-14T16:44:02","guid":{"rendered":"https:\/\/artculture6.com\/?post_type=product&#038;p=1409"},"modified":"2026-03-14T17:44:02","modified_gmt":"2026-03-14T16:44:02","slug":"sardaigne-italie-guerrier-nuragique-bronze-reproduction-xxe","status":"publish","type":"product","link":"https:\/\/artculture6.com\/index.php\/product\/sardaigne-italie-guerrier-nuragique-bronze-reproduction-xxe\/","title":{"rendered":"Sardaigne Italie Guerrier nuragique Bronze reproduction XXe"},"content":{"rendered":"<p style=\"font-weight: 400;\">R\u00e9f\u00e9rence\u00a0B3300C906<\/p>\n<p style=\"font-weight: 400;\">Je vous propose ce petit bronze.<\/p>\n<p style=\"font-weight: 400;\" data-start=\"80\" data-end=\"428\">Petite sculpture en bronze repr\u00e9sentant un\u00a0<span data-start=\"123\" data-end=\"158\">guerrier nuragique de Sardaigne<\/span>, inspir\u00e9e des c\u00e9l\u00e8bres\u00a0<em data-start=\"182\" data-end=\"202\">bronzetti nuragici<\/em>, statuettes votives produites par la civilisation nuragique entre le\u00a0<span data-start=\"272\" data-end=\"307\">IX\u1d49 et le VII\u1d49 si\u00e8cle av. J.-C.<\/span>\u00a0Ces figures stylis\u00e9es repr\u00e9sentent g\u00e9n\u00e9ralement des guerriers, chefs ou personnages mythiques tenant armes et boucliers.<\/p>\n<p style=\"font-weight: 400;\" data-start=\"1040\" data-end=\"1185\">Bel objet d\u00e9coratif \u00e9voquant l\u2019art de la\u00a0<span data-start=\"1081\" data-end=\"1107\">civilisation nuragique<\/span>, l\u2019une des cultures protohistoriques majeures de la M\u00e9diterran\u00e9e occidentale.<\/p>\n<p style=\"font-weight: 400;\" data-start=\"1187\" data-end=\"1272\" data-is-last-node=\"\" data-is-only-node=\"\">Reproduction d\u00e9corative du\u00a0<span data-start=\"1214\" data-end=\"1228\">XX\u1d49 si\u00e8cle<\/span>\u00a0inspir\u00e9e des bronzes antiques de Sardaigne.<\/p>\n<p style=\"font-weight: 400;\" data-start=\"1187\" data-end=\"1272\" data-is-last-node=\"\" data-is-only-node=\"\">9,5 cm de haut 12 cm en comptant le socle, poids total 108 grammes.<\/p>\n","protected":false},"excerpt":{"rendered":"<p>Petite sculpture en bronze repr\u00e9sentant un\u00a0<span data-start=\"123\" data-end=\"158\">guerrier nuragique de Sardaigne<\/span>, inspir\u00e9e des c\u00e9l\u00e8bres\u00a0<em data-start=\"182\" data-end=\"202\">bronzetti nuragici<\/em>, 9,5 cm de haut 12 cm en comptant le socle, poids total 108 grammes.<\/p>\n","protected":false},"featured_media":1411,"comment_status":"open","ping_status":"closed","template":"","meta":[],"product_brand":[],"product_cat":[336,345,365,206,534,359],"product_tag":[],"class_list":{"0":"post-1409","1":"product","2":"type-product","3":"status-publish","4":"has-post-thumbnail","6":"product_cat-bronzes","7":"product_cat-histoire","8":"product_cat-histoire-antique","9":"product_cat-italie","10":"product_cat-objets-dart","11":"product_cat-sculptures-statuette-figurines","13":"first","14":"instock","15":"shipping-taxable","16":"purchasable","17":"product-type-simple"},"_links":{"self":[{"href":"https:\/\/artculture6.com\/index.php\/wp-json\/wp\/v2\/product\/1409","targetHints":{"allow":["GET"]}}],"collection":[{"href":"https:\/\/artculture6.com\/index.php\/wp-json\/wp\/v2\/product"}],"about":[{"href":"https:\/\/artculture6.com\/index.php\/wp-json\/wp\/v2\/types\/product"}],"replies":[{"embeddable":true,"href":"https:\/\/artculture6.com\/index.php\/wp-json\/wp\/v2\/comments?post=1409"}],"wp:featuredmedia":[{"embeddable":true,"href":"https:\/\/artculture6.com\/index.php\/wp-json\/wp\/v2\/media\/1411"}],"wp:attachment":[{"href":"https:\/\/artculture6.com\/index.php\/wp-json\/wp\/v2\/media?parent=1409"}],"wp:term":[{"taxonomy":"product_brand","embeddable":true,"href":"https:\/\/artculture6.com\/index.php\/wp-json\/wp\/v2\/product_brand?post=1409"},{"taxonomy":"product_cat","embeddable":true,"href":"https:\/\/artculture6.com\/index.php\/wp-json\/wp\/v2\/product_cat?post=1409"},{"taxonomy":"product_tag","embeddable":true,"href":"https:\/\/artculture6.com\/index.php\/wp-json\/wp\/v2\/product_tag?post=1409"}],"curies":[{"name":"wp","href":"https:\/\/api.w.org\/{rel}","templated":true}]}}