{"id":1396,"date":"2026-03-14T10:20:46","date_gmt":"2026-03-14T10:20:46","guid":{"rendered":"https:\/\/artculture6.com\/?post_type=product&#038;p=1396"},"modified":"2026-03-14T10:31:13","modified_gmt":"2026-03-14T10:31:13","slug":"sardaigne-italie-guerrier-nuragique-bronze-copie-xxe","status":"publish","type":"product","link":"https:\/\/artculture6.com\/index.php\/product\/sardaigne-italie-guerrier-nuragique-bronze-copie-xxe\/","title":{"rendered":"Sardaigne Italie Guerrier nuragique Bronze copie XXe"},"content":{"rendered":"<p style=\"font-weight: 400;\">R\u00e9f\u00e9rence B3299C906<\/p>\n<p style=\"font-weight: 400;\">Je vous propose ce petit bronze.<\/p>\n<p style=\"font-weight: 400;\" data-start=\"80\" data-end=\"428\">Petite sculpture en bronze repr\u00e9sentant un\u00a0<span data-start=\"123\" data-end=\"158\">guerrier nuragique de Sardaigne<\/span>, inspir\u00e9e des c\u00e9l\u00e8bres\u00a0<em data-start=\"182\" data-end=\"202\">bronzetti nuragici<\/em>, statuettes votives produites par la civilisation nuragique entre le\u00a0<span data-start=\"272\" data-end=\"307\">IX\u1d49 et le VII\u1d49 si\u00e8cle av. J.-C.<\/span>\u00a0Ces figures stylis\u00e9es repr\u00e9sentent g\u00e9n\u00e9ralement des guerriers, chefs ou personnages mythiques tenant armes et boucliers.<\/p>\n<p style=\"font-weight: 400;\" data-start=\"430\" data-end=\"742\">La sculpture pr\u00e9sente un personnage \u00e9lanc\u00e9 tenant un\u00a0<span data-start=\"483\" data-end=\"514\">bouclier d\u00e9cor\u00e9 et une arme<\/span>, avec un casque caract\u00e9ristique. Le style volontairement archa\u00efque, aux formes allong\u00e9es et aux volumes simplifi\u00e9s, reprend fid\u00e8lement l\u2019esth\u00e9tique des bronzes votifs retrouv\u00e9s sur de nombreux sites arch\u00e9ologiques de Sardaigne.<\/p>\n<p style=\"font-weight: 400;\" data-start=\"744\" data-end=\"1038\">La figurine est mont\u00e9e sur un\u00a0<span data-start=\"774\" data-end=\"842\">socle en bois portant une plaque \u00ab\u00a0Sardegna Nuragica \u2013 Guerriero\u00a0\u00bb<\/span>, indication fr\u00e9quente sur les reproductions r\u00e9alis\u00e9es au XX\u1d49 si\u00e8cle. La patine verte \u00e9voque l\u2019aspect des bronzes arch\u00e9ologiques anciens.<\/p>\n<p style=\"font-weight: 400;\" data-start=\"1040\" data-end=\"1185\">Bel objet d\u00e9coratif \u00e9voquant l\u2019art de la\u00a0<span data-start=\"1081\" data-end=\"1107\">civilisation nuragique<\/span>, l\u2019une des cultures protohistoriques majeures de la M\u00e9diterran\u00e9e occidentale.<\/p>\n<p style=\"font-weight: 400;\" data-start=\"1187\" data-end=\"1272\" data-is-last-node=\"\" data-is-only-node=\"\">Reproduction d\u00e9corative du\u00a0<span data-start=\"1214\" data-end=\"1228\">XX\u1d49 si\u00e8cle<\/span>\u00a0inspir\u00e9e des bronzes antiques de Sardaigne.<\/p>\n<p style=\"font-weight: 400;\" data-start=\"1187\" data-end=\"1272\" data-is-last-node=\"\" data-is-only-node=\"\">18 cm de haut 21 cm en comptant le socle, poids total 432 grammes.<\/p>\n","protected":false},"excerpt":{"rendered":"<p>Reproduction d\u00e9corative d\u2019un <strong data-start=\"728\" data-end=\"786\">bronze nuragique de Sardaigne repr\u00e9sentant un guerrier<\/strong>, inspir\u00e9 des c\u00e9l\u00e8bres <em data-start=\"809\" data-end=\"829\">bronzetti nuragici<\/em> de l\u2019\u00e2ge du Bronze sarde (IX\u1d49-VII\u1d49 si\u00e8cle av. J.-C.). Figurine stylis\u00e9e avec bouclier et lance, mont\u00e9e sur socle avec plaque <strong data-start=\"955\" data-end=\"990\">\u201cSardegna Nuragica \u2013 Guerriero\u201d<\/strong>. Belle patine verte \u00e9voquant les bronzes arch\u00e9ologiques.<\/p>\n","protected":false},"featured_media":1407,"comment_status":"open","ping_status":"closed","template":"","meta":[],"product_brand":[],"product_cat":[336,206,534,359],"product_tag":[750,746,749,739,743,740,741,748,744,742,747,745],"class_list":{"0":"post-1396","1":"product","2":"type-product","3":"status-publish","4":"has-post-thumbnail","6":"product_cat-bronzes","7":"product_cat-italie","8":"product_cat-objets-dart","9":"product_cat-sculptures-statuette-figurines","10":"product_tag-antiquity-style-sculpture","11":"product_tag-bronze-archaic-style","12":"product_tag-bronze-decorative-statue","13":"product_tag-bronze-nuragique","14":"product_tag-bronze-sardaigne","15":"product_tag-bronzetto-nuragico","16":"product_tag-guerrier-sarde","17":"product_tag-nuragic-warrior","18":"product_tag-reproduction-bronze-antique","19":"product_tag-sardegna-nuragica","20":"product_tag-sardinian-bronze-statue","21":"product_tag-warrior-figurine-bronze","23":"first","24":"instock","25":"shipping-taxable","26":"purchasable","27":"product-type-simple"},"_links":{"self":[{"href":"https:\/\/artculture6.com\/index.php\/wp-json\/wp\/v2\/product\/1396","targetHints":{"allow":["GET"]}}],"collection":[{"href":"https:\/\/artculture6.com\/index.php\/wp-json\/wp\/v2\/product"}],"about":[{"href":"https:\/\/artculture6.com\/index.php\/wp-json\/wp\/v2\/types\/product"}],"replies":[{"embeddable":true,"href":"https:\/\/artculture6.com\/index.php\/wp-json\/wp\/v2\/comments?post=1396"}],"wp:featuredmedia":[{"embeddable":true,"href":"https:\/\/artculture6.com\/index.php\/wp-json\/wp\/v2\/media\/1407"}],"wp:attachment":[{"href":"https:\/\/artculture6.com\/index.php\/wp-json\/wp\/v2\/media?parent=1396"}],"wp:term":[{"taxonomy":"product_brand","embeddable":true,"href":"https:\/\/artculture6.com\/index.php\/wp-json\/wp\/v2\/product_brand?post=1396"},{"taxonomy":"product_cat","embeddable":true,"href":"https:\/\/artculture6.com\/index.php\/wp-json\/wp\/v2\/product_cat?post=1396"},{"taxonomy":"product_tag","embeddable":true,"href":"https:\/\/artculture6.com\/index.php\/wp-json\/wp\/v2\/product_tag?post=1396"}],"curies":[{"name":"wp","href":"https:\/\/api.w.org\/{rel}","templated":true}]}}