{"id":1392,"date":"2026-03-14T08:06:11","date_gmt":"2026-03-14T08:06:11","guid":{"rendered":"https:\/\/artculture6.com\/?post_type=product&#038;p=1392"},"modified":"2026-03-14T08:06:11","modified_gmt":"2026-03-14T08:06:11","slug":"israel-les-serviteurs-de-david-dapres-hoet-1728","status":"publish","type":"product","link":"https:\/\/artculture6.com\/index.php\/product\/israel-les-serviteurs-de-david-dapres-hoet-1728\/","title":{"rendered":"Isra\u00ebl Les serviteurs de david d&rsquo;apr\u00e8s Hoet 1728"},"content":{"rendered":"<p style=\"font-weight: 400;\">R\u00e9f\u00e9rence\u00a0B3296R788<\/p>\n<p style=\"font-weight: 400;\" data-start=\"285\" data-end=\"431\">Gravure biblique originale du XVIII\u1d49 si\u00e8cle d&rsquo;apr\u00e8s Hoet 1728<\/p>\n<p style=\"font-weight: 400;\" data-start=\"433\" data-end=\"785\">La sc\u00e8ne illustre un \u00e9pisode de l\u2019Ancien Testament tir\u00e9 du\u00a0<span data-start=\"492\" data-end=\"542\">Premier Livre des Chroniques (1 Chroniques 19)<\/span>. Les\u00a0<span data-start=\"548\" data-end=\"575\">serviteurs du roi David<\/span>, envoy\u00e9s comme messagers aupr\u00e8s du roi ammonite Hanun, sont humili\u00e9s : leurs\u00a0<span data-start=\"653\" data-end=\"701\">barbes sont ras\u00e9es et leurs v\u00eatements coup\u00e9s<\/span>, acte d\u2019insulte diplomatique qui provoquera la guerre entre David et les Ammonites.<\/p>\n<p style=\"font-weight: 400;\" data-start=\"787\" data-end=\"1106\">La composition montre les serviteurs de David entour\u00e9s de soldats, l\u2019un d\u2019eux \u00e9tant ras\u00e9 au premier plan tandis que la cour observe la sc\u00e8ne. L\u2019architecture monumentale et la pr\u00e9cision du burin sont caract\u00e9ristiques du style de Bernard Picart, l\u2019un des grands ma\u00eetres de la gravure europ\u00e9enne du d\u00e9but du XVIII\u1d49 si\u00e8cle.<\/p>\n<p style=\"font-weight: 400;\" data-start=\"1108\" data-end=\"1236\">L\u2019estampe est imprim\u00e9e sur\u00a0<span data-start=\"1135\" data-end=\"1158\">papier verg\u00e9 ombr\u00e9.<\/span><\/p>\n<p style=\"font-weight: 400;\" data-start=\"1108\" data-end=\"1236\">La feuille fait :\u00a0<span data-start=\"1269\" data-end=\"1287\">42,7cm \u00d7 27,3 cm, la g<\/span>ravure seule fait :\u00a0<span data-start=\"1300\" data-end=\"1318\">34,7 \u00d7 21,3 cm<\/span><\/p>\n","protected":false},"excerpt":{"rendered":"<p>Gravure biblique originale du XVIII\u1d49 si\u00e8cle d\u2019apr\u00e8s Hoet, vers 1728, illustrant l\u2019\u00e9pisode du Premier Livre des Chroniques (1 Chroniques 19) o\u00f9 les messagers du roi David sont humili\u00e9s par le roi ammonite Hanun. Belle composition grav\u00e9e dans l\u2019entourage de Bernard Picart, typique de la grande gravure hollandaise du d\u00e9but du XVIII\u1d49 si\u00e8cle. Papier verg\u00e9 ancien \u2013 feuille 42,7 \u00d7 27,3 cm, gravure 34,7 \u00d7 21,3 cm.<\/p>\n","protected":false},"featured_media":1393,"comment_status":"open","ping_status":"closed","template":"","meta":[],"product_brand":[],"product_cat":[551,350],"product_tag":[],"class_list":{"0":"post-1392","1":"product","2":"type-product","3":"status-publish","4":"has-post-thumbnail","6":"product_cat-eau-forte","7":"product_cat-mythes-religions-esoterisme","9":"first","10":"instock","11":"shipping-taxable","12":"purchasable","13":"product-type-simple"},"_links":{"self":[{"href":"https:\/\/artculture6.com\/index.php\/wp-json\/wp\/v2\/product\/1392","targetHints":{"allow":["GET"]}}],"collection":[{"href":"https:\/\/artculture6.com\/index.php\/wp-json\/wp\/v2\/product"}],"about":[{"href":"https:\/\/artculture6.com\/index.php\/wp-json\/wp\/v2\/types\/product"}],"replies":[{"embeddable":true,"href":"https:\/\/artculture6.com\/index.php\/wp-json\/wp\/v2\/comments?post=1392"}],"wp:featuredmedia":[{"embeddable":true,"href":"https:\/\/artculture6.com\/index.php\/wp-json\/wp\/v2\/media\/1393"}],"wp:attachment":[{"href":"https:\/\/artculture6.com\/index.php\/wp-json\/wp\/v2\/media?parent=1392"}],"wp:term":[{"taxonomy":"product_brand","embeddable":true,"href":"https:\/\/artculture6.com\/index.php\/wp-json\/wp\/v2\/product_brand?post=1392"},{"taxonomy":"product_cat","embeddable":true,"href":"https:\/\/artculture6.com\/index.php\/wp-json\/wp\/v2\/product_cat?post=1392"},{"taxonomy":"product_tag","embeddable":true,"href":"https:\/\/artculture6.com\/index.php\/wp-json\/wp\/v2\/product_tag?post=1392"}],"curies":[{"name":"wp","href":"https:\/\/api.w.org\/{rel}","templated":true}]}}