{"id":1387,"date":"2026-03-14T07:28:33","date_gmt":"2026-03-14T07:28:33","guid":{"rendered":"https:\/\/artculture6.com\/?post_type=product&#038;p=1387"},"modified":"2026-03-15T07:08:06","modified_gmt":"2026-03-15T06:08:06","slug":"jesus-christ-guerit-un-aveugle-bernard-picart-1728","status":"publish","type":"product","link":"https:\/\/artculture6.com\/index.php\/product\/jesus-christ-guerit-un-aveugle-bernard-picart-1728\/","title":{"rendered":"Jesus Christ gu\u00e9rit un aveugle Bernard Picart 1728"},"content":{"rendered":"<p style=\"font-weight: 400;\">R\u00e9f\u00e9rence\u00a0B3298R788<\/p>\n<p style=\"font-weight: 400;\" data-start=\"285\" data-end=\"431\">Gravure biblique originale d&rsquo;apr\u00e8s le c\u00e9l\u00e8bre artiste fran\u00e7ais Bernard Picart et grav\u00e9e par Surugue puis publi\u00e9e vers <span data-start=\"424\" data-end=\"432\">1728<\/span>.<\/p>\n<p style=\"font-weight: 400;\" data-start=\"435\" data-end=\"682\">Cette estampe illustre un \u00e9pisode de l\u2019\u00c9vangile selon\u00a0<span data-start=\"489\" data-end=\"516\">Saint Jean (Jean IX, 7)<\/span>\u00a0:\u00a0<span data-start=\"519\" data-end=\"553\">J\u00e9sus rend la vue \u00e0 un aveugle<\/span>. La sc\u00e8ne repr\u00e9sente le Christ b\u00e9nissant l\u2019homme agenouill\u00e9 devant lui tandis que les disciples et t\u00e9moins assistent au miracle.<\/p>\n<p style=\"font-weight: 400;\" data-start=\"684\" data-end=\"924\">La composition est caract\u00e9ristique du style de Picart : architecture monumentale, \u00e9quilibre classique des figures et grande pr\u00e9cision du burin. L\u2019arri\u00e8re-plan ouvre sur un paysage urbain et montagneux qui accentue la profondeur de la sc\u00e8ne.<\/p>\n<p style=\"font-weight: 400;\" data-start=\"926\" data-end=\"1186\">Install\u00e9 \u00e0 Amsterdam, Bernard Picart est l\u2019un des graveurs majeurs du d\u00e9but du XVIII\u1d49 si\u00e8cle. Ses planches bibliques ont largement diffus\u00e9 l\u2019iconographie religieuse dans toute l\u2019Europe et demeurent tr\u00e8s recherch\u00e9es par les collectionneurs d\u2019estampes anciennes.<\/p>\n<p style=\"font-weight: 400;\" data-start=\"1108\" data-end=\"1236\">L\u2019estampe est imprim\u00e9e sur\u00a0<span data-start=\"1135\" data-end=\"1158\">papier verg\u00e9 ombr\u00e9.<\/span><\/p>\n<p style=\"font-weight: 400;\" data-start=\"1108\" data-end=\"1236\">La feuille fait :\u00a043\u00a0<span data-start=\"1269\" data-end=\"1287\">cm \u00d7\u00a028,6 cm, la g<\/span>ravure seule fait :\u00a034,8 cm \u00d7 21,7 cm<\/p>\n","protected":false},"excerpt":{"rendered":"<p data-start=\"1595\" data-end=\"1789\">Gravure biblique originale d&rsquo;apr\u00e8s <strong data-start=\"1625\" data-end=\"1643\">Bernard Picart<\/strong>, publi\u00e9e vers <strong data-start=\"1658\" data-end=\"1666\">1728<\/strong>, Grav\u00e9e par Surugue repr\u00e9sentant <strong data-start=\"1681\" data-end=\"1712\">J\u00e9sus gu\u00e9rissant un aveugle<\/strong> (\u00c9vangile selon Saint Jean IX).<br data-start=\"1744\" data-end=\"1747\" \/>Belle \u00e9preuve sur sur\u00a0<span data-start=\"1135\" data-end=\"1158\">papier verg\u00e9 ombr\u00e9.<\/span><\/p>\n<p data-start=\"1791\" data-end=\"1848\">La feuille fait :\u00a043\u00a0<span data-start=\"1269\" data-end=\"1287\">cm \u00d7\u00a028,6 cm, la g<\/span>ravure seule fait :\u00a034,8 cm \u00d7 21,7 cm<\/p>\n","protected":false},"featured_media":1388,"comment_status":"open","ping_status":"closed","template":"","meta":[],"product_brand":[],"product_cat":[557,511,549,350,727],"product_tag":[736,737,150,715,718,148,734,730,738,731,735,729,728,733,641,732,646],"class_list":{"0":"post-1387","1":"product","2":"type-product","3":"status-publish","4":"has-post-thumbnail","6":"product_cat-artistes-2","7":"product_cat-gravures-anciennes","8":"product_cat-gravures-par-siecles","9":"product_cat-mythes-religions-esoterisme","10":"product_cat-picart-bernard-1673-1733-artistes-2","11":"product_tag-18th-century-engraving","12":"product_tag-antique-print","13":"product_tag-art-religieux","14":"product_tag-bernard-picart","15":"product_tag-bible-engraving","16":"product_tag-estampe-ancienne","17":"product_tag-gospel-of-john","18":"product_tag-gravure-biblique","19":"product_tag-gravure-hollandaise","20":"product_tag-gravure-xviiie-siecle","21":"product_tag-jean-ix-7","22":"product_tag-jesus-guerit-un-aveugle","23":"product_tag-jesus-heals-the-blind","24":"product_tag-miracle-de-jesus","25":"product_tag-old-master-print","26":"product_tag-papier-verge","27":"product_tag-religious-engraving","29":"first","30":"instock","31":"shipping-taxable","32":"purchasable","33":"product-type-simple"},"_links":{"self":[{"href":"https:\/\/artculture6.com\/index.php\/wp-json\/wp\/v2\/product\/1387","targetHints":{"allow":["GET"]}}],"collection":[{"href":"https:\/\/artculture6.com\/index.php\/wp-json\/wp\/v2\/product"}],"about":[{"href":"https:\/\/artculture6.com\/index.php\/wp-json\/wp\/v2\/types\/product"}],"replies":[{"embeddable":true,"href":"https:\/\/artculture6.com\/index.php\/wp-json\/wp\/v2\/comments?post=1387"}],"wp:featuredmedia":[{"embeddable":true,"href":"https:\/\/artculture6.com\/index.php\/wp-json\/wp\/v2\/media\/1388"}],"wp:attachment":[{"href":"https:\/\/artculture6.com\/index.php\/wp-json\/wp\/v2\/media?parent=1387"}],"wp:term":[{"taxonomy":"product_brand","embeddable":true,"href":"https:\/\/artculture6.com\/index.php\/wp-json\/wp\/v2\/product_brand?post=1387"},{"taxonomy":"product_cat","embeddable":true,"href":"https:\/\/artculture6.com\/index.php\/wp-json\/wp\/v2\/product_cat?post=1387"},{"taxonomy":"product_tag","embeddable":true,"href":"https:\/\/artculture6.com\/index.php\/wp-json\/wp\/v2\/product_tag?post=1387"}],"curies":[{"name":"wp","href":"https:\/\/api.w.org\/{rel}","templated":true}]}}