{"id":1383,"date":"2026-03-13T21:18:54","date_gmt":"2026-03-13T21:18:54","guid":{"rendered":"https:\/\/artculture6.com\/?post_type=product&#038;p=1383"},"modified":"2026-03-14T07:57:21","modified_gmt":"2026-03-14T07:57:21","slug":"jesus-christ-et-la-femme-surprise-en-adultere-bernard-picart-1728","status":"publish","type":"product","link":"https:\/\/artculture6.com\/index.php\/product\/jesus-christ-et-la-femme-surprise-en-adultere-bernard-picart-1728\/","title":{"rendered":"J\u00e9sus Christ et La femme surprise en adult\u00e8re gravure par Blyswyk  1728"},"content":{"rendered":"<p style=\"font-weight: 400;\">R\u00e9f\u00e9rence\u00a0B3297R788<\/p>\n<p style=\"font-weight: 400;\" data-start=\"781\" data-end=\"1007\">Importante gravure biblique\u00a0J\u00e9sus Christ et La femme surprise en adult\u00e8re gravure par Blyswyk 1728.<\/p>\n<p style=\"font-weight: 400;\" data-start=\"1009\" data-end=\"1299\">La sc\u00e8ne repr\u00e9sente l\u2019\u00e9pisode c\u00e9l\u00e8bre de\u00a0<span data-start=\"1050\" data-end=\"1083\">la femme surprise en adult\u00e8re<\/span>, relat\u00e9 dans l\u2019\u00c9vangile selon saint Jean (Jean VIII, 3-11). Les scribes et pharisiens pr\u00e9sentent au Christ une femme accus\u00e9e d\u2019adult\u00e8re afin de le mettre \u00e0 l\u2019\u00e9preuve. Selon la loi mosa\u00efque, elle devait \u00eatre lapid\u00e9e.<\/p>\n<p style=\"font-weight: 400;\" data-start=\"1301\" data-end=\"1349\">Le Christ r\u00e9pond par la phrase devenue c\u00e9l\u00e8bre :<\/p>\n<p style=\"font-weight: 400;\" data-start=\"1351\" data-end=\"1430\"><span data-start=\"1351\" data-end=\"1430\">\u00ab Que celui d\u2019entre vous qui est sans p\u00e9ch\u00e9 lui jette la premi\u00e8re pierre. \u00bb<\/span><\/p>\n<p style=\"font-weight: 400;\" data-start=\"1432\" data-end=\"1627\">La composition est tr\u00e8s \u00e9quilibr\u00e9e :<br data-start=\"1468\" data-end=\"1471\" \/>le Christ se tient \u00e0 droite tandis que les accusateurs pr\u00e9sentent le rouleau de la loi au centre de la sc\u00e8ne, la femme agenouill\u00e9e occupant le premier plan.<\/p>\n<p style=\"font-weight: 400;\" data-start=\"1629\" data-end=\"1801\">La gravure se distingue par une grande finesse de burin et par un traitement tr\u00e8s \u00e9labor\u00e9 de l\u2019architecture et des draperies, caract\u00e9ristiques du style classique de Picart.<\/p>\n<p style=\"font-weight: 400;\" data-start=\"1803\" data-end=\"1940\">Le titre appara\u00eet en plusieurs langues au bas de la planche, pratique fr\u00e9quente dans les \u00e9ditions bibliques europ\u00e9ennes du XVIII\u1d49 si\u00e8cle.<\/p>\n<p style=\"font-weight: 400;\">La feuille de papier verg\u00e9 ombr\u00e9 fait 44,8 cm par 28,6 cm, la gravure seule fait 35 cm par 21,5 cm.<\/p>\n<p style=\"font-weight: 400;\">Tr\u00e8s belle gravure biblique du XVIII\u1d49 si\u00e8cle, repr\u00e9sentative de l\u2019art de Bernard Picart et recherch\u00e9e pour les collections d\u2019iconographie religieuse.<\/p>\n<p style=\"font-weight: 400;\">Attention\u00a0: Les feuilles de vignes sont ici pos\u00e9es pour r\u00e9pondre \u00e0 la censure pudibonde internationale actuelle\u00a0! Des mesures suppl\u00e9mentaires seront n\u00e9cessaires d\u00e8s que l\u2019inquisition sera r\u00e9tablie ou l&rsquo;arriv\u00e9e un nouveau J\u00e9r\u00f4me Savonarole (1452-1498) ! Photographies de l\u2019\u0153uvre sans les feuilles sur demande. Important\u00a0: l&rsquo;objet est vendu sans les feuilles de vignes vertes.<\/p>\n","protected":false},"excerpt":{"rendered":"<p data-start=\"331\" data-end=\"503\">Gravure biblique du XVIII\u1d49 si\u00e8cle repr\u00e9sentant J\u00e9sus et la femme surprise en adult\u00e8re (\u00c9vangile de Jean VIII). Grav\u00e9e vers 1728 par Blyswyk d\u2019apr\u00e8s Arnold Houbraken, dans l\u2019entourage de Bernard Picart. Feuille 44,8 \u00d7 28,6 cm \u2013 gravure 35 \u00d7 21,5 cm, papier verg\u00e9 ancien.<\/p>\n<p data-start=\"653\" data-end=\"676\">Gravure dat\u00e9e <strong data-start=\"667\" data-end=\"675\">1728<\/strong>.<\/p>\n","protected":false},"featured_media":1385,"comment_status":"open","ping_status":"closed","template":"","meta":[],"product_brand":[],"product_cat":[557],"product_tag":[726,720,725,719,723,721,718,644,645,722,724,626,716,646,717],"class_list":{"0":"post-1383","1":"product","2":"type-product","3":"status-publish","4":"has-post-thumbnail","6":"product_cat-artistes-2","7":"product_tag-18th-century-print","8":"product_tag-amsterdam-engraving","9":"product_tag-antique-bible-print","10":"product_tag-antique-engraving-18th-century","11":"product_tag-antique-religious-print","12":"product_tag-baroque-engraving","13":"product_tag-bible-engraving","14":"product_tag-biblical-engraving","15":"product_tag-biblical-scene-print","16":"product_tag-christian-art-print","17":"product_tag-museum-engraving","18":"product_tag-old-master-engraving","19":"product_tag-picart-engraving","20":"product_tag-religious-engraving","21":"product_tag-woman-taken-in-adultery","23":"first","24":"instock","25":"shipping-taxable","26":"purchasable","27":"product-type-simple"},"_links":{"self":[{"href":"https:\/\/artculture6.com\/index.php\/wp-json\/wp\/v2\/product\/1383","targetHints":{"allow":["GET"]}}],"collection":[{"href":"https:\/\/artculture6.com\/index.php\/wp-json\/wp\/v2\/product"}],"about":[{"href":"https:\/\/artculture6.com\/index.php\/wp-json\/wp\/v2\/types\/product"}],"replies":[{"embeddable":true,"href":"https:\/\/artculture6.com\/index.php\/wp-json\/wp\/v2\/comments?post=1383"}],"wp:featuredmedia":[{"embeddable":true,"href":"https:\/\/artculture6.com\/index.php\/wp-json\/wp\/v2\/media\/1385"}],"wp:attachment":[{"href":"https:\/\/artculture6.com\/index.php\/wp-json\/wp\/v2\/media?parent=1383"}],"wp:term":[{"taxonomy":"product_brand","embeddable":true,"href":"https:\/\/artculture6.com\/index.php\/wp-json\/wp\/v2\/product_brand?post=1383"},{"taxonomy":"product_cat","embeddable":true,"href":"https:\/\/artculture6.com\/index.php\/wp-json\/wp\/v2\/product_cat?post=1383"},{"taxonomy":"product_tag","embeddable":true,"href":"https:\/\/artculture6.com\/index.php\/wp-json\/wp\/v2\/product_tag?post=1383"}],"curies":[{"name":"wp","href":"https:\/\/api.w.org\/{rel}","templated":true}]}}