{"id":1378,"date":"2026-03-13T08:01:43","date_gmt":"2026-03-13T08:01:43","guid":{"rendered":"https:\/\/artculture6.com\/?post_type=product&#038;p=1378"},"modified":"2026-03-13T08:03:27","modified_gmt":"2026-03-13T08:03:27","slug":"charles-de-bonchamps-1760-1793-general-royaliste-chouan-gravure-vers-1835","status":"publish","type":"product","link":"https:\/\/artculture6.com\/index.php\/product\/charles-de-bonchamps-1760-1793-general-royaliste-chouan-gravure-vers-1835\/","title":{"rendered":"Charles de Bonchamps (1760-1793) G\u00e9n\u00e9ral Royaliste Chouan Gravure vers 1835"},"content":{"rendered":"<p data-start=\"495\" data-end=\"904\">Belle gravure du XIX\u1d49 si\u00e8cle repr\u00e9sentant <strong data-start=\"537\" data-end=\"573\">Charles de Bonchamps (1760-1793)<\/strong>, officier royaliste et figure majeure des <strong data-start=\"616\" data-end=\"637\">guerres de Vend\u00e9e<\/strong> pendant la R\u00e9volution fran\u00e7aise. Bonchamps fut l\u2019un des principaux g\u00e9n\u00e9raux de l\u2019arm\u00e9e catholique et royale et reste c\u00e9l\u00e8bre pour son geste de cl\u00e9mence apr\u00e8s la bataille de Cholet en 1793, lorsqu\u2019il demanda la gr\u00e2ce de plusieurs milliers de prisonniers r\u00e9publicains.<\/p>\n<p data-start=\"906\" data-end=\"1203\">Ce portrait, r\u00e9alis\u00e9 vers <strong data-start=\"932\" data-end=\"940\">1835<\/strong>, s\u2019inscrit dans la tradition des gravures historiques du XIX\u1d49 si\u00e8cle consacr\u00e9es aux grandes figures de la R\u00e9volution et de la contre-r\u00e9volution. Le travail pr\u00e9sente un trait pr\u00e9cis et une belle finesse d\u2019ex\u00e9cution typique des gravures d\u2019\u00e9dition de cette p\u00e9riode.<\/p>\n<p data-start=\"1205\" data-end=\"1429\">La feuille est bien \u00e9quilibr\u00e9e avec une belle pr\u00e9sence visuelle et constitue un document int\u00e9ressant pour les amateurs d\u2019histoire de la R\u00e9volution fran\u00e7aise, des guerres de Vend\u00e9e ou des portraits historiques du XIX\u1d49 si\u00e8cle.<\/p>\n<p data-start=\"1431\" data-end=\"1478\">Dimensions de la feuille : <strong data-start=\"1458\" data-end=\"1477\">28 cm \u00d7 20,4 cm<\/strong>.<\/p>\n<p data-start=\"1431\" data-end=\"1478\">B2995C783<\/p>\n","protected":false},"excerpt":{"rendered":"<p data-start=\"185\" data-end=\"415\">Portrait grav\u00e9 de <strong data-start=\"203\" data-end=\"239\">Charles de Bonchamps (1760-1793)<\/strong>, g\u00e9n\u00e9ral royaliste des guerres de Vend\u00e9e, c\u00e9l\u00e8bre pour avoir \u00e9pargn\u00e9 les prisonniers r\u00e9publicains apr\u00e8s la bataille de Cholet. Belle gravure du XIX\u1d49 si\u00e8cle r\u00e9alis\u00e9e vers 1835.<\/p>\n<p data-start=\"417\" data-end=\"461\">Dimensions de la feuille : <strong data-start=\"444\" data-end=\"460\">28 \u00d7 20,4 cm<\/strong>.<\/p>\n","protected":false},"featured_media":1379,"comment_status":"open","ping_status":"closed","template":"","meta":[],"product_brand":[],"product_cat":[521,199,701],"product_tag":[703,702,713,194,706,708,704,710,712,709,711,707,705],"class_list":{"0":"post-1378","1":"product","2":"type-product","3":"status-publish","4":"has-post-thumbnail","6":"product_cat-gravures-xix-siecle","7":"product_cat-par-categories-2","8":"product_cat-xviiie","9":"product_tag-bonchamps-general-vendeen","10":"product_tag-charles-de-bonchamps","11":"product_tag-collection-revolution-francaise","12":"product_tag-estampe-historique","13":"product_tag-general-chouan","14":"product_tag-gravure-ancienne-france","15":"product_tag-guerre-de-vendee","16":"product_tag-histoire-de-france-gravure","17":"product_tag-personnage-historique-francais","18":"product_tag-portrait-militaire-ancien","19":"product_tag-portrait-royaliste","20":"product_tag-revolution-francaise-gravure","21":"product_tag-vendee-royaliste","23":"first","24":"instock","25":"shipping-taxable","26":"purchasable","27":"product-type-simple"},"_links":{"self":[{"href":"https:\/\/artculture6.com\/index.php\/wp-json\/wp\/v2\/product\/1378","targetHints":{"allow":["GET"]}}],"collection":[{"href":"https:\/\/artculture6.com\/index.php\/wp-json\/wp\/v2\/product"}],"about":[{"href":"https:\/\/artculture6.com\/index.php\/wp-json\/wp\/v2\/types\/product"}],"replies":[{"embeddable":true,"href":"https:\/\/artculture6.com\/index.php\/wp-json\/wp\/v2\/comments?post=1378"}],"wp:featuredmedia":[{"embeddable":true,"href":"https:\/\/artculture6.com\/index.php\/wp-json\/wp\/v2\/media\/1379"}],"wp:attachment":[{"href":"https:\/\/artculture6.com\/index.php\/wp-json\/wp\/v2\/media?parent=1378"}],"wp:term":[{"taxonomy":"product_brand","embeddable":true,"href":"https:\/\/artculture6.com\/index.php\/wp-json\/wp\/v2\/product_brand?post=1378"},{"taxonomy":"product_cat","embeddable":true,"href":"https:\/\/artculture6.com\/index.php\/wp-json\/wp\/v2\/product_cat?post=1378"},{"taxonomy":"product_tag","embeddable":true,"href":"https:\/\/artculture6.com\/index.php\/wp-json\/wp\/v2\/product_tag?post=1378"}],"curies":[{"name":"wp","href":"https:\/\/api.w.org\/{rel}","templated":true}]}}