{"id":1340,"date":"2026-03-12T07:42:09","date_gmt":"2026-03-12T07:42:09","guid":{"rendered":"https:\/\/artculture6.com\/?post_type=product&#038;p=1340"},"modified":"2026-03-12T07:43:04","modified_gmt":"2026-03-12T07:43:04","slug":"apres-rembrandt-presentation-de-jesus-au-temple-heliogravure-1898","status":"publish","type":"product","link":"https:\/\/artculture6.com\/index.php\/product\/apres-rembrandt-presentation-de-jesus-au-temple-heliogravure-1898\/","title":{"rendered":"Apr\u00e8s Rembrandt Pr\u00e9sentation de J\u00e9sus au Temple H\u00e9liogravure 1898"},"content":{"rendered":"<p data-start=\"367\" data-end=\"782\"><span style=\"font-size: x-large;\">rence\u00a0B3293R789-7<\/span><\/p>\n<p data-start=\"54\" data-end=\"739\"><span style=\"font-size: x-large;\">Belle h\u00e9liogravure ancienne d\u2019apr\u00e8s\u00a0<span data-start=\"90\" data-end=\"124\">Rembrandt van Rijn (1606-1669)<\/span>\u00a0repr\u00e9sentant\u00a0<span data-start=\"138\" data-end=\"176\">la Pr\u00e9sentation de J\u00e9sus au Temple<\/span>, c\u00e9l\u00e8bre \u00e9pisode de l\u2019\u00c9vangile selon saint Luc. La sc\u00e8ne montre le vieillard Sim\u00e9on recevant l\u2019Enfant J\u00e9sus dans le temple de J\u00e9rusalem tandis que Marie et Joseph assistent \u00e0 ce moment solennel. Rembrandt traite ce sujet religieux avec son remarquable sens du\u00a0<span data-start=\"437\" data-end=\"453\">clair-obscur<\/span>, utilisant de forts contrastes de lumi\u00e8re pour concentrer l\u2019attention sur les personnages principaux et cr\u00e9er une atmosph\u00e8re profond\u00e9ment spirituelle. Les figures \u00e9mergent de l\u2019ombre avec une grande intensit\u00e9 expressive, caract\u00e9ristique de l\u2019art du ma\u00eetre hollandais du XVII\u1d49 si\u00e8cle.<\/span><\/p>\n<p data-start=\"741\" data-end=\"1250\"><span style=\"font-size: x-large;\">Cette estampe est une\u00a0<span data-start=\"763\" data-end=\"812\">h\u00e9liogravure ancienne r\u00e9alis\u00e9e au XIX\u1d49 si\u00e8cle<\/span>, technique d\u2019impression photom\u00e9canique tr\u00e8s pris\u00e9e pour reproduire fid\u00e8lement les \u0153uvres des grands ma\u00eetres conserv\u00e9es dans les mus\u00e9es europ\u00e9ens. Elle restitue avec finesse les valeurs de gris et la profondeur des ombres qui font la richesse des compositions de Rembrandt. Ces tirages \u00e9taient destin\u00e9s aux amateurs d\u2019art et aux collectionneurs souhaitant poss\u00e9der des reproductions de qualit\u00e9 des chefs-d\u2019\u0153uvre de la peinture ancienne.<\/span><\/p>\n<p data-start=\"1252\" data-end=\"1361\"><span style=\"font-size: x-large;\">L\u2019\u00e9preuve est imprim\u00e9e sur\u00a0<span data-start=\"1279\" data-end=\"1313\">papier fort avec larges marges<\/span>, typique des \u00e9ditions d\u2019art de cette p\u00e9riode.<\/span><\/p>\n<p data-start=\"1363\" data-end=\"1461\"><span style=\"font-size: x-large;\"><span data-start=\"1363\" data-end=\"1411\">Dimensions de la feuille : 33,5 cm \u00d7 28,7 cm<\/span><br data-start=\"1411\" data-end=\"1414\" \/><span data-start=\"1414\" data-end=\"1459\">Dimensions de l\u2019image : 23,5 cm \u00d7 18,7 cm<\/span><\/span><\/p>\n","protected":false},"excerpt":{"rendered":"<p data-start=\"253\" data-end=\"716\">Belle <strong data-start=\"259\" data-end=\"323\">h\u00e9liogravure ancienne d\u2019apr\u00e8s Rembrandt van Rijn (1606-1669)<\/strong> repr\u00e9sentant la <strong data-start=\"340\" data-end=\"375\">Pr\u00e9sentation de J\u00e9sus au Temple<\/strong>, c\u00e9l\u00e8bre sc\u00e8ne biblique de l\u2019\u00c9vangile selon saint Luc. L\u2019\u0153uvre met en sc\u00e8ne Sim\u00e9on recevant l\u2019Enfant J\u00e9sus dans le temple de J\u00e9rusalem, composition dramatique rendue par le clair-obscur caract\u00e9ristique du ma\u00eetre hollandais. Tirage ancien en h\u00e9liogravure de grande qualit\u00e9 r\u00e9alis\u00e9 au XIX\u1d49 si\u00e8cle. Belle \u00e9preuve sur papier fort avec marges.<\/p>\n<p data-start=\"718\" data-end=\"810\"><strong data-start=\"718\" data-end=\"763\">Dimensions de la feuille : 33,5 \u00d7 28,7 cm<\/strong><br data-start=\"763\" data-end=\"766\" \/><strong data-start=\"766\" data-end=\"808\">Dimensions de l\u2019image : 23,5 \u00d7 18,7 cm<\/strong><\/p>\n<p data-start=\"812\" data-end=\"953\">Bon \u00e9tat g\u00e9n\u00e9ral avec l\u00e9g\u00e8res traces du temps. Gravure id\u00e9ale pour collectionneur d\u2019art ancien, amateur de Rembrandt ou d\u00e9coration classique.<\/p>\n","protected":false},"featured_media":1341,"comment_status":"open","ping_status":"closed","template":"","meta":[],"product_brand":[],"product_cat":[557,521,556,598],"product_tag":[624,644,645,622,626,642,144,614,616],"class_list":{"0":"post-1340","1":"product","2":"type-product","3":"status-publish","4":"has-post-thumbnail","6":"product_cat-artistes-2","7":"product_cat-gravures-xix-siecle","8":"product_cat-heliogravures","9":"product_cat-rembrandt-van-rijn-1606-1669","10":"product_tag-19th-century-engraving","11":"product_tag-biblical-engraving","12":"product_tag-biblical-scene-print","13":"product_tag-dutch-master-print","14":"product_tag-old-master-engraving","15":"product_tag-presentation-of-jesus-in-the-temple","16":"product_tag-rembrandt","17":"product_tag-rembrandt-engraving","18":"product_tag-rembrandt-heliogravure","20":"first","21":"instock","22":"shipping-taxable","23":"purchasable","24":"product-type-simple"},"_links":{"self":[{"href":"https:\/\/artculture6.com\/index.php\/wp-json\/wp\/v2\/product\/1340","targetHints":{"allow":["GET"]}}],"collection":[{"href":"https:\/\/artculture6.com\/index.php\/wp-json\/wp\/v2\/product"}],"about":[{"href":"https:\/\/artculture6.com\/index.php\/wp-json\/wp\/v2\/types\/product"}],"replies":[{"embeddable":true,"href":"https:\/\/artculture6.com\/index.php\/wp-json\/wp\/v2\/comments?post=1340"}],"wp:featuredmedia":[{"embeddable":true,"href":"https:\/\/artculture6.com\/index.php\/wp-json\/wp\/v2\/media\/1341"}],"wp:attachment":[{"href":"https:\/\/artculture6.com\/index.php\/wp-json\/wp\/v2\/media?parent=1340"}],"wp:term":[{"taxonomy":"product_brand","embeddable":true,"href":"https:\/\/artculture6.com\/index.php\/wp-json\/wp\/v2\/product_brand?post=1340"},{"taxonomy":"product_cat","embeddable":true,"href":"https:\/\/artculture6.com\/index.php\/wp-json\/wp\/v2\/product_cat?post=1340"},{"taxonomy":"product_tag","embeddable":true,"href":"https:\/\/artculture6.com\/index.php\/wp-json\/wp\/v2\/product_tag?post=1340"}],"curies":[{"name":"wp","href":"https:\/\/api.w.org\/{rel}","templated":true}]}}