{"id":1325,"date":"2026-03-12T00:48:27","date_gmt":"2026-03-12T00:48:27","guid":{"rendered":"https:\/\/artculture6.com\/?post_type=product&#038;p=1325"},"modified":"2026-03-12T00:58:16","modified_gmt":"2026-03-12T00:58:16","slug":"apres-rembrandt-portrait-dun-adolescent-heliogravure-braun-clement-1898-print","status":"publish","type":"product","link":"https:\/\/artculture6.com\/index.php\/product\/apres-rembrandt-portrait-dun-adolescent-heliogravure-braun-clement-1898-print\/","title":{"rendered":"Apr\u00e8s Rembrandt portrait d&rsquo;un adolescent Heliogravure Braun Cl\u00e9ment 1898 Print"},"content":{"rendered":"<p style=\"font-weight: 400;\">R\u00e9f\u00e9rence\u00a0B3290R789L048<\/p>\n<p style=\"font-weight: 400;\" data-end=\"283\" data-start=\"96\">Belle h\u00e9liogravure d\u2019apr\u00e8s Rembrandt repr\u00e9sentant le portrait d\u2019un adolescent, \u00e9dit\u00e9e par Braun, Cl\u00e9ment &amp; Cie en 1898. Cette estampe reproduit une \u0153uvre du grand ma\u00eetre hollandais Rembrandt van Rijn (1606-1669), l\u2019un des plus importants peintres et graveurs du XVII\u1d49 si\u00e8cle. La qualit\u00e9 du tirage met particuli\u00e8rement en valeur les nuances et les contrastes caract\u00e9ristiques de la peinture du ma\u00eetre. Les \u00e9ditions Braun, Cl\u00e9ment &amp; Cie, c\u00e9l\u00e8bres \u00e0 la fin du XIX\u1d49 si\u00e8cle, \u00e9taient reconnues pour la finesse de leurs h\u00e9liogravures destin\u00e9es \u00e0 diffuser les \u0153uvres des grands mus\u00e9es europ\u00e9ens et des ma\u00eetres anciens. Dimensions de la feuille : 33,3 cm \u00d7 29,7 cm. Dimensions de la gravure : 23,4 cm \u00d7 19,7 cm. Belle \u00e9preuve ancienne aux tonalit\u00e9s profondes et au rendu tr\u00e8s pr\u00e9cis, typique des h\u00e9liogravures Braun de la fin du XIX\u1d49 si\u00e8cle.<\/p>\n","protected":false},"excerpt":{"rendered":"<p data-start=\"420\" data-end=\"552\">Belle <strong data-start=\"426\" data-end=\"460\">h\u00e9liogravure d\u2019apr\u00e8s Rembrandt<\/strong>, repr\u00e9sentant le <strong data-start=\"478\" data-end=\"506\">portrait d\u2019un adolescent<\/strong>, \u00e9dit\u00e9e par <strong data-start=\"519\" data-end=\"551\">Braun, Cl\u00e9ment &amp; Cie en 1898<\/strong>.<\/p>\n<p data-start=\"554\" data-end=\"739\">La maison Braun fut l\u2019un des plus grands \u00e9diteurs d\u2019h\u00e9liogravures d\u2019art en Europe \u00e0 la fin du XIX\u1d49 si\u00e8cle, produisant des reproductions de grande qualit\u00e9 des \u0153uvres des ma\u00eetres anciens.<\/p>\n<p data-start=\"741\" data-end=\"811\">Dimensions :<br data-start=\"753\" data-end=\"756\" \/>Feuille <strong data-start=\"764\" data-end=\"782\">33,3 \u00d7 29,7 cm<\/strong><br data-start=\"782\" data-end=\"785\" \/>Gravure <strong data-start=\"793\" data-end=\"811\">23,4 \u00d7 19,7 cm<\/strong><\/p>\n<p data-start=\"813\" data-end=\"913\">Belle \u00e9preuve ancienne aux tonalit\u00e9s profondes caract\u00e9ristiques des <strong data-start=\"881\" data-end=\"912\">h\u00e9liogravures Braun Cl\u00e9ment<\/strong>.<\/p>\n","protected":false},"featured_media":1326,"comment_status":"open","ping_status":"closed","template":"","meta":[],"product_brand":[],"product_cat":[557,521,556,598],"product_tag":[601],"class_list":{"0":"post-1325","1":"product","2":"type-product","3":"status-publish","4":"has-post-thumbnail","6":"product_cat-artistes-2","7":"product_cat-gravures-xix-siecle","8":"product_cat-heliogravures","9":"product_cat-rembrandt-van-rijn-1606-1669","10":"product_tag-rembrandt-heliogravure-braun-clement-rembrandt-print-dutch-master","12":"first","13":"instock","14":"shipping-taxable","15":"purchasable","16":"product-type-simple"},"_links":{"self":[{"href":"https:\/\/artculture6.com\/index.php\/wp-json\/wp\/v2\/product\/1325","targetHints":{"allow":["GET"]}}],"collection":[{"href":"https:\/\/artculture6.com\/index.php\/wp-json\/wp\/v2\/product"}],"about":[{"href":"https:\/\/artculture6.com\/index.php\/wp-json\/wp\/v2\/types\/product"}],"replies":[{"embeddable":true,"href":"https:\/\/artculture6.com\/index.php\/wp-json\/wp\/v2\/comments?post=1325"}],"wp:featuredmedia":[{"embeddable":true,"href":"https:\/\/artculture6.com\/index.php\/wp-json\/wp\/v2\/media\/1326"}],"wp:attachment":[{"href":"https:\/\/artculture6.com\/index.php\/wp-json\/wp\/v2\/media?parent=1325"}],"wp:term":[{"taxonomy":"product_brand","embeddable":true,"href":"https:\/\/artculture6.com\/index.php\/wp-json\/wp\/v2\/product_brand?post=1325"},{"taxonomy":"product_cat","embeddable":true,"href":"https:\/\/artculture6.com\/index.php\/wp-json\/wp\/v2\/product_cat?post=1325"},{"taxonomy":"product_tag","embeddable":true,"href":"https:\/\/artculture6.com\/index.php\/wp-json\/wp\/v2\/product_tag?post=1325"}],"curies":[{"name":"wp","href":"https:\/\/api.w.org\/{rel}","templated":true}]}}