{"id":1320,"date":"2026-03-10T23:31:23","date_gmt":"2026-03-10T23:31:23","guid":{"rendered":"https:\/\/artculture6.com\/?post_type=product&#038;p=1320"},"modified":"2026-03-12T01:02:16","modified_gmt":"2026-03-12T01:02:16","slug":"vitrolles-le-chateau-bouches-du-rhone-gravure-vers-1942-provence-france","status":"publish","type":"product","link":"https:\/\/artculture6.com\/index.php\/product\/vitrolles-le-chateau-bouches-du-rhone-gravure-vers-1942-provence-france\/","title":{"rendered":"Vitrolles le ch\u00e2teau Bouches-du-Rh\u00f4ne gravure vers 1942 Provence France"},"content":{"rendered":"<p style=\"font-weight: 400;\">R\u00e9f\u00e9rence\u00a0B1705R626L95-22<\/p>\n<p style=\"font-weight: 400;\">Je vous propose cette gravure :<\/p>\n<p style=\"font-weight: 400;\">Vitrolles le ch\u00e2teau Bouches-du-Rh\u00f4ne gravure vers 1942 Provence.<\/p>\n<p style=\"font-weight: 400;\">La feuille fait 32,6 cm par 24,7 cm. La gravure seule mesure 24 cm par 18,2 cm. Superbe.<\/p>\n","protected":false},"excerpt":{"rendered":"<p data-start=\"361\" data-end=\"587\">Gravure repr\u00e9sentant <strong data-start=\"382\" data-end=\"410\">Vitrolles et son ch\u00e2teau<\/strong>, dans les <strong data-start=\"421\" data-end=\"453\">Bouches-du-Rh\u00f4ne en Provence<\/strong>, dat\u00e9e <strong data-start=\"461\" data-end=\"474\">vers 1942<\/strong>.<br data-start=\"475\" data-end=\"478\" \/>La composition montre le paysage proven\u00e7al avec ses oliviers et la silhouette du ch\u00e2teau dominant le village.<\/p>\n<p data-start=\"589\" data-end=\"657\">Dimensions :<br data-start=\"601\" data-end=\"604\" \/>Feuille <strong data-start=\"612\" data-end=\"630\">32,6 \u00d7 24,7 cm<\/strong><br data-start=\"630\" data-end=\"633\" \/>Gravure <strong data-start=\"641\" data-end=\"657\">24 \u00d7 18,2 cm<\/strong><\/p>\n<p data-start=\"659\" data-end=\"742\">Belle \u00e9preuve ancienne au caract\u00e8re d\u00e9coratif typique des paysages de <strong data-start=\"729\" data-end=\"741\">Provence<\/strong>.<\/p>\n","protected":false},"featured_media":1321,"comment_status":"open","ping_status":"closed","template":"","meta":[],"product_brand":[],"product_cat":[396],"product_tag":[606,609,613,608,611,605,607,612,610,602,604,603],"class_list":{"0":"post-1320","1":"product","2":"type-product","3":"status-publish","4":"has-post-thumbnail","6":"product_cat-bouches-du-rhone","7":"product_tag-bouches-du-rhone","8":"product_tag-france-engraving","9":"product_tag-french-countryside-print","10":"product_tag-french-landscape-print","11":"product_tag-provence-artwork","12":"product_tag-provence-engraving","13":"product_tag-provence-landscape","14":"product_tag-south-of-france-print","15":"product_tag-vintage-provence-print","16":"product_tag-vitrolles","17":"product_tag-vitrolles-castle","18":"product_tag-vitrolles-provence","20":"first","21":"instock","22":"shipping-taxable","23":"purchasable","24":"product-type-simple"},"_links":{"self":[{"href":"https:\/\/artculture6.com\/index.php\/wp-json\/wp\/v2\/product\/1320","targetHints":{"allow":["GET"]}}],"collection":[{"href":"https:\/\/artculture6.com\/index.php\/wp-json\/wp\/v2\/product"}],"about":[{"href":"https:\/\/artculture6.com\/index.php\/wp-json\/wp\/v2\/types\/product"}],"replies":[{"embeddable":true,"href":"https:\/\/artculture6.com\/index.php\/wp-json\/wp\/v2\/comments?post=1320"}],"wp:featuredmedia":[{"embeddable":true,"href":"https:\/\/artculture6.com\/index.php\/wp-json\/wp\/v2\/media\/1321"}],"wp:attachment":[{"href":"https:\/\/artculture6.com\/index.php\/wp-json\/wp\/v2\/media?parent=1320"}],"wp:term":[{"taxonomy":"product_brand","embeddable":true,"href":"https:\/\/artculture6.com\/index.php\/wp-json\/wp\/v2\/product_brand?post=1320"},{"taxonomy":"product_cat","embeddable":true,"href":"https:\/\/artculture6.com\/index.php\/wp-json\/wp\/v2\/product_cat?post=1320"},{"taxonomy":"product_tag","embeddable":true,"href":"https:\/\/artculture6.com\/index.php\/wp-json\/wp\/v2\/product_tag?post=1320"}],"curies":[{"name":"wp","href":"https:\/\/api.w.org\/{rel}","templated":true}]}}