{"id":132,"date":"2026-02-23T06:38:42","date_gmt":"2026-02-23T06:38:42","guid":{"rendered":"http:\/\/tbmglwe.cluster100.hosting.ovh.net\/?post_type=product&#038;p=132"},"modified":"2026-03-08T18:07:23","modified_gmt":"2026-03-08T18:07:23","slug":"charles-nungesser-1892-1927-autographe-et-portrait-a-lencre-par-carbi-signe","status":"publish","type":"product","link":"https:\/\/artculture6.com\/index.php\/product\/charles-nungesser-1892-1927-autographe-et-portrait-a-lencre-par-carbi-signe\/","title":{"rendered":"Charles Nungesser (1892\u20131927) autographe et Portrait \u00e0 l\u2019encre par Carbi sign\u00e9"},"content":{"rendered":"<p><span style=\"font-size: x-large;\">R\u00e9f\u00e9rence\u00a0<\/span>B2798R780<\/p>\n<div><span style=\"font-size: x-large;\">Je vous propose ce rare dessin \u00e0 l&rsquo;encre portrait original \u00e0 l\u2019encre repr\u00e9sentant l\u2019aviateur fran\u00e7ais\u00a0<span data-start=\"317\" data-end=\"350\">Charles Nungesser (1892\u20131927)<\/span>, figur\u00e9 en tenue de pilote (casque et lunettes). Aviateur l\u00e9gendaire et as de la Premi\u00e8re Guerre mondiale, il disparut le 8 mai 1927 lors d\u2019une tentative de travers\u00e9e de l\u2019Atlantique avec Fran\u00e7ois Coli \u00e0 bord de\u00a0<em data-start=\"563\" data-end=\"579\">L\u2019Oiseau Blanc<\/em>.<\/span><\/div>\n<p data-start=\"584\" data-end=\"895\"><span style=\"font-size: x-large;\">Le dessin est sign\u00e9\u00a0<span data-start=\"604\" data-end=\"613\">Carbi<\/span>, pseudonyme de\u00a0<span data-start=\"629\" data-end=\"657\">Joseph Abric (1911\u20131978)<\/span>, futur caricaturiste reconnu, qui r\u00e9alisait des portraits de personnalit\u00e9s et les faisait signer. La feuille porte ici la\u00a0<span data-start=\"780\" data-end=\"834\">signature autographe originale \u201cCharles Nungesser\u201d<\/span>, accompagn\u00e9e de l\u2019inscription \u201cNUNGESSER\u201d en partie haute.<\/span><\/p>\n<p data-start=\"897\" data-end=\"1241\"><span style=\"font-size: x-large;\">Trait \u00e9nergique et expressif par hachures, typique des portraits d\u2019hommage de l\u2019entre-deux-guerres, ex\u00e9cut\u00e9 sur papier ancien. Dimensions :\u00a0<span data-start=\"1037\" data-end=\"1053\">19,6 \u00d7 13 cm<\/span>. On note la pr\u00e9sence de\u00a0<span data-start=\"1078\" data-end=\"1109\">trous de punaise aux angles<\/span>\u00a0ainsi que des\u00a0<span data-start=\"1124\" data-end=\"1162\">traces de mouillure et alt\u00e9rations<\/span>\u00a0coh\u00e9rentes avec l\u2019\u00e2ge, sans nuire \u00e0 la lisibilit\u00e9 ni \u00e0 la force du portrait.<\/span><\/p>\n<p data-start=\"1243\" data-end=\"1354\"><span style=\"font-size: x-large;\">Pi\u00e8ce rare et recherch\u00e9e, r\u00e9unissant art graphique et autographe d\u2019une figure mythique de l\u2019aviation fran\u00e7aise.<\/span><\/p>\n","protected":false},"excerpt":{"rendered":"<p>Portrait \u00e0 l\u2019encre par Joseph Abric dit Carbi, avec autographe original de Charles Nungesser (1892\u20131927), disparu lors de la tentative de travers\u00e9e de l\u2019Atlantique avec Fran\u00e7ois Coli. 19,6 \u00d7 13 cm. Traces d\u2019usage d\u2019\u00e9poque.<\/p>\n","protected":false},"featured_media":136,"comment_status":"open","ping_status":"closed","template":"","meta":[],"product_brand":[],"product_cat":[334,342,384,199,508],"product_tag":[119,115,118,117,113,122,124,121,125,114,116,123,120],"class_list":{"0":"post-132","1":"product","2":"type-product","3":"status-publish","4":"has-post-thumbnail","6":"product_cat-aviation","7":"product_cat-dessins","8":"product_cat-histoire-xx-siecle","9":"product_cat-par-categories-2","10":"product_cat-premiere-guerre-mondiale-14-18","11":"product_tag-as-de-guerre","12":"product_tag-autographe-original","13":"product_tag-aviateur-francais","14":"product_tag-aviation-francaise","15":"product_tag-charles-nungesser","16":"product_tag-francois-coli","17":"product_tag-histoire-aviation","18":"product_tag-loiseau-blanc","19":"product_tag-militaria","20":"product_tag-nungesser","21":"product_tag-signature-originale","22":"product_tag-traversee-atlantique-1927","23":"product_tag-ww1-aviation-premiere-guerre-mondiale","25":"first","26":"instock","27":"shipping-taxable","28":"purchasable","29":"product-type-simple"},"_links":{"self":[{"href":"https:\/\/artculture6.com\/index.php\/wp-json\/wp\/v2\/product\/132","targetHints":{"allow":["GET"]}}],"collection":[{"href":"https:\/\/artculture6.com\/index.php\/wp-json\/wp\/v2\/product"}],"about":[{"href":"https:\/\/artculture6.com\/index.php\/wp-json\/wp\/v2\/types\/product"}],"replies":[{"embeddable":true,"href":"https:\/\/artculture6.com\/index.php\/wp-json\/wp\/v2\/comments?post=132"}],"wp:featuredmedia":[{"embeddable":true,"href":"https:\/\/artculture6.com\/index.php\/wp-json\/wp\/v2\/media\/136"}],"wp:attachment":[{"href":"https:\/\/artculture6.com\/index.php\/wp-json\/wp\/v2\/media?parent=132"}],"wp:term":[{"taxonomy":"product_brand","embeddable":true,"href":"https:\/\/artculture6.com\/index.php\/wp-json\/wp\/v2\/product_brand?post=132"},{"taxonomy":"product_cat","embeddable":true,"href":"https:\/\/artculture6.com\/index.php\/wp-json\/wp\/v2\/product_cat?post=132"},{"taxonomy":"product_tag","embeddable":true,"href":"https:\/\/artculture6.com\/index.php\/wp-json\/wp\/v2\/product_tag?post=132"}],"curies":[{"name":"wp","href":"https:\/\/api.w.org\/{rel}","templated":true}]}}